{"id":203248,"date":"2025-03-21T14:44:12","date_gmt":"2025-03-21T14:44:12","guid":{"rendered":"https:\/\/aromasentia.com\/product\/hand-knited-hemp-cotton-boho-festival-hat-rainbow\/"},"modified":"2025-06-22T04:14:19","modified_gmt":"2025-06-22T04:14:19","slug":"haandstrikket-boho-festival-hat-i-hamp-og-bomuld-rainbow","status":"publish","type":"product","link":"https:\/\/aromasentia.com\/da\/haandstrikket-boho-festival-hat-i-hamp-og-bomuld-rainbow\/","title":{"rendered":"H\u00e5ndstrikket Boho Festival Hat I Hamp Og Bomuld &#8211; Rainbow"},"content":{"rendered":"<p><span style=\"color: rgb(75, 80, 88);\"><strong>Opdag en fantastisk kollektion af hamp- og bomulds-boho-festivalhatte,<\/strong> perfekte til at tilf\u00f8je et strejf af sommerstemning til din butiks udvalg!<\/span><\/p>\n<p><span style=\"color: rgb(75, 80, 88);\">Tilf\u00f8j et strejf af farve til din sommerkollektion med disse <strong>h\u00e5ndstrikkede hamp- og bomulds-boho-festivalhatte i regnbuefarver<\/strong>. Hver hat er et levende mesterv\u00e6rk, h\u00e5ndstrikket for at udstr\u00e5le festlighedernes \u00e5nd. Med et farverigt udvalg er disse hatte perfekte til dem, der s\u00f8ger et strejf af lune og individualitet. Dine kunder vil elske, hvordan disse hatte lyser deres sommeroutfit op og bringer gl\u00e6de til enhver festival eller stranddag.<\/span> <\/p>\n","protected":false},"excerpt":{"rendered":"<p>Opdag en fantastisk kollektion af hamp- og bomulds-boho-festivalhatte, perfekte til at tilf\u00f8je et strejf af sommerstemning til din butiks udvalg! Tilf\u00f8j et strejf af farve til din sommerkollektion med disse h\u00e5ndstrikkede hamp- og bomulds-boho-festivalhatte i regnbuefarver. Hver hat er et levende mesterv\u00e6rk, h\u00e5ndstrikket for at udstr\u00e5le festlighedernes \u00e5nd. Med et farverigt udvalg er disse hatte [&hellip;]<\/p>\n","protected":false},"featured_media":323009,"comment_status":"closed","ping_status":"open","template":"","meta":{"_angie_page":false},"product_brand":[],"product_cat":[26596,25831],"product_tag":[],"class_list":{"0":"post-203248","1":"product","2":"type-product","3":"status-publish","4":"has-post-thumbnail","6":"product_cat-hatte","7":"product_cat-toj","8":"pa_collection-hemp-and-cotton-hats-da","9":"pa_made-in-nepal","11":"first","12":"instock","13":"purchasable","14":"product-type-simple"},"supplier_id":null,"supplier_sku":"HempH-02","barcode":null,"atum_controlled":true,"out_stock_date":null,"out_stock_threshold":null,"inheritable":false,"inbound_stock":null,"stock_on_hold":0,"sold_today":0,"sales_last_days":0,"reserved_stock":null,"customer_returns":null,"warehouse_damage":null,"lost_in_post":null,"other_logs":null,"out_stock_days":0,"lost_sales":0,"has_location":null,"update_date":"2026-05-08T05:10:48","atum_locations":[],"atum_stock_status":"instock","restock_status":false,"low_stock_amount":"","sales_update_date":"2026-01-20T05:13:40","calc_backorders":null,"_links":{"self":[{"href":"https:\/\/aromasentia.com\/da\/wp-json\/wp\/v2\/product\/203248","targetHints":{"allow":["GET"]}}],"collection":[{"href":"https:\/\/aromasentia.com\/da\/wp-json\/wp\/v2\/product"}],"about":[{"href":"https:\/\/aromasentia.com\/da\/wp-json\/wp\/v2\/types\/product"}],"replies":[{"embeddable":true,"href":"https:\/\/aromasentia.com\/da\/wp-json\/wp\/v2\/comments?post=203248"}],"version-history":[{"count":0,"href":"https:\/\/aromasentia.com\/da\/wp-json\/wp\/v2\/product\/203248\/revisions"}],"wp:featuredmedia":[{"embeddable":true,"href":"https:\/\/aromasentia.com\/da\/wp-json\/wp\/v2\/media\/323009"}],"wp:attachment":[{"href":"https:\/\/aromasentia.com\/da\/wp-json\/wp\/v2\/media?parent=203248"}],"wp:term":[{"taxonomy":"product_brand","embeddable":true,"href":"https:\/\/aromasentia.com\/da\/wp-json\/wp\/v2\/product_brand?post=203248"},{"taxonomy":"product_cat","embeddable":true,"href":"https:\/\/aromasentia.com\/da\/wp-json\/wp\/v2\/product_cat?post=203248"},{"taxonomy":"product_tag","embeddable":true,"href":"https:\/\/aromasentia.com\/da\/wp-json\/wp\/v2\/product_tag?post=203248"}],"curies":[{"name":"wp","href":"https:\/\/api.w.org\/{rel}","templated":true}]}}