{"id":203246,"date":"2025-03-21T14:44:12","date_gmt":"2025-03-21T14:44:12","guid":{"rendered":"https:\/\/aromasentia.com\/product\/extra-pure-hemp-bum-fanny-bag\/"},"modified":"2025-06-22T04:14:17","modified_gmt":"2025-06-22T04:14:17","slug":"bum-fanny-taske-af-ekstra-ren-hamp","status":"publish","type":"product","link":"https:\/\/aromasentia.com\/da\/bum-fanny-taske-af-ekstra-ren-hamp\/","title":{"rendered":"Bum\/Fanny-Taske Af Ekstra Ren Hamp"},"content":{"rendered":"<p>G\u00e5 helt naturligt til v\u00e6rks med denne Extra Pure Hemp Bum\/Fanny Bag. Denne b\u00e6ltetaske er fremstillet af 100 % ren hamp og l\u00e6gger v\u00e6gt p\u00e5 b\u00e6redygtighed og holdbarhed. Dens robuste konstruktion og naturlige fibre g\u00f8r den til et us\u00e6dvanligt milj\u00f8venligt valg til at b\u00e6re dine vigtigste ting h\u00e5ndfrit. Den er perfekt til den milj\u00f8bevidste person og har et rustikt, jordn\u00e6rt udtryk kombineret med den praktiske bekvemmelighed ved en b\u00e6ltetaske til alle dine eventyr, store som sm\u00e5, og sikrer, at dine ting er i sikkerhed.<\/p>\n","protected":false},"excerpt":{"rendered":"<p>G\u00e5 helt naturligt til v\u00e6rks med denne Extra Pure Hemp Bum\/Fanny Bag. Denne b\u00e6ltetaske er fremstillet af 100 % ren hamp og l\u00e6gger v\u00e6gt p\u00e5 b\u00e6redygtighed og holdbarhed. Dens robuste konstruktion og naturlige fibre g\u00f8r den til et us\u00e6dvanligt milj\u00f8venligt valg til at b\u00e6re dine vigtigste ting h\u00e5ndfrit. Den er perfekt til den milj\u00f8bevidste person [&hellip;]<\/p>\n","protected":false},"featured_media":322975,"comment_status":"closed","ping_status":"open","template":"","meta":{"_angie_page":false},"product_brand":[],"product_cat":[7878,7861],"product_tag":[],"class_list":{"0":"post-203246","1":"product","2":"type-product","3":"status-publish","4":"has-post-thumbnail","6":"product_cat-bomuldstasker-og-skuldertasker-nepal","7":"product_cat-tasker-og-rygsaekke","8":"pa_collection-pure-hemp-and-cotton-bags-da","9":"pa_made-in-nepal","11":"first","12":"instock","13":"purchasable","14":"product-type-simple"},"supplier_id":null,"supplier_sku":"HempB-50","barcode":null,"atum_controlled":true,"out_stock_date":null,"out_stock_threshold":null,"inheritable":false,"inbound_stock":null,"stock_on_hold":0,"sold_today":0,"sales_last_days":0,"reserved_stock":null,"customer_returns":null,"warehouse_damage":null,"lost_in_post":null,"other_logs":null,"out_stock_days":0,"lost_sales":0,"has_location":null,"update_date":"2026-04-27T07:07:04","atum_locations":[],"atum_stock_status":"instock","restock_status":false,"low_stock_amount":"","sales_update_date":"2026-01-30T01:24:47","calc_backorders":null,"_links":{"self":[{"href":"https:\/\/aromasentia.com\/da\/wp-json\/wp\/v2\/product\/203246","targetHints":{"allow":["GET"]}}],"collection":[{"href":"https:\/\/aromasentia.com\/da\/wp-json\/wp\/v2\/product"}],"about":[{"href":"https:\/\/aromasentia.com\/da\/wp-json\/wp\/v2\/types\/product"}],"replies":[{"embeddable":true,"href":"https:\/\/aromasentia.com\/da\/wp-json\/wp\/v2\/comments?post=203246"}],"version-history":[{"count":0,"href":"https:\/\/aromasentia.com\/da\/wp-json\/wp\/v2\/product\/203246\/revisions"}],"wp:featuredmedia":[{"embeddable":true,"href":"https:\/\/aromasentia.com\/da\/wp-json\/wp\/v2\/media\/322975"}],"wp:attachment":[{"href":"https:\/\/aromasentia.com\/da\/wp-json\/wp\/v2\/media?parent=203246"}],"wp:term":[{"taxonomy":"product_brand","embeddable":true,"href":"https:\/\/aromasentia.com\/da\/wp-json\/wp\/v2\/product_brand?post=203246"},{"taxonomy":"product_cat","embeddable":true,"href":"https:\/\/aromasentia.com\/da\/wp-json\/wp\/v2\/product_cat?post=203246"},{"taxonomy":"product_tag","embeddable":true,"href":"https:\/\/aromasentia.com\/da\/wp-json\/wp\/v2\/product_tag?post=203246"}],"curies":[{"name":"wp","href":"https:\/\/api.w.org\/{rel}","templated":true}]}}