{"id":203244,"date":"2025-03-21T14:44:12","date_gmt":"2025-03-21T14:44:12","guid":{"rendered":"https:\/\/aromasentia.com\/product\/cotton-hemp-style-belt-or-fanny-bag-wine\/"},"modified":"2025-06-22T04:14:16","modified_gmt":"2025-06-22T04:14:16","slug":"baeltetaske-eller-baeltetaske-i-bomuldshamp-vin","status":"publish","type":"product","link":"https:\/\/aromasentia.com\/da\/baeltetaske-eller-baeltetaske-i-bomuldshamp-vin\/","title":{"rendered":"B\u00e6ltetaske (Eller B\u00e6ltetaske) I Bomuldshamp &#8211; Vin"},"content":{"rendered":"<p>V\u00e6lg en praktisk stil med denne Cotton Hemp Style Belt (eller Fanny) Bag &#8211; Wine. Denne alsidige b\u00e6ltetaske i en flot vinr\u00f8d farve er fremstillet af en behagelig bomuldsblanding med et holdbart hampelignende udseende. Den giver en sikker og praktisk m\u00e5de at b\u00e6re dine sm\u00e5 n\u00f8dvendigheder h\u00e5ndfrit p\u00e5, perfekt til udflugter, rejser eller daglig brug. Den dybe vinfarve giver et strejf af sofistikeret farve til dette funktionelle og \u00f8ko-inspirerede tilbeh\u00f8r, der er nemt at have med p\u00e5 farten.<\/p>\n","protected":false},"excerpt":{"rendered":"<p>V\u00e6lg en praktisk stil med denne Cotton Hemp Style Belt (eller Fanny) Bag &#8211; Wine. Denne alsidige b\u00e6ltetaske i en flot vinr\u00f8d farve er fremstillet af en behagelig bomuldsblanding med et holdbart hampelignende udseende. Den giver en sikker og praktisk m\u00e5de at b\u00e6re dine sm\u00e5 n\u00f8dvendigheder h\u00e5ndfrit p\u00e5, perfekt til udflugter, rejser eller daglig brug. [&hellip;]<\/p>\n","protected":false},"featured_media":322941,"comment_status":"closed","ping_status":"open","template":"","meta":{"_angie_page":false},"product_brand":[],"product_cat":[7878,7861],"product_tag":[],"class_list":{"0":"post-203244","1":"product","2":"type-product","3":"status-publish","4":"has-post-thumbnail","6":"product_cat-bomuldstasker-og-skuldertasker-nepal","7":"product_cat-tasker-og-rygsaekke","8":"pa_collection-pure-hemp-and-cotton-bags-da","9":"pa_made-in-nepal","11":"first","12":"instock","13":"purchasable","14":"product-type-simple"},"supplier_id":null,"supplier_sku":"HempB-48","barcode":null,"atum_controlled":true,"out_stock_date":null,"out_stock_threshold":null,"inheritable":false,"inbound_stock":null,"stock_on_hold":0,"sold_today":0,"sales_last_days":0,"reserved_stock":null,"customer_returns":null,"warehouse_damage":null,"lost_in_post":null,"other_logs":null,"out_stock_days":0,"lost_sales":0,"has_location":null,"update_date":"2026-05-08T05:10:48","atum_locations":[],"atum_stock_status":"instock","restock_status":false,"low_stock_amount":"","sales_update_date":"2026-01-30T01:25:49","calc_backorders":null,"_links":{"self":[{"href":"https:\/\/aromasentia.com\/da\/wp-json\/wp\/v2\/product\/203244","targetHints":{"allow":["GET"]}}],"collection":[{"href":"https:\/\/aromasentia.com\/da\/wp-json\/wp\/v2\/product"}],"about":[{"href":"https:\/\/aromasentia.com\/da\/wp-json\/wp\/v2\/types\/product"}],"replies":[{"embeddable":true,"href":"https:\/\/aromasentia.com\/da\/wp-json\/wp\/v2\/comments?post=203244"}],"version-history":[{"count":0,"href":"https:\/\/aromasentia.com\/da\/wp-json\/wp\/v2\/product\/203244\/revisions"}],"wp:featuredmedia":[{"embeddable":true,"href":"https:\/\/aromasentia.com\/da\/wp-json\/wp\/v2\/media\/322941"}],"wp:attachment":[{"href":"https:\/\/aromasentia.com\/da\/wp-json\/wp\/v2\/media?parent=203244"}],"wp:term":[{"taxonomy":"product_brand","embeddable":true,"href":"https:\/\/aromasentia.com\/da\/wp-json\/wp\/v2\/product_brand?post=203244"},{"taxonomy":"product_cat","embeddable":true,"href":"https:\/\/aromasentia.com\/da\/wp-json\/wp\/v2\/product_cat?post=203244"},{"taxonomy":"product_tag","embeddable":true,"href":"https:\/\/aromasentia.com\/da\/wp-json\/wp\/v2\/product_tag?post=203244"}],"curies":[{"name":"wp","href":"https:\/\/api.w.org\/{rel}","templated":true}]}}