{"id":203243,"date":"2025-03-21T14:44:12","date_gmt":"2025-03-21T14:44:12","guid":{"rendered":"https:\/\/aromasentia.com\/product\/cotton-hemp-style-belt-or-fanny-bag-sage\/"},"modified":"2025-06-22T04:14:16","modified_gmt":"2025-06-22T04:14:16","slug":"baeltetaske-eller-baeltetaske-i-bomuldshamp-salvie","status":"publish","type":"product","link":"https:\/\/aromasentia.com\/da\/baeltetaske-eller-baeltetaske-i-bomuldshamp-salvie\/","title":{"rendered":"B\u00e6ltetaske (Eller B\u00e6ltetaske) I Bomuldshamp &#8211; Salvie"},"content":{"rendered":"<p>B\u00e6r nemt dine forn\u00f8denheder i denne b\u00e6ltetaske (eller b\u00e6ltetaske) i bomuldshampe-stil &#8211; Sage. Denne funktionelle b\u00e6ltetaske i en beroligende salviegr\u00f8n har en blanding af bomuldskomfort og hampelignende holdbarhed. Den er designet til at blive b\u00e5ret rundt om livet og holder din telefon, pung og n\u00f8gler sikre og let tilg\u00e6ngelige. Den er ideel til aktive dage, rejser eller n\u00e5r som helst, du gerne vil have h\u00e6nderne fri, og den kombinerer praktisk design med et strejf af jordn\u00e6r, naturlig farve.<\/p>\n","protected":false},"excerpt":{"rendered":"<p>B\u00e6r nemt dine forn\u00f8denheder i denne b\u00e6ltetaske (eller b\u00e6ltetaske) i bomuldshampe-stil &#8211; Sage. Denne funktionelle b\u00e6ltetaske i en beroligende salviegr\u00f8n har en blanding af bomuldskomfort og hampelignende holdbarhed. Den er designet til at blive b\u00e5ret rundt om livet og holder din telefon, pung og n\u00f8gler sikre og let tilg\u00e6ngelige. Den er ideel til aktive dage, [&hellip;]<\/p>\n","protected":false},"featured_media":322924,"comment_status":"closed","ping_status":"open","template":"","meta":{"_angie_page":false},"product_brand":[],"product_cat":[7878,7861],"product_tag":[],"class_list":{"0":"post-203243","1":"product","2":"type-product","3":"status-publish","4":"has-post-thumbnail","6":"product_cat-bomuldstasker-og-skuldertasker-nepal","7":"product_cat-tasker-og-rygsaekke","8":"pa_collection-pure-hemp-and-cotton-bags-da","9":"pa_made-in-nepal","11":"first","12":"instock","13":"purchasable","14":"product-type-simple"},"supplier_id":null,"supplier_sku":"HempB-47","barcode":null,"atum_controlled":true,"out_stock_date":null,"out_stock_threshold":null,"inheritable":false,"inbound_stock":null,"stock_on_hold":0,"sold_today":0,"sales_last_days":0,"reserved_stock":null,"customer_returns":null,"warehouse_damage":null,"lost_in_post":null,"other_logs":null,"out_stock_days":0,"lost_sales":0,"has_location":null,"update_date":"2026-04-27T07:07:04","atum_locations":[],"atum_stock_status":"instock","restock_status":false,"low_stock_amount":"","sales_update_date":"2026-01-30T01:24:48","calc_backorders":null,"_links":{"self":[{"href":"https:\/\/aromasentia.com\/da\/wp-json\/wp\/v2\/product\/203243","targetHints":{"allow":["GET"]}}],"collection":[{"href":"https:\/\/aromasentia.com\/da\/wp-json\/wp\/v2\/product"}],"about":[{"href":"https:\/\/aromasentia.com\/da\/wp-json\/wp\/v2\/types\/product"}],"replies":[{"embeddable":true,"href":"https:\/\/aromasentia.com\/da\/wp-json\/wp\/v2\/comments?post=203243"}],"version-history":[{"count":0,"href":"https:\/\/aromasentia.com\/da\/wp-json\/wp\/v2\/product\/203243\/revisions"}],"wp:featuredmedia":[{"embeddable":true,"href":"https:\/\/aromasentia.com\/da\/wp-json\/wp\/v2\/media\/322924"}],"wp:attachment":[{"href":"https:\/\/aromasentia.com\/da\/wp-json\/wp\/v2\/media?parent=203243"}],"wp:term":[{"taxonomy":"product_brand","embeddable":true,"href":"https:\/\/aromasentia.com\/da\/wp-json\/wp\/v2\/product_brand?post=203243"},{"taxonomy":"product_cat","embeddable":true,"href":"https:\/\/aromasentia.com\/da\/wp-json\/wp\/v2\/product_cat?post=203243"},{"taxonomy":"product_tag","embeddable":true,"href":"https:\/\/aromasentia.com\/da\/wp-json\/wp\/v2\/product_tag?post=203243"}],"curies":[{"name":"wp","href":"https:\/\/api.w.org\/{rel}","templated":true}]}}