{"id":203242,"date":"2025-03-21T14:44:12","date_gmt":"2025-03-21T14:44:12","guid":{"rendered":"https:\/\/aromasentia.com\/product\/cotton-hemp-style-belt-or-fanny-bag-natural\/"},"modified":"2025-06-22T04:14:15","modified_gmt":"2025-06-22T04:14:15","slug":"baeltetaske-eller-baeltetaske-i-bomuldshampe-stil-naturlig","status":"publish","type":"product","link":"https:\/\/aromasentia.com\/da\/baeltetaske-eller-baeltetaske-i-bomuldshampe-stil-naturlig\/","title":{"rendered":"B\u00e6ltetaske (Eller B\u00e6ltetaske) I Bomuldshampe-Stil &#8211; Naturlig"},"content":{"rendered":"<p>Omfavn h\u00e5ndfri bekvemmelighed med denne Cotton Hemp Style Belt (eller Fanny) Bag &#8211; Natural. Denne b\u00e6ltetaske er fremstillet i en naturlig, ufarvet nuance og kombinerer hampens udseende med bomuldens bl\u00f8dhed, hvilket giver en behagelig og praktisk m\u00e5de at b\u00e6re dine vigtigste ting p\u00e5. Den er perfekt til rejser, festivaler eller daglige \u00e6rinder og holder dine v\u00e6rdigenstande sikre og tilg\u00e6ngelige omkring din talje. En \u00f8ko-inspireret og alsidig accessory til dem, der s\u00e6tter pris p\u00e5 praktisk anvendelighed og underspillet stil.<\/p>\n","protected":false},"excerpt":{"rendered":"<p>Omfavn h\u00e5ndfri bekvemmelighed med denne Cotton Hemp Style Belt (eller Fanny) Bag &#8211; Natural. Denne b\u00e6ltetaske er fremstillet i en naturlig, ufarvet nuance og kombinerer hampens udseende med bomuldens bl\u00f8dhed, hvilket giver en behagelig og praktisk m\u00e5de at b\u00e6re dine vigtigste ting p\u00e5. Den er perfekt til rejser, festivaler eller daglige \u00e6rinder og holder dine [&hellip;]<\/p>\n","protected":false},"featured_media":322891,"comment_status":"closed","ping_status":"open","template":"","meta":{"_angie_page":false},"product_brand":[],"product_cat":[7878,7861],"product_tag":[],"class_list":{"0":"post-203242","1":"product","2":"type-product","3":"status-publish","4":"has-post-thumbnail","6":"product_cat-bomuldstasker-og-skuldertasker-nepal","7":"product_cat-tasker-og-rygsaekke","8":"pa_collection-pure-hemp-and-cotton-bags-da","9":"pa_made-in-nepal","11":"first","12":"instock","13":"purchasable","14":"product-type-simple"},"supplier_id":null,"supplier_sku":"HempB-46","barcode":null,"atum_controlled":true,"out_stock_date":null,"out_stock_threshold":null,"inheritable":false,"inbound_stock":null,"stock_on_hold":0,"sold_today":0,"sales_last_days":0,"reserved_stock":null,"customer_returns":null,"warehouse_damage":null,"lost_in_post":null,"other_logs":null,"out_stock_days":0,"lost_sales":0,"has_location":null,"update_date":"2026-05-04T00:03:56","atum_locations":[],"atum_stock_status":"instock","restock_status":false,"low_stock_amount":"","sales_update_date":"2026-01-30T01:24:39","calc_backorders":null,"_links":{"self":[{"href":"https:\/\/aromasentia.com\/da\/wp-json\/wp\/v2\/product\/203242","targetHints":{"allow":["GET"]}}],"collection":[{"href":"https:\/\/aromasentia.com\/da\/wp-json\/wp\/v2\/product"}],"about":[{"href":"https:\/\/aromasentia.com\/da\/wp-json\/wp\/v2\/types\/product"}],"replies":[{"embeddable":true,"href":"https:\/\/aromasentia.com\/da\/wp-json\/wp\/v2\/comments?post=203242"}],"version-history":[{"count":0,"href":"https:\/\/aromasentia.com\/da\/wp-json\/wp\/v2\/product\/203242\/revisions"}],"wp:featuredmedia":[{"embeddable":true,"href":"https:\/\/aromasentia.com\/da\/wp-json\/wp\/v2\/media\/322891"}],"wp:attachment":[{"href":"https:\/\/aromasentia.com\/da\/wp-json\/wp\/v2\/media?parent=203242"}],"wp:term":[{"taxonomy":"product_brand","embeddable":true,"href":"https:\/\/aromasentia.com\/da\/wp-json\/wp\/v2\/product_brand?post=203242"},{"taxonomy":"product_cat","embeddable":true,"href":"https:\/\/aromasentia.com\/da\/wp-json\/wp\/v2\/product_cat?post=203242"},{"taxonomy":"product_tag","embeddable":true,"href":"https:\/\/aromasentia.com\/da\/wp-json\/wp\/v2\/product_tag?post=203242"}],"curies":[{"name":"wp","href":"https:\/\/api.w.org\/{rel}","templated":true}]}}