{"id":203240,"date":"2025-03-21T14:44:18","date_gmt":"2025-03-21T14:44:18","guid":{"rendered":"https:\/\/aromasentia.com\/product\/hop-hare-pouch-i-am-magical\/"},"modified":"2025-06-22T04:14:11","modified_gmt":"2025-06-22T04:14:11","slug":"hop-hare-pouch-jeg-er-magisk","status":"publish","type":"product","link":"https:\/\/aromasentia.com\/da\/hop-hare-pouch-jeg-er-magisk\/","title":{"rendered":"Hop Hare Pouch &#8211; Jeg Er Magisk"},"content":{"rendered":"<p><span style=\"color: rgb(75, 80, 88);\"><strong>Omfavn fortryllelsen med &#8220;I Am Magical&#8221; Hop Hare-posen.<\/strong><\/span><\/p>\n<p><span style=\"color: rgb(75, 80, 88);\">Denne charmerende pose er ikke kun praktisk, men inspirerer ogs\u00e5 til undren og fantasi med sin gribende bekr\u00e6ftelse. Lavet af b\u00e6redygtig jute er den perfekt til at opbevare sm\u00e5 souvenirs eller kosmetik, hvilket tilf\u00f8jer et strejf af magi til det hverdagsagtige.<\/span><\/p>\n<p><span style=\"color: rgb(75, 80, 88);\">Sams\u00e6t den med badeprodukter til en spa-tema kurv, fyld den med slik og chokolade som en opmuntrende gave, eller par den med en motiverende bog eller dagbog. Mulighederne er uendelige! &nbsp;<\/span><\/p>\n<p><span style=\"color: rgb(75, 80, 88);\"><strong>M\u00e5l:<\/strong><\/span><\/p>\n<p><span style=\"color: rgb(75, 80, 88);\">19 x 12 x 4,5 cm<\/span><\/p>\n","protected":false},"excerpt":{"rendered":"<p>Omfavn fortryllelsen med &#8220;I Am Magical&#8221; Hop Hare-posen. Denne charmerende pose er ikke kun praktisk, men inspirerer ogs\u00e5 til undren og fantasi med sin gribende bekr\u00e6ftelse. Lavet af b\u00e6redygtig jute er den perfekt til at opbevare sm\u00e5 souvenirs eller kosmetik, hvilket tilf\u00f8jer et strejf af magi til det hverdagsagtige. Sams\u00e6t den med badeprodukter til en [&hellip;]<\/p>\n","protected":false},"featured_media":323431,"comment_status":"closed","ping_status":"open","template":"","meta":{"_angie_page":false},"product_brand":[27111],"product_cat":[7860,7861],"product_tag":[],"class_list":{"0":"post-203240","1":"product","2":"type-product","3":"status-publish","4":"has-post-thumbnail","6":"product_brand-hop-hare","7":"product_cat-oekologiske-tasker","8":"product_cat-tasker-og-rygsaekke","9":"pa_collection-hop-hare-pouches-da","10":"pa_made-in-indien","12":"first","13":"instock","14":"purchasable","15":"product-type-simple"},"supplier_id":null,"supplier_sku":"HHP-03","barcode":null,"atum_controlled":true,"out_stock_date":null,"out_stock_threshold":null,"inheritable":false,"inbound_stock":null,"stock_on_hold":0,"sold_today":0,"sales_last_days":0,"reserved_stock":null,"customer_returns":null,"warehouse_damage":null,"lost_in_post":null,"other_logs":null,"out_stock_days":0,"lost_sales":0,"has_location":null,"update_date":"2026-04-27T07:07:27","atum_locations":[],"atum_stock_status":"instock","restock_status":false,"low_stock_amount":"","sales_update_date":"2025-09-04T00:18:02","calc_backorders":null,"_links":{"self":[{"href":"https:\/\/aromasentia.com\/da\/wp-json\/wp\/v2\/product\/203240","targetHints":{"allow":["GET"]}}],"collection":[{"href":"https:\/\/aromasentia.com\/da\/wp-json\/wp\/v2\/product"}],"about":[{"href":"https:\/\/aromasentia.com\/da\/wp-json\/wp\/v2\/types\/product"}],"replies":[{"embeddable":true,"href":"https:\/\/aromasentia.com\/da\/wp-json\/wp\/v2\/comments?post=203240"}],"version-history":[{"count":0,"href":"https:\/\/aromasentia.com\/da\/wp-json\/wp\/v2\/product\/203240\/revisions"}],"wp:featuredmedia":[{"embeddable":true,"href":"https:\/\/aromasentia.com\/da\/wp-json\/wp\/v2\/media\/323431"}],"wp:attachment":[{"href":"https:\/\/aromasentia.com\/da\/wp-json\/wp\/v2\/media?parent=203240"}],"wp:term":[{"taxonomy":"product_brand","embeddable":true,"href":"https:\/\/aromasentia.com\/da\/wp-json\/wp\/v2\/product_brand?post=203240"},{"taxonomy":"product_cat","embeddable":true,"href":"https:\/\/aromasentia.com\/da\/wp-json\/wp\/v2\/product_cat?post=203240"},{"taxonomy":"product_tag","embeddable":true,"href":"https:\/\/aromasentia.com\/da\/wp-json\/wp\/v2\/product_tag?post=203240"}],"curies":[{"name":"wp","href":"https:\/\/api.w.org\/{rel}","templated":true}]}}