{"id":203237,"date":"2025-03-21T14:44:18","date_gmt":"2025-03-21T14:44:18","guid":{"rendered":"https:\/\/aromasentia.com\/product\/jacquard-bag-chocolate-backpack\/"},"modified":"2025-06-22T04:14:10","modified_gmt":"2025-06-22T04:14:10","slug":"jacquard-taske-rygsaek-med-chokolade","status":"publish","type":"product","link":"https:\/\/aromasentia.com\/da\/jacquard-taske-rygsaek-med-chokolade\/","title":{"rendered":"Jacquard Taske &#8211; Rygs\u00e6k med Chokolade"},"content":{"rendered":"<p>Denne rygs\u00e6k er lavet af etnisk jacquardstof og er til verdensrejsende, der bare ved, hvordan man ser cool ud overalt.<\/p>\n<p>Kvalitet og funktionalitet er hovedtr\u00e6kkene ved denne casual rygs\u00e6k.<\/p>\n<p>Meget godt lavet med masser af detaljer, herunder bomuldsfor, lynl\u00e5se og lommer.<\/p>\n","protected":false},"excerpt":{"rendered":"<p>Denne rygs\u00e6k er lavet af etnisk jacquardstof og er til verdensrejsende, der bare ved, hvordan man ser cool ud overalt. Kvalitet og funktionalitet er hovedtr\u00e6kkene ved denne casual rygs\u00e6k. Meget godt lavet med masser af detaljer, herunder bomuldsfor, lynl\u00e5se og lommer.<\/p>\n","protected":false},"featured_media":323808,"comment_status":"closed","ping_status":"open","template":"","meta":[],"product_brand":[],"product_cat":[7860,25823,7861],"product_tag":[],"class_list":{"0":"post-203237","1":"product","2":"type-product","3":"status-publish","4":"has-post-thumbnail","6":"product_cat-oekologiske-tasker","7":"product_cat-rygsaekke","8":"product_cat-tasker-og-rygsaekke","9":"pa_collection-casual-bags-nepal-style-da","10":"pa_made-in-indien","12":"first","13":"outofstock","14":"purchasable","15":"product-type-simple"},"supplier_id":null,"supplier_sku":"JNS-02","barcode":null,"atum_controlled":true,"out_stock_date":"2025-10-30 16:49:47","out_stock_threshold":null,"inheritable":false,"inbound_stock":null,"stock_on_hold":0,"sold_today":0,"sales_last_days":0,"reserved_stock":null,"customer_returns":null,"warehouse_damage":null,"lost_in_post":null,"other_logs":null,"out_stock_days":91,"lost_sales":0,"has_location":null,"update_date":"2026-01-30T01:24:20","atum_locations":[],"atum_stock_status":"outofstock","restock_status":false,"low_stock_amount":"","sales_update_date":"2026-01-30T01:24:20","calc_backorders":null,"_links":{"self":[{"href":"https:\/\/aromasentia.com\/da\/wp-json\/wp\/v2\/product\/203237","targetHints":{"allow":["GET"]}}],"collection":[{"href":"https:\/\/aromasentia.com\/da\/wp-json\/wp\/v2\/product"}],"about":[{"href":"https:\/\/aromasentia.com\/da\/wp-json\/wp\/v2\/types\/product"}],"replies":[{"embeddable":true,"href":"https:\/\/aromasentia.com\/da\/wp-json\/wp\/v2\/comments?post=203237"}],"version-history":[{"count":0,"href":"https:\/\/aromasentia.com\/da\/wp-json\/wp\/v2\/product\/203237\/revisions"}],"wp:featuredmedia":[{"embeddable":true,"href":"https:\/\/aromasentia.com\/da\/wp-json\/wp\/v2\/media\/323808"}],"wp:attachment":[{"href":"https:\/\/aromasentia.com\/da\/wp-json\/wp\/v2\/media?parent=203237"}],"wp:term":[{"taxonomy":"product_brand","embeddable":true,"href":"https:\/\/aromasentia.com\/da\/wp-json\/wp\/v2\/product_brand?post=203237"},{"taxonomy":"product_cat","embeddable":true,"href":"https:\/\/aromasentia.com\/da\/wp-json\/wp\/v2\/product_cat?post=203237"},{"taxonomy":"product_tag","embeddable":true,"href":"https:\/\/aromasentia.com\/da\/wp-json\/wp\/v2\/product_tag?post=203237"}],"curies":[{"name":"wp","href":"https:\/\/api.w.org\/{rel}","templated":true}]}}