{"id":203226,"date":"2025-03-21T14:44:18","date_gmt":"2025-03-21T14:44:18","guid":{"rendered":"https:\/\/aromasentia.com\/product\/hop-hare-tote-bag-i-am-brave-10oz-cotton-canvas\/"},"modified":"2025-06-22T04:14:01","modified_gmt":"2025-06-22T04:14:01","slug":"hop-hare-tote-bag-i-am-brave-10-oz-bomuldslaerred","status":"publish","type":"product","link":"https:\/\/aromasentia.com\/da\/hop-hare-tote-bag-i-am-brave-10-oz-bomuldslaerred\/","title":{"rendered":"Hop Hare Tote Bag &#8211; I Am Brave &#8211; 10 Oz Bomuldsl\u00e6rred"},"content":{"rendered":"<p><strong><span style=\"color: rgb(75, 80, 88);\">&#8220;Jeg er modig&#8221; Tarot-bomuldsposen er designet til den modige sj\u00e6l.<\/span><\/strong><\/p>\n<p><span style=\"color: rgb(75, 80, 88);\">Med dristige tarotdesigns, der fremmaner mod, er denne taske en konstant p\u00e5mindelse om b\u00e6rerens indre mod. Ideel til dem, der st\u00e5r over for nye udfordringer eller eventyr, fungerer den som en praktisk og inspirerende ledsager.<\/span><\/p>\n<p><span style=\"color: rgb(75, 80, 88);\"><strong>Perfekt til metafysiske butikker, holistiske centre og ethvert detailhandelsomr\u00e5de, der sigter mod at tilbyde produkter, der blander stil, spiritualitet og b\u00e6redygtighed.<\/strong>&nbsp;<\/span><\/p>\n<p><span style=\"color: rgb(75, 80, 88);\"><strong>M\u00e5l:<\/strong><\/span><\/p>\n<p><span style=\"color: rgb(75, 80, 88);\">H\u00f8jde: 42 cm<\/span><\/p>\n<p><span style=\"color: rgb(75, 80, 88);\">L\u00e6ngde: 39 cm<\/span><\/p>\n<p><span style=\"color: rgb(75, 80, 88);\">Bredde; 13 cm<\/span><\/p>\n<p><span style=\"color: rgb(75, 80, 88);\">H\u00e5ndtagsl\u00e6ngde: 30 cm<\/span><\/p>\n","protected":false},"excerpt":{"rendered":"<p>&#8220;Jeg er modig&#8221; Tarot-bomuldsposen er designet til den modige sj\u00e6l. Med dristige tarotdesigns, der fremmaner mod, er denne taske en konstant p\u00e5mindelse om b\u00e6rerens indre mod. Ideel til dem, der st\u00e5r over for nye udfordringer eller eventyr, fungerer den som en praktisk og inspirerende ledsager. Perfekt til metafysiske butikker, holistiske centre og ethvert detailhandelsomr\u00e5de, der [&hellip;]<\/p>\n","protected":false},"featured_media":323589,"comment_status":"closed","ping_status":"open","template":"","meta":{"_angie_page":false},"product_brand":[27111],"product_cat":[7860,7861],"product_tag":[],"class_list":{"0":"post-203226","1":"product","2":"type-product","3":"status-publish","4":"has-post-thumbnail","6":"product_brand-hop-hare","7":"product_cat-oekologiske-tasker","8":"product_cat-tasker-og-rygsaekke","9":"pa_collection-hop-hare-tarot-cotton-bags-da","10":"pa_made-in-indien","12":"first","13":"instock","14":"purchasable","15":"product-type-simple"},"supplier_id":null,"supplier_sku":"HHTB-02","barcode":null,"atum_controlled":true,"out_stock_date":null,"out_stock_threshold":null,"inheritable":false,"inbound_stock":null,"stock_on_hold":0,"sold_today":0,"sales_last_days":0,"reserved_stock":null,"customer_returns":null,"warehouse_damage":null,"lost_in_post":null,"other_logs":null,"out_stock_days":0,"lost_sales":0,"has_location":null,"update_date":"2026-05-04T00:03:56","atum_locations":[],"atum_stock_status":"instock","restock_status":false,"low_stock_amount":"","sales_update_date":"2026-02-06T00:02:37","calc_backorders":null,"_links":{"self":[{"href":"https:\/\/aromasentia.com\/da\/wp-json\/wp\/v2\/product\/203226","targetHints":{"allow":["GET"]}}],"collection":[{"href":"https:\/\/aromasentia.com\/da\/wp-json\/wp\/v2\/product"}],"about":[{"href":"https:\/\/aromasentia.com\/da\/wp-json\/wp\/v2\/types\/product"}],"replies":[{"embeddable":true,"href":"https:\/\/aromasentia.com\/da\/wp-json\/wp\/v2\/comments?post=203226"}],"version-history":[{"count":0,"href":"https:\/\/aromasentia.com\/da\/wp-json\/wp\/v2\/product\/203226\/revisions"}],"wp:featuredmedia":[{"embeddable":true,"href":"https:\/\/aromasentia.com\/da\/wp-json\/wp\/v2\/media\/323589"}],"wp:attachment":[{"href":"https:\/\/aromasentia.com\/da\/wp-json\/wp\/v2\/media?parent=203226"}],"wp:term":[{"taxonomy":"product_brand","embeddable":true,"href":"https:\/\/aromasentia.com\/da\/wp-json\/wp\/v2\/product_brand?post=203226"},{"taxonomy":"product_cat","embeddable":true,"href":"https:\/\/aromasentia.com\/da\/wp-json\/wp\/v2\/product_cat?post=203226"},{"taxonomy":"product_tag","embeddable":true,"href":"https:\/\/aromasentia.com\/da\/wp-json\/wp\/v2\/product_tag?post=203226"}],"curies":[{"name":"wp","href":"https:\/\/api.w.org\/{rel}","templated":true}]}}