{"id":203198,"date":"2025-03-21T14:44:30","date_gmt":"2025-03-21T14:44:30","guid":{"rendered":"https:\/\/aromasentia.com\/product\/canvas-large-laptop-pouch-olive-30x40cm\/"},"modified":"2025-06-22T04:13:42","modified_gmt":"2025-06-22T04:13:42","slug":"canvas-large-laptop-pouch-oliven-30x40cm","status":"publish","type":"product","link":"https:\/\/aromasentia.com\/da\/canvas-large-laptop-pouch-oliven-30x40cm\/","title":{"rendered":"Canvas Large Laptop Pouch &#8211; Oliven &#8211; 30X40cm"},"content":{"rendered":"<p><strong>Wholesale Canvas Tablet Pouch&nbsp;<\/strong>&#8211; Olive Green Leder du efter en stilfuld og praktisk m\u00e5de at beskytte din tablet p\u00e5? Denne<strong>&nbsp;Canvas Tablet Pouch i elegant olivengr\u00f8n<\/strong>, stolt fremstillet i Indien, er det perfekte valg til din butikssamling. Den er designet med bekvemmelighed og raffinement for \u00f8je og er ideel til alle med en hurtig livsstil p\u00e5 farten.&nbsp;<\/p>\n<p>Quick Access Design:<strong>&nbsp;Skub ubesv\u00e6ret din tablet ind og ud<\/strong>, s\u00e5 enheden altid er inden for r\u00e6kkevidde.<\/p>\n<p>Slank og b\u00e6rbar:<strong>&nbsp;Let og kompakt<\/strong>, denne taske er nem at b\u00e6re alene eller passe ned i en rygs\u00e6k, h\u00e5ndtaske eller dokumentmappe.&nbsp;<\/p>\n<p>Ekstra sidelomme: Hold dig organiseret med ekstra plads til at opbevare smartphones, kuglepenne, opladere, kabler eller andet tilbeh\u00f8r. Uanset om dine kunder pendler, rejser eller arbejder hjemmefra, sikrer denne pose, at deres tablet forbliver sikker, og at de vigtigste ting forbliver lige ved h\u00e5nden.&nbsp;<\/p>\n<p><strong>Et must-have for gavebutikker og tankev\u00e6kkende gaver Stilfuld<\/strong> og alsidig, denne pose er et must-have i enhver kollektion af engros-gaveartikler eller en tankev\u00e6kkende gave til venner, familie eller kolleger.&nbsp;<\/p>\n<p><strong>Lagre op med Olive Green Canvas Tablet Pouch til din butik i dag!<\/strong><\/p>\n","protected":false},"excerpt":{"rendered":"<p>Wholesale Canvas Tablet Pouch&nbsp;&#8211; Olive Green Leder du efter en stilfuld og praktisk m\u00e5de at beskytte din tablet p\u00e5? Denne&nbsp;Canvas Tablet Pouch i elegant olivengr\u00f8n, stolt fremstillet i Indien, er det perfekte valg til din butikssamling. Den er designet med bekvemmelighed og raffinement for \u00f8je og er ideel til alle med en hurtig livsstil p\u00e5 [&hellip;]<\/p>\n","protected":false},"featured_media":325070,"comment_status":"closed","ping_status":"open","template":"","meta":[],"product_brand":[],"product_cat":[7860,7861],"product_tag":[],"class_list":{"0":"post-203198","1":"product","2":"type-product","3":"status-publish","4":"has-post-thumbnail","6":"product_cat-oekologiske-tasker","7":"product_cat-tasker-og-rygsaekke","8":"pa_collection-laptop-tablet-pouches-da","9":"pa_made-in-indien","11":"first","12":"instock","13":"purchasable","14":"product-type-simple"},"supplier_id":null,"supplier_sku":"LTB-09","barcode":null,"atum_controlled":true,"out_stock_date":null,"out_stock_threshold":null,"inheritable":false,"inbound_stock":null,"stock_on_hold":0,"sold_today":0,"sales_last_days":0,"reserved_stock":null,"customer_returns":null,"warehouse_damage":null,"lost_in_post":null,"other_logs":null,"out_stock_days":0,"lost_sales":0,"has_location":null,"update_date":"2026-02-02T14:19:43","atum_locations":[],"atum_stock_status":"instock","restock_status":false,"low_stock_amount":"","sales_update_date":"2026-01-30T01:25:30","calc_backorders":null,"_links":{"self":[{"href":"https:\/\/aromasentia.com\/da\/wp-json\/wp\/v2\/product\/203198","targetHints":{"allow":["GET"]}}],"collection":[{"href":"https:\/\/aromasentia.com\/da\/wp-json\/wp\/v2\/product"}],"about":[{"href":"https:\/\/aromasentia.com\/da\/wp-json\/wp\/v2\/types\/product"}],"replies":[{"embeddable":true,"href":"https:\/\/aromasentia.com\/da\/wp-json\/wp\/v2\/comments?post=203198"}],"version-history":[{"count":0,"href":"https:\/\/aromasentia.com\/da\/wp-json\/wp\/v2\/product\/203198\/revisions"}],"wp:featuredmedia":[{"embeddable":true,"href":"https:\/\/aromasentia.com\/da\/wp-json\/wp\/v2\/media\/325070"}],"wp:attachment":[{"href":"https:\/\/aromasentia.com\/da\/wp-json\/wp\/v2\/media?parent=203198"}],"wp:term":[{"taxonomy":"product_brand","embeddable":true,"href":"https:\/\/aromasentia.com\/da\/wp-json\/wp\/v2\/product_brand?post=203198"},{"taxonomy":"product_cat","embeddable":true,"href":"https:\/\/aromasentia.com\/da\/wp-json\/wp\/v2\/product_cat?post=203198"},{"taxonomy":"product_tag","embeddable":true,"href":"https:\/\/aromasentia.com\/da\/wp-json\/wp\/v2\/product_tag?post=203198"}],"curies":[{"name":"wp","href":"https:\/\/api.w.org\/{rel}","templated":true}]}}