{"id":203196,"date":"2025-03-21T14:44:30","date_gmt":"2025-03-21T14:44:30","guid":{"rendered":"https:\/\/aromasentia.com\/product\/canvas-large-laptop-pouch-orange-30x40cm\/"},"modified":"2025-06-22T04:13:39","modified_gmt":"2025-06-22T04:13:39","slug":"canvas-large-laptop-pouch-orange-30x40cm","status":"publish","type":"product","link":"https:\/\/aromasentia.com\/da\/canvas-large-laptop-pouch-orange-30x40cm\/","title":{"rendered":"Canvas Large Laptop Pouch &#8211; Orange &#8211; 30X40cm"},"content":{"rendered":"<p><strong>Tabletpung i l\u00e6rred &#8211; levende orange farve<\/strong>. Leder du efter en stilfuld og praktisk m\u00e5de at beskytte din tablet p\u00e5? Denne<strong>&nbsp;Canva Tablet Pouch<\/strong> i levende orange, stolt fremstillet i Indien, er det ideelle valg. Den er designet med bekvemmelighed og elegance i tankerne og er perfekt til alle med en hurtig livsstil p\u00e5 farten.&nbsp;<\/p>\n<p>Hurtig adgangsdesign: Skub ubesv\u00e6ret din tablet ind og ud, s\u00e5 din enhed altid er lige ved h\u00e5nden.&nbsp;<\/p>\n<p>Slank og b\u00e6rbar: Det lette og kompakte design g\u00f8r den nem at b\u00e6re alene eller putte i rygs\u00e6kken, h\u00e5ndtasken eller dokumentmappen.&nbsp;<\/p>\n<p>Ekstra sidelomme: Hold dine vigtigste ting organiseret og tilg\u00e6ngelige&mdash;perfekt til opbevaring af en smartphone, kuglepenne, opladere, kabler eller andet tilbeh\u00f8r. Uanset om dine kunder pendler, rejser eller arbejder eksternt, sikrer denne pose, at din tablet forbliver sikker, og at dine vigtigste ting er inden for r\u00e6kkevidde.&nbsp;<\/p>\n<p>Et must-have for gavebutikker og tankev\u00e6kkende gaver Denne <strong>pose er lys og alsidig og er en fremragende tilf\u00f8jelse til enhver gavebutik<\/strong> eller en tankev\u00e6kkende gave til venner, familie eller kolleger.<\/p>\n","protected":false},"excerpt":{"rendered":"<p>Tabletpung i l\u00e6rred &#8211; levende orange farve. Leder du efter en stilfuld og praktisk m\u00e5de at beskytte din tablet p\u00e5? Denne&nbsp;Canva Tablet Pouch i levende orange, stolt fremstillet i Indien, er det ideelle valg. Den er designet med bekvemmelighed og elegance i tankerne og er perfekt til alle med en hurtig livsstil p\u00e5 farten.&nbsp; Hurtig [&hellip;]<\/p>\n","protected":false},"featured_media":325052,"comment_status":"closed","ping_status":"open","template":"","meta":{"_angie_page":false},"product_brand":[],"product_cat":[7860,7861],"product_tag":[],"class_list":{"0":"post-203196","1":"product","2":"type-product","3":"status-publish","4":"has-post-thumbnail","6":"product_cat-oekologiske-tasker","7":"product_cat-tasker-og-rygsaekke","8":"pa_collection-laptop-tablet-pouches-da","9":"pa_made-in-indien","11":"first","12":"instock","13":"purchasable","14":"product-type-simple"},"supplier_id":null,"supplier_sku":"LTB-07","barcode":null,"atum_controlled":true,"out_stock_date":null,"out_stock_threshold":null,"inheritable":false,"inbound_stock":null,"stock_on_hold":0,"sold_today":0,"sales_last_days":0,"reserved_stock":null,"customer_returns":null,"warehouse_damage":null,"lost_in_post":null,"other_logs":null,"out_stock_days":0,"lost_sales":0,"has_location":null,"update_date":"2026-04-27T07:11:30","atum_locations":[],"atum_stock_status":"instock","restock_status":false,"low_stock_amount":"","sales_update_date":"2026-01-30T01:26:29","calc_backorders":null,"_links":{"self":[{"href":"https:\/\/aromasentia.com\/da\/wp-json\/wp\/v2\/product\/203196","targetHints":{"allow":["GET"]}}],"collection":[{"href":"https:\/\/aromasentia.com\/da\/wp-json\/wp\/v2\/product"}],"about":[{"href":"https:\/\/aromasentia.com\/da\/wp-json\/wp\/v2\/types\/product"}],"replies":[{"embeddable":true,"href":"https:\/\/aromasentia.com\/da\/wp-json\/wp\/v2\/comments?post=203196"}],"version-history":[{"count":0,"href":"https:\/\/aromasentia.com\/da\/wp-json\/wp\/v2\/product\/203196\/revisions"}],"wp:featuredmedia":[{"embeddable":true,"href":"https:\/\/aromasentia.com\/da\/wp-json\/wp\/v2\/media\/325052"}],"wp:attachment":[{"href":"https:\/\/aromasentia.com\/da\/wp-json\/wp\/v2\/media?parent=203196"}],"wp:term":[{"taxonomy":"product_brand","embeddable":true,"href":"https:\/\/aromasentia.com\/da\/wp-json\/wp\/v2\/product_brand?post=203196"},{"taxonomy":"product_cat","embeddable":true,"href":"https:\/\/aromasentia.com\/da\/wp-json\/wp\/v2\/product_cat?post=203196"},{"taxonomy":"product_tag","embeddable":true,"href":"https:\/\/aromasentia.com\/da\/wp-json\/wp\/v2\/product_tag?post=203196"}],"curies":[{"name":"wp","href":"https:\/\/api.w.org\/{rel}","templated":true}]}}