{"id":203190,"date":"2025-03-21T14:44:30","date_gmt":"2025-03-21T14:44:30","guid":{"rendered":"https:\/\/aromasentia.com\/product\/canvas-tablet-pouch-orange-21x29cm\/"},"modified":"2025-06-22T04:13:35","modified_gmt":"2025-06-22T04:13:35","slug":"tablet-taske-i-laerred-orange-21x29cm","status":"publish","type":"product","link":"https:\/\/aromasentia.com\/da\/tablet-taske-i-laerred-orange-21x29cm\/","title":{"rendered":"Tablet-Taske I L\u00e6rred &#8211; Orange &#8211; 21X29cm"},"content":{"rendered":"<p><strong>Canvas Tablet Pouch &#8211; levende orange farve.<\/strong> Leder du efter en stilfuld og praktisk m\u00e5de at beskytte din tablet p\u00e5? <strong>&nbsp;Denne Canva Tablet Pouch i levende orange, stolt fremstillet i Indien,<\/strong> er det ideelle valg.Den er designet med bekvemmelighed og elegance i tankerne og er perfekt til alle, der har en hurtig livsstil p\u00e5 farten.<\/p>\n<p><strong>Quick Access Design:<\/strong> Skub nemt din tablet ind og ud, s\u00e5 din enhed altid er lige ved h\u00e5nden.&nbsp;<\/p>\n<p><strong>Slim &amp; Portable:<\/strong> Det lette og kompakte design g\u00f8r den nem at b\u00e6re alene eller putte i din rygs\u00e6k, h\u00e5ndtaske eller dokumentmappe.&nbsp;<\/p>\n<p><strong>Ekstra sidelomme:<\/strong> Hold dine vigtigste ting organiseret og tilg\u00e6ngelige&mdash;perfekt til opbevaring af en smartphone, kuglepenne, opladere, kabler eller andet tilbeh\u00f8r.<\/p>\n<p>Uanset om dine kunder pendler, rejser eller arbejder p\u00e5 afstand, sikrer denne taske, at din tablet forbliver sikker, og at dine vigtigste ting er inden for r\u00e6kkevidde.<\/p>\n<p><strong>Et must-have for gavebutikker og tankev\u00e6kkende gaver Denne lyse og alsidige pose er en fremragende tilf\u00f8jelse til enhver gavebutik eller en tankev\u00e6kkende gave til venner, familie eller kolleger.<\/strong> <\/p>\n<p> <strong>Har du brug for den?<\/p>\n","protected":false},"excerpt":{"rendered":"<p>Canvas Tablet Pouch &#8211; levende orange farve. Leder du efter en stilfuld og praktisk m\u00e5de at beskytte din tablet p\u00e5? &nbsp;Denne Canva Tablet Pouch i levende orange, stolt fremstillet i Indien, er det ideelle valg.Den er designet med bekvemmelighed og elegance i tankerne og er perfekt til alle, der har en hurtig livsstil p\u00e5 farten. [&hellip;]<\/p>\n","protected":false},"featured_media":324998,"comment_status":"closed","ping_status":"open","template":"","meta":{"_angie_page":false},"product_brand":[],"product_cat":[7860,7861],"product_tag":[],"class_list":{"0":"post-203190","1":"product","2":"type-product","3":"status-publish","4":"has-post-thumbnail","6":"product_cat-oekologiske-tasker","7":"product_cat-tasker-og-rygsaekke","8":"pa_collection-laptop-tablet-pouches-da","9":"pa_made-in-indien","11":"first","12":"instock","13":"purchasable","14":"product-type-simple"},"supplier_id":null,"supplier_sku":"LTB-01","barcode":null,"atum_controlled":true,"out_stock_date":null,"out_stock_threshold":null,"inheritable":false,"inbound_stock":null,"stock_on_hold":0,"sold_today":0,"sales_last_days":0,"reserved_stock":null,"customer_returns":null,"warehouse_damage":null,"lost_in_post":null,"other_logs":null,"out_stock_days":0,"lost_sales":0,"has_location":null,"update_date":"2026-04-27T07:11:30","atum_locations":[],"atum_stock_status":"instock","restock_status":false,"low_stock_amount":"","sales_update_date":"2025-09-05T00:23:15","calc_backorders":null,"_links":{"self":[{"href":"https:\/\/aromasentia.com\/da\/wp-json\/wp\/v2\/product\/203190","targetHints":{"allow":["GET"]}}],"collection":[{"href":"https:\/\/aromasentia.com\/da\/wp-json\/wp\/v2\/product"}],"about":[{"href":"https:\/\/aromasentia.com\/da\/wp-json\/wp\/v2\/types\/product"}],"replies":[{"embeddable":true,"href":"https:\/\/aromasentia.com\/da\/wp-json\/wp\/v2\/comments?post=203190"}],"version-history":[{"count":0,"href":"https:\/\/aromasentia.com\/da\/wp-json\/wp\/v2\/product\/203190\/revisions"}],"wp:featuredmedia":[{"embeddable":true,"href":"https:\/\/aromasentia.com\/da\/wp-json\/wp\/v2\/media\/324998"}],"wp:attachment":[{"href":"https:\/\/aromasentia.com\/da\/wp-json\/wp\/v2\/media?parent=203190"}],"wp:term":[{"taxonomy":"product_brand","embeddable":true,"href":"https:\/\/aromasentia.com\/da\/wp-json\/wp\/v2\/product_brand?post=203190"},{"taxonomy":"product_cat","embeddable":true,"href":"https:\/\/aromasentia.com\/da\/wp-json\/wp\/v2\/product_cat?post=203190"},{"taxonomy":"product_tag","embeddable":true,"href":"https:\/\/aromasentia.com\/da\/wp-json\/wp\/v2\/product_tag?post=203190"}],"curies":[{"name":"wp","href":"https:\/\/api.w.org\/{rel}","templated":true}]}}