{"id":203168,"date":"2025-03-21T14:44:35","date_gmt":"2025-03-21T14:44:35","guid":{"rendered":"https:\/\/aromasentia.com\/product\/peacock-classic-mandela-sarong\/"},"modified":"2025-06-22T04:13:20","modified_gmt":"2025-06-22T04:13:20","slug":"peacock-classic-mandela-sarong","status":"publish","type":"product","link":"https:\/\/aromasentia.com\/da\/peacock-classic-mandela-sarong\/","title":{"rendered":"Peacock Classic mandela Sarong"},"content":{"rendered":"<p style=\"text-align: justify;\">Vi er glade for at kunne introducere det nye sortiment af <strong>grossist Bali Peacock Classic Mandala Sarongs.<\/strong> Disse Sarongs er lavet i en perfekt st\u00f8rrelse til at vikle rundt om taljen, og kan ogs\u00e5 v\u00e6re b\u00e5de sporty og elegante, perfekte til enhver lejlighed, is\u00e6r som tilbeh\u00f8r til strandt\u00f8j.<\/p>\n<p style=\"text-align: justify;\">N\u00e5r sommeren n\u00e6rmer sig og de k\u00f8lige aftener, vil disse saronger helt sikkert s\u00e6lge, de er lette, b\u00e6rbare og moderigtige. Dine kunder vil elske dem.<\/p>\n<p style=\"text-align: justify;\">Bali Mandala Sarongs findes i seks forskellige fantastiske designs. Hvert design kommer i en pakke med 2 stk. T\u00f8rkl\u00e6derne\/sarongerne er fremstillet af 100 % rayon.&nbsp;<\/p>\n<p style=\"text-align: justify;\"><strong>St\u00f8rrelse: L\u00e6ngde 140 cm, bredde 100 cm<\/strong><\/p>\n","protected":false},"excerpt":{"rendered":"<p>Vi er glade for at kunne introducere det nye sortiment af grossist Bali Peacock Classic Mandala Sarongs. Disse Sarongs er lavet i en perfekt st\u00f8rrelse til at vikle rundt om taljen, og kan ogs\u00e5 v\u00e6re b\u00e5de sporty og elegante, perfekte til enhver lejlighed, is\u00e6r som tilbeh\u00f8r til strandt\u00f8j. N\u00e5r sommeren n\u00e6rmer sig og de k\u00f8lige [&hellip;]<\/p>\n","protected":false},"featured_media":325376,"comment_status":"closed","ping_status":"open","template":"","meta":{"_angie_page":false},"product_brand":[],"product_cat":[26599,25831],"product_tag":[],"class_list":{"0":"post-203168","1":"product","2":"type-product","3":"status-publish","4":"has-post-thumbnail","6":"product_cat-saronger","7":"product_cat-toj","8":"pa_collection-mandala-sarongs-da","9":"pa_made-in-indonesien","11":"first","12":"instock","13":"purchasable","14":"product-type-simple"},"supplier_id":null,"supplier_sku":"MANT-04","barcode":null,"atum_controlled":true,"out_stock_date":null,"out_stock_threshold":null,"inheritable":false,"inbound_stock":null,"stock_on_hold":0,"sold_today":0,"sales_last_days":0,"reserved_stock":null,"customer_returns":null,"warehouse_damage":null,"lost_in_post":null,"other_logs":null,"out_stock_days":0,"lost_sales":0,"has_location":null,"update_date":"2026-05-08T05:13:08","atum_locations":[],"atum_stock_status":"instock","restock_status":false,"low_stock_amount":"","sales_update_date":"2026-02-06T00:02:29","calc_backorders":null,"_links":{"self":[{"href":"https:\/\/aromasentia.com\/da\/wp-json\/wp\/v2\/product\/203168","targetHints":{"allow":["GET"]}}],"collection":[{"href":"https:\/\/aromasentia.com\/da\/wp-json\/wp\/v2\/product"}],"about":[{"href":"https:\/\/aromasentia.com\/da\/wp-json\/wp\/v2\/types\/product"}],"replies":[{"embeddable":true,"href":"https:\/\/aromasentia.com\/da\/wp-json\/wp\/v2\/comments?post=203168"}],"version-history":[{"count":0,"href":"https:\/\/aromasentia.com\/da\/wp-json\/wp\/v2\/product\/203168\/revisions"}],"wp:featuredmedia":[{"embeddable":true,"href":"https:\/\/aromasentia.com\/da\/wp-json\/wp\/v2\/media\/325376"}],"wp:attachment":[{"href":"https:\/\/aromasentia.com\/da\/wp-json\/wp\/v2\/media?parent=203168"}],"wp:term":[{"taxonomy":"product_brand","embeddable":true,"href":"https:\/\/aromasentia.com\/da\/wp-json\/wp\/v2\/product_brand?post=203168"},{"taxonomy":"product_cat","embeddable":true,"href":"https:\/\/aromasentia.com\/da\/wp-json\/wp\/v2\/product_cat?post=203168"},{"taxonomy":"product_tag","embeddable":true,"href":"https:\/\/aromasentia.com\/da\/wp-json\/wp\/v2\/product_tag?post=203168"}],"curies":[{"name":"wp","href":"https:\/\/api.w.org\/{rel}","templated":true}]}}