{"id":203167,"date":"2025-03-21T14:44:35","date_gmt":"2025-03-21T14:44:35","guid":{"rendered":"https:\/\/aromasentia.com\/product\/lime-orange-mandela-sarong\/"},"modified":"2025-06-22T04:13:19","modified_gmt":"2025-06-22T04:13:19","slug":"lime-orange-mandela-sarong","status":"publish","type":"product","link":"https:\/\/aromasentia.com\/da\/lime-orange-mandela-sarong\/","title":{"rendered":"Lime Orange mandela Sarong"},"content":{"rendered":"<p>Disse saronger er lavet i en perfekt st\u00f8rrelse til at vikle rundt om taljen, og de kan ogs\u00e5 v\u00e6re b\u00e5de sporty og elegante, perfekte til enhver lejlighed, is\u00e6r som et strandtilbeh\u00f8r.<\/p>\n<p><\/p>\n<p>Med sommeren p\u00e5 vej og de k\u00f8lige aftener vil disse saronger helt sikkert hj\u00e6lpe, de er lette, b\u00e6rbare og moderigtige.<\/p>\n<p>Bali Mandala-saronger f\u00e5s i fem forskellige fantastiske designs. T\u00f8rkl\u00e6derne\/sarongmaterialet er lavet af 100% rayon.<\/p>\n<p><\/p>\n<p>St\u00f8rrelse: L\u00e6ngde 140 cm, Bredde 100 cm<\/p>\n","protected":false},"excerpt":{"rendered":"<p>Disse saronger er lavet i en perfekt st\u00f8rrelse til at vikle rundt om taljen, og de kan ogs\u00e5 v\u00e6re b\u00e5de sporty og elegante, perfekte til enhver lejlighed, is\u00e6r som et strandtilbeh\u00f8r. Med sommeren p\u00e5 vej og de k\u00f8lige aftener vil disse saronger helt sikkert hj\u00e6lpe, de er lette, b\u00e6rbare og moderigtige. Bali Mandala-saronger f\u00e5s i [&hellip;]<\/p>\n","protected":false},"featured_media":325335,"comment_status":"closed","ping_status":"open","template":"","meta":{"_angie_page":false},"product_brand":[],"product_cat":[26599,25831],"product_tag":[],"class_list":{"0":"post-203167","1":"product","2":"type-product","3":"status-publish","4":"has-post-thumbnail","6":"product_cat-saronger","7":"product_cat-toj","8":"pa_collection-mandala-sarongs-da","9":"pa_made-in-indonesien","11":"first","12":"instock","13":"purchasable","14":"product-type-simple"},"supplier_id":null,"supplier_sku":"MANT-06","barcode":null,"atum_controlled":true,"out_stock_date":null,"out_stock_threshold":null,"inheritable":false,"inbound_stock":null,"stock_on_hold":0,"sold_today":0,"sales_last_days":0,"reserved_stock":null,"customer_returns":null,"warehouse_damage":null,"lost_in_post":null,"other_logs":null,"out_stock_days":0,"lost_sales":0,"has_location":null,"update_date":"2026-02-02T20:18:56","atum_locations":[],"atum_stock_status":"instock","restock_status":false,"low_stock_amount":"","sales_update_date":"2025-09-05T00:23:19","calc_backorders":null,"_links":{"self":[{"href":"https:\/\/aromasentia.com\/da\/wp-json\/wp\/v2\/product\/203167","targetHints":{"allow":["GET"]}}],"collection":[{"href":"https:\/\/aromasentia.com\/da\/wp-json\/wp\/v2\/product"}],"about":[{"href":"https:\/\/aromasentia.com\/da\/wp-json\/wp\/v2\/types\/product"}],"replies":[{"embeddable":true,"href":"https:\/\/aromasentia.com\/da\/wp-json\/wp\/v2\/comments?post=203167"}],"version-history":[{"count":0,"href":"https:\/\/aromasentia.com\/da\/wp-json\/wp\/v2\/product\/203167\/revisions"}],"wp:featuredmedia":[{"embeddable":true,"href":"https:\/\/aromasentia.com\/da\/wp-json\/wp\/v2\/media\/325335"}],"wp:attachment":[{"href":"https:\/\/aromasentia.com\/da\/wp-json\/wp\/v2\/media?parent=203167"}],"wp:term":[{"taxonomy":"product_brand","embeddable":true,"href":"https:\/\/aromasentia.com\/da\/wp-json\/wp\/v2\/product_brand?post=203167"},{"taxonomy":"product_cat","embeddable":true,"href":"https:\/\/aromasentia.com\/da\/wp-json\/wp\/v2\/product_cat?post=203167"},{"taxonomy":"product_tag","embeddable":true,"href":"https:\/\/aromasentia.com\/da\/wp-json\/wp\/v2\/product_tag?post=203167"}],"curies":[{"name":"wp","href":"https:\/\/api.w.org\/{rel}","templated":true}]}}