{"id":203163,"date":"2025-03-20T14:25:16","date_gmt":"2025-03-20T14:25:16","guid":{"rendered":"https:\/\/aromasentia.com\/product\/himalayan-salt-aroma-diffuser-night-light-usb-c-flame-effect-salt-included\/"},"modified":"2025-06-22T04:13:16","modified_gmt":"2025-06-22T04:13:16","slug":"himalayasalt-aromadiffuser-natlys-usb-c-flammeeffekt-salt-inkluderet","status":"publish","type":"product","link":"https:\/\/aromasentia.com\/da\/himalayasalt-aromadiffuser-natlys-usb-c-flammeeffekt-salt-inkluderet\/","title":{"rendered":"Himalayasalt-Aromadiffuser &#8211; Natlys &#8211; Usb-C &#8211; Flammeeffekt (Salt Inkluderet)"},"content":{"rendered":"<p><span style=\"color: rgb(75, 80, 88);\">Himalayan Salt Aroma Diffuser skaber en br\u00e6ndende flammeeffekt ved hj\u00e6lp af en kombination af lys og t\u00e5ge, der giver dig en duft til dit v\u00e6relse eller kontor. Tils\u00e6t blot lidt vand og en af dine yndlings \u00e6teriske olier eller duftolie for en \u00f8jeblikkelig aromaoplevelse.<\/span><\/p>\n<p><span style=\"color: rgb(75, 80, 88);\">Den bruger ultralydsb\u00f8lger til \u00f8jeblikkeligt at fordampe vandet og den \u00e6teriske olie i tanken for at skabe en k\u00f8lig, t\u00f8r og duftende t\u00e5ge.<\/span><\/p>\n<p><span style=\"color: rgb(75, 80, 88);\">Saltstykker medf\u00f8lger.<\/span><\/p>\n<p><span style=\"color: rgb(75, 80, 88);\">Tankkapacitet: 220 ml<\/span><\/p>\n<p><span style=\"color: rgb(75, 80, 88);\">Drevet af USB (ledningens l\u00e6ngde 100 cm)<\/span><\/p>\n<p><span style=\"color: rgb(75, 80, 88);\">Timer: 1-3-6 timer<\/span><\/p>\n<p><span style=\"color: rgb(75, 80, 88);\">M\u00e5l: h\u00f8jde 12 cm, diameter 10 cm<\/span><\/p>\n<p><span style=\"color: rgb(75, 80, 88);\"><strong>Skal bruges med <\/strong><\/span><a href=\"https:\/\/aromasentia.com\/eo\"><span style=\"color: rgb(149, 122, 101);\"><strong>\u00e6teriske olier<\/strong><\/span><\/a><span style=\"color: rgb(75, 80, 88);\"><strong> kun blandet i vand!<\/strong><\/span><span style=\"color: rgb(141, 186, 216);\"><strong>&nbsp;<\/strong><\/span><\/p>\n<p><span style=\"color: rgb(141, 186, 216);\"><strong>Hurtigt salg &#8211; tilf\u00f8j det til dit butikstilbud i dag og &nbsp;fuldst\u00e6ndig atomiser dit salg.<\/strong><\/span><\/p>\n","protected":false},"excerpt":{"rendered":"<p>Himalayan Salt Aroma Diffuser skaber en br\u00e6ndende flammeeffekt ved hj\u00e6lp af en kombination af lys og t\u00e5ge, der giver dig en duft til dit v\u00e6relse eller kontor. Tils\u00e6t blot lidt vand og en af dine yndlings \u00e6teriske olier eller duftolie for en \u00f8jeblikkelig aromaoplevelse. Den bruger ultralydsb\u00f8lger til \u00f8jeblikkeligt at fordampe vandet og den \u00e6teriske [&hellip;]<\/p>\n","protected":false},"featured_media":254031,"comment_status":"closed","ping_status":"open","template":"","meta":{"_angie_page":false},"product_brand":[],"product_cat":[6153],"product_tag":[],"class_list":{"0":"post-203163","1":"product","2":"type-product","3":"status-publish","4":"has-post-thumbnail","6":"product_cat-aromaterapi-og-rumdufte","7":"pa_collection-electronic-led-colour-aroma-diffusers-da","8":"pa_made-in-kina","10":"first","11":"instock","12":"purchasable","13":"product-type-simple"},"supplier_id":null,"supplier_sku":"AATOM-27","barcode":null,"atum_controlled":true,"out_stock_date":null,"out_stock_threshold":null,"inheritable":false,"inbound_stock":null,"stock_on_hold":0,"sold_today":0,"sales_last_days":0,"reserved_stock":null,"customer_returns":null,"warehouse_damage":null,"lost_in_post":null,"other_logs":null,"out_stock_days":0,"lost_sales":0,"has_location":null,"update_date":"2026-04-27T06:48:41","atum_locations":[],"atum_stock_status":"instock","restock_status":false,"low_stock_amount":"","sales_update_date":"2025-10-09T03:22:16","calc_backorders":null,"_links":{"self":[{"href":"https:\/\/aromasentia.com\/da\/wp-json\/wp\/v2\/product\/203163","targetHints":{"allow":["GET"]}}],"collection":[{"href":"https:\/\/aromasentia.com\/da\/wp-json\/wp\/v2\/product"}],"about":[{"href":"https:\/\/aromasentia.com\/da\/wp-json\/wp\/v2\/types\/product"}],"replies":[{"embeddable":true,"href":"https:\/\/aromasentia.com\/da\/wp-json\/wp\/v2\/comments?post=203163"}],"version-history":[{"count":0,"href":"https:\/\/aromasentia.com\/da\/wp-json\/wp\/v2\/product\/203163\/revisions"}],"wp:featuredmedia":[{"embeddable":true,"href":"https:\/\/aromasentia.com\/da\/wp-json\/wp\/v2\/media\/254031"}],"wp:attachment":[{"href":"https:\/\/aromasentia.com\/da\/wp-json\/wp\/v2\/media?parent=203163"}],"wp:term":[{"taxonomy":"product_brand","embeddable":true,"href":"https:\/\/aromasentia.com\/da\/wp-json\/wp\/v2\/product_brand?post=203163"},{"taxonomy":"product_cat","embeddable":true,"href":"https:\/\/aromasentia.com\/da\/wp-json\/wp\/v2\/product_cat?post=203163"},{"taxonomy":"product_tag","embeddable":true,"href":"https:\/\/aromasentia.com\/da\/wp-json\/wp\/v2\/product_tag?post=203163"}],"curies":[{"name":"wp","href":"https:\/\/api.w.org\/{rel}","templated":true}]}}