{"id":203162,"date":"2025-03-20T14:25:16","date_gmt":"2025-03-20T14:25:16","guid":{"rendered":"https:\/\/aromasentia.com\/product\/modern-aroma-diffuser-led-clock-usb-c-flame-effect\/"},"modified":"2025-06-22T04:13:15","modified_gmt":"2025-06-22T04:13:15","slug":"moderne-aromadiffusor-led-ur-usb-c-flammeeffekt","status":"publish","type":"product","link":"https:\/\/aromasentia.com\/da\/moderne-aromadiffusor-led-ur-usb-c-flammeeffekt\/","title":{"rendered":"moderne Aromadiffusor &#8211; Led-Ur &#8211; Usb-C &#8211; Flammeeffekt"},"content":{"rendered":"<p><span style=\"color: rgb(75, 80, 88);\">Moderne aromadiffuser &#8211; LED-ur skaber en br\u00e6ndende flammeeffekt ved hj\u00e6lp af en kombination af lys og t\u00e5ge, der giver dig duft til dit v\u00e6relse eller kontor. Tils\u00e6t blot lidt vand og en af dine yndlings \u00e6teriske olier eller duftolie for en \u00f8jeblikkelig aromaoplevelse.<\/span><\/p>\n<p><span style=\"color: rgb(75, 80, 88);\">Den bruger ultralydsb\u00f8lger til \u00f8jeblikkeligt at fordampe vandet og den \u00e6teriske olie i tanken for at skabe en k\u00f8lig, t\u00f8r og duftende t\u00e5ge.<\/span><\/p>\n<p><span style=\"color: rgb(75, 80, 88);\">Tankkapacitet: 180 ml<\/span><\/p>\n<p><span style=\"color: rgb(75, 80, 88);\">LED-lys: 7 varianter<\/span><\/p>\n<p><span style=\"color: rgb(75, 80, 88);\">Drevet af USB (ledningens l\u00e6ngde 100 cm)<\/span><\/p>\n<p><span style=\"color: rgb(75, 80, 88);\">Timer: 1-2-3-6 h<\/span><\/p>\n<p><span style=\"color: rgb(75, 80, 88);\">M\u00e5l: h\u00f8jde 11 cm, diameter 19 cm<\/span><\/p>\n<p><span style=\"color: rgb(75, 80, 88);\">M\u00e5 kun bruges med \u00e6teriske olier blandet i vand! <\/span><\/p>\n<p><span style=\"color: rgb(75, 80, 88);\"><span style=\"color: rgb(75, 80, 88);\"><strong>Skal bruges med \u00e6teriske olier<\/strong><\/span><a href=\"https:\/\/aromasentia.com\/eo\"><span style=\"color: rgb(149, 122, 101);\"><strong>kun blandet i vand!<\/strong><\/span><span style=\"color: rgb(141, 186, 216);\"><strong><\/strong><\/span><\/span><\/p>\n<p><span style=\"color: rgb(141, 186, 216);\"><strong>Hurtigt salg &#8211; tilf\u00f8j i dag til dit butikstilbud og forst\u00f8v din helt salg.<\/strong><\/span><\/p>\n","protected":false},"excerpt":{"rendered":"<p>Moderne aromadiffuser &#8211; LED-ur skaber en br\u00e6ndende flammeeffekt ved hj\u00e6lp af en kombination af lys og t\u00e5ge, der giver dig duft til dit v\u00e6relse eller kontor. Tils\u00e6t blot lidt vand og en af dine yndlings \u00e6teriske olier eller duftolie for en \u00f8jeblikkelig aromaoplevelse. Den bruger ultralydsb\u00f8lger til \u00f8jeblikkeligt at fordampe vandet og den \u00e6teriske olie [&hellip;]<\/p>\n","protected":false},"featured_media":254006,"comment_status":"closed","ping_status":"open","template":"","meta":[],"product_brand":[],"product_cat":[6153],"product_tag":[],"class_list":{"0":"post-203162","1":"product","2":"type-product","3":"status-publish","4":"has-post-thumbnail","6":"product_cat-aromaterapi-og-rumdufte","7":"pa_collection-electronic-led-colour-aroma-diffusers-da","8":"pa_made-in-kina","10":"first","11":"outofstock","12":"purchasable","13":"product-type-simple"},"supplier_id":null,"supplier_sku":"AATOM-26","barcode":null,"atum_controlled":true,"out_stock_date":"2025-10-08 11:19:40","out_stock_threshold":null,"inheritable":false,"inbound_stock":null,"stock_on_hold":0,"sold_today":0,"sales_last_days":0,"reserved_stock":null,"customer_returns":null,"warehouse_damage":null,"lost_in_post":null,"other_logs":null,"out_stock_days":120,"lost_sales":0,"has_location":null,"update_date":"2026-02-06T00:01:05","atum_locations":[],"atum_stock_status":"outofstock","restock_status":false,"low_stock_amount":"","sales_update_date":"2026-02-06T00:01:05","calc_backorders":null,"_links":{"self":[{"href":"https:\/\/aromasentia.com\/da\/wp-json\/wp\/v2\/product\/203162","targetHints":{"allow":["GET"]}}],"collection":[{"href":"https:\/\/aromasentia.com\/da\/wp-json\/wp\/v2\/product"}],"about":[{"href":"https:\/\/aromasentia.com\/da\/wp-json\/wp\/v2\/types\/product"}],"replies":[{"embeddable":true,"href":"https:\/\/aromasentia.com\/da\/wp-json\/wp\/v2\/comments?post=203162"}],"version-history":[{"count":0,"href":"https:\/\/aromasentia.com\/da\/wp-json\/wp\/v2\/product\/203162\/revisions"}],"wp:featuredmedia":[{"embeddable":true,"href":"https:\/\/aromasentia.com\/da\/wp-json\/wp\/v2\/media\/254006"}],"wp:attachment":[{"href":"https:\/\/aromasentia.com\/da\/wp-json\/wp\/v2\/media?parent=203162"}],"wp:term":[{"taxonomy":"product_brand","embeddable":true,"href":"https:\/\/aromasentia.com\/da\/wp-json\/wp\/v2\/product_brand?post=203162"},{"taxonomy":"product_cat","embeddable":true,"href":"https:\/\/aromasentia.com\/da\/wp-json\/wp\/v2\/product_cat?post=203162"},{"taxonomy":"product_tag","embeddable":true,"href":"https:\/\/aromasentia.com\/da\/wp-json\/wp\/v2\/product_tag?post=203162"}],"curies":[{"name":"wp","href":"https:\/\/api.w.org\/{rel}","templated":true}]}}