{"id":203161,"date":"2025-03-20T14:25:16","date_gmt":"2025-03-20T14:25:16","guid":{"rendered":"https:\/\/aromasentia.com\/product\/blaze-aroma-diffuser-himalayan-salt-chamber-usb-c-flame-effect-salt-included\/"},"modified":"2025-06-22T04:13:13","modified_gmt":"2025-06-22T04:13:13","slug":"blaze-aroma-diffuser-himalayasaltkammer-usb-c-flammeeffekt-salt-inkluderet","status":"publish","type":"product","link":"https:\/\/aromasentia.com\/da\/blaze-aroma-diffuser-himalayasaltkammer-usb-c-flammeeffekt-salt-inkluderet\/","title":{"rendered":"Blaze Aroma Diffuser &#8211; Himalayasaltkammer &#8211; Usb-C &#8211; Flammeeffekt (Salt Inkluderet)"},"content":{"rendered":"<p><span style=\"color: rgb(75, 80, 88);\">Himalayas Aroma Diffuser skaber en br\u00e6ndende flammeeffekt ved hj\u00e6lp af en kombination af lys og t\u00e5ge, der giver dig en duft til dit v\u00e6relse eller kontor. Tils\u00e6t blot lidt vand og en af dine yndlings \u00e6teriske olier eller duftolie for en \u00f8jeblikkelig aromaoplevelse.<\/span><\/p>\n<p><span style=\"color: rgb(75, 80, 88);\">Den bruger ultralydsb\u00f8lger til \u00f8jeblikkeligt at fordampe vandet og den \u00e6teriske olie i tanken for at skabe en k\u00f8lig, t\u00f8r og duftende t\u00e5ge..<\/span><\/p>\n<p><span style=\"color: rgb(75, 80, 88);\">Saltstykker medf\u00f8lger.<\/span><\/p>\n<p><span style=\"color: rgb(75, 80, 88);\">Tankkapacitet: 250 ml<\/span><\/p>\n<p><span style=\"color: rgb(75, 80, 88);\">Drevet af USB (ledningens l\u00e6ngde 100 cm)<\/span><\/p>\n<p><span style=\"color: rgb(75, 80, 88);\">Timer: 3-6 timer<\/span><\/p>\n<p><span style=\"color: rgb(75, 80, 88);\">M\u00e5l: h\u00f8jde 23 cm, diameter 19 cm<\/span><\/p>\n<p><span style=\"color: rgb(75, 80, 88);\"><strong>Skal bruges med \u00e6teriske olier<\/strong><\/span><a href=\"https:\/\/aromasentia.com\/eo\"><span style=\"color: rgb(149, 122, 101);\"><strong>kun blandet i vand!<\/strong><\/span><span style=\"color: rgb(141, 186, 216);\"><strong><\/strong><\/span><\/p>\n<p><span style=\"color: rgb(141, 186, 216);\"><strong>Hurtigt salg &#8211; tilf\u00f8j tilbuddet i dag og fuldst\u00e6ndigt atomisere dit salg.<\/strong><\/span><\/p>\n","protected":false},"excerpt":{"rendered":"<p>Himalayas Aroma Diffuser skaber en br\u00e6ndende flammeeffekt ved hj\u00e6lp af en kombination af lys og t\u00e5ge, der giver dig en duft til dit v\u00e6relse eller kontor. Tils\u00e6t blot lidt vand og en af dine yndlings \u00e6teriske olier eller duftolie for en \u00f8jeblikkelig aromaoplevelse. Den bruger ultralydsb\u00f8lger til \u00f8jeblikkeligt at fordampe vandet og den \u00e6teriske olie [&hellip;]<\/p>\n","protected":false},"featured_media":253981,"comment_status":"closed","ping_status":"open","template":"","meta":[],"product_brand":[],"product_cat":[6153],"product_tag":[],"class_list":{"0":"post-203161","1":"product","2":"type-product","3":"status-publish","4":"has-post-thumbnail","6":"product_cat-aromaterapi-og-rumdufte","7":"pa_collection-electronic-led-colour-aroma-diffusers-da","8":"pa_made-in-kina","10":"first","11":"instock","12":"purchasable","13":"product-type-simple"},"supplier_id":null,"supplier_sku":"AATOM-25","barcode":null,"atum_controlled":true,"out_stock_date":null,"out_stock_threshold":null,"inheritable":false,"inbound_stock":0,"stock_on_hold":0,"sold_today":0,"sales_last_days":0,"reserved_stock":0,"customer_returns":0,"warehouse_damage":0,"lost_in_post":0,"other_logs":0,"out_stock_days":0,"lost_sales":0,"has_location":false,"update_date":"2026-02-08T14:32:19","atum_locations":[],"atum_stock_status":"instock","restock_status":false,"low_stock_amount":"","sales_update_date":"2025-10-09T03:22:16","calc_backorders":null,"_links":{"self":[{"href":"https:\/\/aromasentia.com\/da\/wp-json\/wp\/v2\/product\/203161","targetHints":{"allow":["GET"]}}],"collection":[{"href":"https:\/\/aromasentia.com\/da\/wp-json\/wp\/v2\/product"}],"about":[{"href":"https:\/\/aromasentia.com\/da\/wp-json\/wp\/v2\/types\/product"}],"replies":[{"embeddable":true,"href":"https:\/\/aromasentia.com\/da\/wp-json\/wp\/v2\/comments?post=203161"}],"version-history":[{"count":0,"href":"https:\/\/aromasentia.com\/da\/wp-json\/wp\/v2\/product\/203161\/revisions"}],"wp:featuredmedia":[{"embeddable":true,"href":"https:\/\/aromasentia.com\/da\/wp-json\/wp\/v2\/media\/253981"}],"wp:attachment":[{"href":"https:\/\/aromasentia.com\/da\/wp-json\/wp\/v2\/media?parent=203161"}],"wp:term":[{"taxonomy":"product_brand","embeddable":true,"href":"https:\/\/aromasentia.com\/da\/wp-json\/wp\/v2\/product_brand?post=203161"},{"taxonomy":"product_cat","embeddable":true,"href":"https:\/\/aromasentia.com\/da\/wp-json\/wp\/v2\/product_cat?post=203161"},{"taxonomy":"product_tag","embeddable":true,"href":"https:\/\/aromasentia.com\/da\/wp-json\/wp\/v2\/product_tag?post=203161"}],"curies":[{"name":"wp","href":"https:\/\/api.w.org\/{rel}","templated":true}]}}