{"id":203158,"date":"2025-03-20T14:25:16","date_gmt":"2025-03-20T14:25:16","guid":{"rendered":"https:\/\/aromasentia.com\/product\/copenhagen-atomiser-usb-colour-change-timer\/"},"modified":"2025-06-22T04:13:12","modified_gmt":"2025-06-22T04:13:12","slug":"copenhagen-atomiser-usb-farveskift-timer","status":"publish","type":"product","link":"https:\/\/aromasentia.com\/da\/copenhagen-atomiser-usb-farveskift-timer\/","title":{"rendered":"Copenhagen Atomiser &#8211; Usb &#8211; Farveskift &#8211; Timer"},"content":{"rendered":"<p><strong>Copenhagen Atomiser Aroma Diffusers<\/strong>er tidl\u00f8se og elegante, de giver en flammefri og r\u00f8gfri m\u00e5de at dufte dit v\u00e6relse eller kontor p\u00e5. Tils\u00e6t blot lidt vand og din yndlings \u00e6teriske olie eller duftolie for en \u00f8jeblikkelig aromaoplevelse.<\/p>\n<p>&#8211; Tankkapacitet 120 ml<\/p>\n<p>&#8211; LED-lys &#8211; 4 farver<\/p>\n<p>&#8211; Str\u00f8mforsynes via USB (ledningsl\u00e6ngde 100 cm)<\/p>\n<p>&#8211; Automatisk sluk, n\u00e5r vandet l\u00f8ber t\u00f8r<\/p>\n<p>&#8211; Timer 1-3-6 timer<\/p>\n<p>H\u00f8jde 15 cm, Diameter: 10,5 cm, V\u00e6gt 0,400 g<\/p>\n<p>Leveres med brugermanual<\/p>\n","protected":false},"excerpt":{"rendered":"<p>Copenhagen Atomiser Aroma Diffuserser tidl\u00f8se og elegante, de giver en flammefri og r\u00f8gfri m\u00e5de at dufte dit v\u00e6relse eller kontor p\u00e5. Tils\u00e6t blot lidt vand og din yndlings \u00e6teriske olie eller duftolie for en \u00f8jeblikkelig aromaoplevelse. &#8211; Tankkapacitet 120 ml &#8211; LED-lys &#8211; 4 farver &#8211; Str\u00f8mforsynes via USB (ledningsl\u00e6ngde 100 cm) &#8211; Automatisk sluk, [&hellip;]<\/p>\n","protected":false},"featured_media":253890,"comment_status":"closed","ping_status":"open","template":"","meta":[],"product_brand":[],"product_cat":[8352,6169],"product_tag":[],"class_list":{"0":"post-203158","1":"product","2":"type-product","3":"status-publish","4":"has-post-thumbnail","6":"product_cat-aromadiffusere-duftspredere","7":"product_cat-aromalamper-aromadiffusere-og-duftstaenger","8":"pa_collection-electronic-led-colour-aroma-diffusers-da","9":"pa_made-in-kina","11":"first","12":"instock","13":"purchasable","14":"product-type-simple"},"supplier_id":null,"supplier_sku":"AATOM-19","barcode":null,"atum_controlled":true,"out_stock_date":null,"out_stock_threshold":null,"inheritable":false,"inbound_stock":null,"stock_on_hold":0,"sold_today":0,"sales_last_days":0,"reserved_stock":null,"customer_returns":null,"warehouse_damage":null,"lost_in_post":null,"other_logs":null,"out_stock_days":0,"lost_sales":0,"has_location":null,"update_date":"2026-02-12T05:52:45","atum_locations":[],"atum_stock_status":"instock","restock_status":false,"low_stock_amount":"","sales_update_date":"2025-10-09T03:22:15","calc_backorders":null,"_links":{"self":[{"href":"https:\/\/aromasentia.com\/da\/wp-json\/wp\/v2\/product\/203158","targetHints":{"allow":["GET"]}}],"collection":[{"href":"https:\/\/aromasentia.com\/da\/wp-json\/wp\/v2\/product"}],"about":[{"href":"https:\/\/aromasentia.com\/da\/wp-json\/wp\/v2\/types\/product"}],"replies":[{"embeddable":true,"href":"https:\/\/aromasentia.com\/da\/wp-json\/wp\/v2\/comments?post=203158"}],"version-history":[{"count":0,"href":"https:\/\/aromasentia.com\/da\/wp-json\/wp\/v2\/product\/203158\/revisions"}],"wp:featuredmedia":[{"embeddable":true,"href":"https:\/\/aromasentia.com\/da\/wp-json\/wp\/v2\/media\/253890"}],"wp:attachment":[{"href":"https:\/\/aromasentia.com\/da\/wp-json\/wp\/v2\/media?parent=203158"}],"wp:term":[{"taxonomy":"product_brand","embeddable":true,"href":"https:\/\/aromasentia.com\/da\/wp-json\/wp\/v2\/product_brand?post=203158"},{"taxonomy":"product_cat","embeddable":true,"href":"https:\/\/aromasentia.com\/da\/wp-json\/wp\/v2\/product_cat?post=203158"},{"taxonomy":"product_tag","embeddable":true,"href":"https:\/\/aromasentia.com\/da\/wp-json\/wp\/v2\/product_tag?post=203158"}],"curies":[{"name":"wp","href":"https:\/\/api.w.org\/{rel}","templated":true}]}}