{"id":203156,"date":"2025-03-20T14:25:16","date_gmt":"2025-03-20T14:25:16","guid":{"rendered":"https:\/\/aromasentia.com\/product\/helsinki-atomiser-usb-colour-change-timer\/"},"modified":"2025-06-22T04:13:09","modified_gmt":"2025-06-22T04:13:09","slug":"helsinki-atomiser-usb-farveskift-timer","status":"publish","type":"product","link":"https:\/\/aromasentia.com\/da\/helsinki-atomiser-usb-farveskift-timer\/","title":{"rendered":"Helsinki Atomiser &#8211; Usb &#8211; Farveskift &#8211; Timer"},"content":{"rendered":"<p><strong>Helsinki Atomiser &#8211; USB &#8211; Farveskift- Timer<\/strong> bruger ultralydsb\u00f8lger til \u00f8jeblikkeligt at fordampe vandet og den \u00e6teriske olie i tanken for at skabe en k\u00f8lig, t\u00f8r duftt\u00e5ge.<\/p>\n<p>Tankkapacitet: 120 ml<\/p>\n<p>LED-lys &#8211; 7 varianter<\/p>\n<p>Drevet af USB (ledningens l\u00e6ngde 100 cm)<\/p>\n<p>M\u00e5l: H\u00f8jde 13 cm, diameter 11 cm<\/p>\n<p><span style=\"color: rgb(184, 49, 47);\"><strong>Kun til brug med \u00e6teriske olier blandet i vand!<\/strong><\/span><\/p>\n","protected":false},"excerpt":{"rendered":"<p>Helsinki Atomiser &#8211; USB &#8211; Farveskift- Timer bruger ultralydsb\u00f8lger til \u00f8jeblikkeligt at fordampe vandet og den \u00e6teriske olie i tanken for at skabe en k\u00f8lig, t\u00f8r duftt\u00e5ge. Tankkapacitet: 120 ml LED-lys &#8211; 7 varianter Drevet af USB (ledningens l\u00e6ngde 100 cm) M\u00e5l: H\u00f8jde 13 cm, diameter 11 cm Kun til brug med \u00e6teriske olier blandet [&hellip;]<\/p>\n","protected":false},"featured_media":253856,"comment_status":"closed","ping_status":"open","template":"","meta":[],"product_brand":[],"product_cat":[8352,6169],"product_tag":[],"class_list":{"0":"post-203156","1":"product","2":"type-product","3":"status-publish","4":"has-post-thumbnail","6":"product_cat-aromadiffusere-duftspredere","7":"product_cat-aromalamper-aromadiffusere-og-duftstaenger","8":"pa_collection-electronic-led-colour-aroma-diffusers-da","9":"pa_made-in-kina","11":"first","12":"outofstock","13":"purchasable","14":"product-type-simple"},"supplier_id":null,"supplier_sku":"AATOM-21","barcode":null,"atum_controlled":true,"out_stock_date":"2025-10-08 11:19:29","out_stock_threshold":null,"inheritable":false,"inbound_stock":null,"stock_on_hold":0,"sold_today":0,"sales_last_days":0,"reserved_stock":null,"customer_returns":null,"warehouse_damage":null,"lost_in_post":null,"other_logs":null,"out_stock_days":120,"lost_sales":0,"has_location":null,"update_date":"2026-02-06T00:00:56","atum_locations":[],"atum_stock_status":"outofstock","restock_status":false,"low_stock_amount":"","sales_update_date":"2026-02-06T00:00:56","calc_backorders":null,"_links":{"self":[{"href":"https:\/\/aromasentia.com\/da\/wp-json\/wp\/v2\/product\/203156","targetHints":{"allow":["GET"]}}],"collection":[{"href":"https:\/\/aromasentia.com\/da\/wp-json\/wp\/v2\/product"}],"about":[{"href":"https:\/\/aromasentia.com\/da\/wp-json\/wp\/v2\/types\/product"}],"replies":[{"embeddable":true,"href":"https:\/\/aromasentia.com\/da\/wp-json\/wp\/v2\/comments?post=203156"}],"version-history":[{"count":0,"href":"https:\/\/aromasentia.com\/da\/wp-json\/wp\/v2\/product\/203156\/revisions"}],"wp:featuredmedia":[{"embeddable":true,"href":"https:\/\/aromasentia.com\/da\/wp-json\/wp\/v2\/media\/253856"}],"wp:attachment":[{"href":"https:\/\/aromasentia.com\/da\/wp-json\/wp\/v2\/media?parent=203156"}],"wp:term":[{"taxonomy":"product_brand","embeddable":true,"href":"https:\/\/aromasentia.com\/da\/wp-json\/wp\/v2\/product_brand?post=203156"},{"taxonomy":"product_cat","embeddable":true,"href":"https:\/\/aromasentia.com\/da\/wp-json\/wp\/v2\/product_cat?post=203156"},{"taxonomy":"product_tag","embeddable":true,"href":"https:\/\/aromasentia.com\/da\/wp-json\/wp\/v2\/product_tag?post=203156"}],"curies":[{"name":"wp","href":"https:\/\/api.w.org\/{rel}","templated":true}]}}