{"id":203148,"date":"2025-03-20T14:25:16","date_gmt":"2025-03-20T14:25:16","guid":{"rendered":"https:\/\/aromasentia.com\/product\/santorini-atomiser-shell-effect-usb-colour-change-timer\/"},"modified":"2025-06-22T04:13:05","modified_gmt":"2025-06-22T04:13:05","slug":"santorini-forstoever-skalleffekt-usb-farveskift-timer","status":"publish","type":"product","link":"https:\/\/aromasentia.com\/da\/santorini-forstoever-skalleffekt-usb-farveskift-timer\/","title":{"rendered":"Santorini Forst\u00f8ver &#8211; Skalleffekt &#8211; Usb &#8211; Farveskift &#8211; Timer"},"content":{"rendered":"<p><strong>&nbsp;Aroma Diffusers<\/strong> er tidl\u00f8se og elegante, og de giver en flammefri og r\u00f8gfri m\u00e5de at dufte dit v\u00e6relse eller kontor p\u00e5. Tils\u00e6t blot lidt vand og en favorit \u00e6terisk olie eller duftolie for en \u00f8jeblikkelig aromaoplevelse.<\/p>\n<p>Aroma Diffuseren bruger en ultralydsmotor til at pumpe vandet ud, s\u00e5 den er meget stille under brug. Med et farveskiftende stemningslys kan den bruges som en simpel luftfugter.<\/p>\n<p>Aromadiffusere er meget nemme at betjene og vedligeholde, og skal kun lejlighedsvis fyldes med en lille m\u00e6ngde vand og et par dr\u00e5ber duftolie.<\/p>\n<p>Hurtigt salg &#8211; fyld op i dag for at forst\u00f8ve dit salg fuldst\u00e6ndigt<\/p>\n<p>&#8211; Tankkapacitet 400 ml<\/p>\n<p>&#8211; LED-lys &#8211; 7 stk.<\/p>\n<p>&#8211; Str\u00f8mforsynes via USB (ledningsl\u00e6ngde 100 cm)<\/p>\n<p>&#8211; ingen timer<\/p>\n<p>H\u00f8jde: 15,5 cm, diameter: 16 cm, v\u00e6gt 340 g<\/p>\n","protected":false},"excerpt":{"rendered":"<p>&nbsp;Aroma Diffusers er tidl\u00f8se og elegante, og de giver en flammefri og r\u00f8gfri m\u00e5de at dufte dit v\u00e6relse eller kontor p\u00e5. Tils\u00e6t blot lidt vand og en favorit \u00e6terisk olie eller duftolie for en \u00f8jeblikkelig aromaoplevelse. Aroma Diffuseren bruger en ultralydsmotor til at pumpe vandet ud, s\u00e5 den er meget stille under brug. Med et [&hellip;]<\/p>\n","protected":false},"featured_media":253768,"comment_status":"closed","ping_status":"open","template":"","meta":{"_angie_page":false},"product_brand":[],"product_cat":[8352,6169],"product_tag":[],"class_list":{"0":"post-203148","1":"product","2":"type-product","3":"status-publish","4":"has-post-thumbnail","6":"product_cat-aromadiffusere-duftspredere","7":"product_cat-aromalamper-aromadiffusere-og-duftstaenger","8":"pa_collection-electronic-led-colour-aroma-diffusers-da","9":"pa_made-in-kina","11":"first","12":"instock","13":"purchasable","14":"product-type-simple"},"supplier_id":null,"supplier_sku":"AATOM-12","barcode":null,"atum_controlled":true,"out_stock_date":null,"out_stock_threshold":null,"inheritable":false,"inbound_stock":null,"stock_on_hold":0,"sold_today":0,"sales_last_days":0,"reserved_stock":null,"customer_returns":null,"warehouse_damage":null,"lost_in_post":null,"other_logs":null,"out_stock_days":0,"lost_sales":0,"has_location":null,"update_date":"2026-04-27T06:48:40","atum_locations":[],"atum_stock_status":"instock","restock_status":false,"low_stock_amount":"","sales_update_date":"2025-10-09T03:22:15","calc_backorders":null,"_links":{"self":[{"href":"https:\/\/aromasentia.com\/da\/wp-json\/wp\/v2\/product\/203148","targetHints":{"allow":["GET"]}}],"collection":[{"href":"https:\/\/aromasentia.com\/da\/wp-json\/wp\/v2\/product"}],"about":[{"href":"https:\/\/aromasentia.com\/da\/wp-json\/wp\/v2\/types\/product"}],"replies":[{"embeddable":true,"href":"https:\/\/aromasentia.com\/da\/wp-json\/wp\/v2\/comments?post=203148"}],"version-history":[{"count":0,"href":"https:\/\/aromasentia.com\/da\/wp-json\/wp\/v2\/product\/203148\/revisions"}],"wp:featuredmedia":[{"embeddable":true,"href":"https:\/\/aromasentia.com\/da\/wp-json\/wp\/v2\/media\/253768"}],"wp:attachment":[{"href":"https:\/\/aromasentia.com\/da\/wp-json\/wp\/v2\/media?parent=203148"}],"wp:term":[{"taxonomy":"product_brand","embeddable":true,"href":"https:\/\/aromasentia.com\/da\/wp-json\/wp\/v2\/product_brand?post=203148"},{"taxonomy":"product_cat","embeddable":true,"href":"https:\/\/aromasentia.com\/da\/wp-json\/wp\/v2\/product_cat?post=203148"},{"taxonomy":"product_tag","embeddable":true,"href":"https:\/\/aromasentia.com\/da\/wp-json\/wp\/v2\/product_tag?post=203148"}],"curies":[{"name":"wp","href":"https:\/\/api.w.org\/{rel}","templated":true}]}}