{"id":203145,"date":"2025-03-20T14:25:16","date_gmt":"2025-03-20T14:25:16","guid":{"rendered":"https:\/\/aromasentia.com\/product\/box-of-140ml-reed-diffuser-fell-berry\/"},"modified":"2025-06-22T04:13:02","modified_gmt":"2025-06-22T04:13:02","slug":"aeske-med-140ml-sivdiffusor-fell-berry","status":"publish","type":"product","link":"https:\/\/aromasentia.com\/da\/aeske-med-140ml-sivdiffusor-fell-berry\/","title":{"rendered":"\u00c6ske med 140ml Sivdiffusor &#8211; Fell Berry"},"content":{"rendered":"<p>Oplev den rustikke charme ved Fell Berry med denne fortryllende 140 ml r\u00f8rspreder. Denne duft fremkalder billeder af vilde b\u00e6r, der er samlet fra barske, forbl\u00e6ste fjelde, og byder p\u00e5 en dejlig blanding af saftige, let syrlige og subtilt jordagtige noter. Det er en duft, der forbinder dig med naturens ut\u00e6mmede sk\u00f8nhed og fylder dit hjem med en beroligende og forfriskende aroma. Lad den rige b\u00e6rduft opl\u00f8fte dit rum og skabe en varm, indbydende atmosf\u00e6re, der taler om naturlig overflod og enkle gl\u00e6der, som man finder i naturen.<\/p>\n","protected":false},"excerpt":{"rendered":"<p>Oplev den rustikke charme ved Fell Berry med denne fortryllende 140 ml r\u00f8rspreder. Denne duft fremkalder billeder af vilde b\u00e6r, der er samlet fra barske, forbl\u00e6ste fjelde, og byder p\u00e5 en dejlig blanding af saftige, let syrlige og subtilt jordagtige noter. Det er en duft, der forbinder dig med naturens ut\u00e6mmede sk\u00f8nhed og fylder dit [&hellip;]<\/p>\n","protected":false},"featured_media":666379,"comment_status":"closed","ping_status":"open","template":"","meta":{"_angie_page":false},"product_brand":[27084],"product_cat":[6169,6170],"product_tag":[],"class_list":{"0":"post-203145","1":"product","2":"type-product","3":"status-publish","4":"has-post-thumbnail","6":"product_brand-agnes-and-cat","7":"product_cat-aromalamper-aromadiffusere-og-duftstaenger","8":"product_cat-duftstaenger-duftfrisker","9":"pa_collection-reed-diffusers-140ml-da","10":"pa_made-in-storbritannien","11":"pa_size-140ml","13":"first","14":"instock","15":"purchasable","16":"product-type-simple"},"supplier_id":null,"supplier_sku":"ACD-03DS","barcode":null,"atum_controlled":true,"out_stock_date":null,"out_stock_threshold":null,"inheritable":false,"inbound_stock":null,"stock_on_hold":0,"sold_today":0,"sales_last_days":0,"reserved_stock":null,"customer_returns":null,"warehouse_damage":null,"lost_in_post":null,"other_logs":null,"out_stock_days":0,"lost_sales":0,"has_location":null,"update_date":"2026-04-27T07:27:46","atum_locations":[],"atum_stock_status":"instock","restock_status":false,"low_stock_amount":"","sales_update_date":"2026-01-30T01:26:40","calc_backorders":null,"_links":{"self":[{"href":"https:\/\/aromasentia.com\/da\/wp-json\/wp\/v2\/product\/203145","targetHints":{"allow":["GET"]}}],"collection":[{"href":"https:\/\/aromasentia.com\/da\/wp-json\/wp\/v2\/product"}],"about":[{"href":"https:\/\/aromasentia.com\/da\/wp-json\/wp\/v2\/types\/product"}],"replies":[{"embeddable":true,"href":"https:\/\/aromasentia.com\/da\/wp-json\/wp\/v2\/comments?post=203145"}],"version-history":[{"count":0,"href":"https:\/\/aromasentia.com\/da\/wp-json\/wp\/v2\/product\/203145\/revisions"}],"wp:featuredmedia":[{"embeddable":true,"href":"https:\/\/aromasentia.com\/da\/wp-json\/wp\/v2\/media\/666379"}],"wp:attachment":[{"href":"https:\/\/aromasentia.com\/da\/wp-json\/wp\/v2\/media?parent=203145"}],"wp:term":[{"taxonomy":"product_brand","embeddable":true,"href":"https:\/\/aromasentia.com\/da\/wp-json\/wp\/v2\/product_brand?post=203145"},{"taxonomy":"product_cat","embeddable":true,"href":"https:\/\/aromasentia.com\/da\/wp-json\/wp\/v2\/product_cat?post=203145"},{"taxonomy":"product_tag","embeddable":true,"href":"https:\/\/aromasentia.com\/da\/wp-json\/wp\/v2\/product_tag?post=203145"}],"curies":[{"name":"wp","href":"https:\/\/api.w.org\/{rel}","templated":true}]}}