{"id":203144,"date":"2025-03-20T14:25:16","date_gmt":"2025-03-20T14:25:16","guid":{"rendered":"https:\/\/aromasentia.com\/product\/box-of-140ml-reed-diffuser-clementine\/"},"modified":"2025-06-22T04:13:01","modified_gmt":"2025-06-22T04:13:01","slug":"aeske-med-140ml-sivdiffusor-klementin","status":"publish","type":"product","link":"https:\/\/aromasentia.com\/da\/aeske-med-140ml-sivdiffusor-klementin\/","title":{"rendered":"\u00c6ske med 140ml Sivdiffusor &#8211; Klementin"},"content":{"rendered":"<p>Lys dine omgivelser op med den glade gl\u00e6de fra vores Clementine reed diffuser. Denne 140 ml diffuser udstr\u00e5ler en vidunderligt opl\u00f8ftende og s\u00f8d citrusduft, der indfanger den rene, solmodne essens af friskskr\u00e6llede klementiner. Dens livlige og muntre noter skaber \u00f8jeblikkeligt en livlig og indbydende atmosf\u00e6re, der er perfekt til at give dit rum energi og l\u00f8fte dit hum\u00f8r. Nyd den kontinuerlige spredning af denne funklende, glade duft, der bringer et strejf af solskin og forfriskende klarhed ind i din hverdag og f\u00e5r ethvert rum til at f\u00f8les mere levende og indbydende.<\/p>\n","protected":false},"excerpt":{"rendered":"<p>Lys dine omgivelser op med den glade gl\u00e6de fra vores Clementine reed diffuser. Denne 140 ml diffuser udstr\u00e5ler en vidunderligt opl\u00f8ftende og s\u00f8d citrusduft, der indfanger den rene, solmodne essens af friskskr\u00e6llede klementiner. Dens livlige og muntre noter skaber \u00f8jeblikkeligt en livlig og indbydende atmosf\u00e6re, der er perfekt til at give dit rum energi og [&hellip;]<\/p>\n","protected":false},"featured_media":254686,"comment_status":"closed","ping_status":"open","template":"","meta":{"_angie_page":false},"product_brand":[27084],"product_cat":[6169,6170],"product_tag":[],"class_list":{"0":"post-203144","1":"product","2":"type-product","3":"status-publish","4":"has-post-thumbnail","6":"product_brand-agnes-and-cat","7":"product_cat-aromalamper-aromadiffusere-og-duftstaenger","8":"product_cat-duftstaenger-duftfrisker","9":"pa_collection-reed-diffusers-140ml-da","10":"pa_made-in-storbritannien","11":"pa_size-140ml","13":"first","14":"instock","15":"purchasable","16":"product-type-simple"},"supplier_id":null,"supplier_sku":"ACD-23DS","barcode":null,"atum_controlled":true,"out_stock_date":null,"out_stock_threshold":null,"inheritable":false,"inbound_stock":null,"stock_on_hold":0,"sold_today":0,"sales_last_days":0,"reserved_stock":null,"customer_returns":null,"warehouse_damage":null,"lost_in_post":null,"other_logs":null,"out_stock_days":0,"lost_sales":0,"has_location":null,"update_date":"2026-04-27T07:27:46","atum_locations":[],"atum_stock_status":"instock","restock_status":false,"low_stock_amount":"","sales_update_date":"2026-01-30T01:26:39","calc_backorders":null,"_links":{"self":[{"href":"https:\/\/aromasentia.com\/da\/wp-json\/wp\/v2\/product\/203144","targetHints":{"allow":["GET"]}}],"collection":[{"href":"https:\/\/aromasentia.com\/da\/wp-json\/wp\/v2\/product"}],"about":[{"href":"https:\/\/aromasentia.com\/da\/wp-json\/wp\/v2\/types\/product"}],"replies":[{"embeddable":true,"href":"https:\/\/aromasentia.com\/da\/wp-json\/wp\/v2\/comments?post=203144"}],"version-history":[{"count":0,"href":"https:\/\/aromasentia.com\/da\/wp-json\/wp\/v2\/product\/203144\/revisions"}],"wp:featuredmedia":[{"embeddable":true,"href":"https:\/\/aromasentia.com\/da\/wp-json\/wp\/v2\/media\/254686"}],"wp:attachment":[{"href":"https:\/\/aromasentia.com\/da\/wp-json\/wp\/v2\/media?parent=203144"}],"wp:term":[{"taxonomy":"product_brand","embeddable":true,"href":"https:\/\/aromasentia.com\/da\/wp-json\/wp\/v2\/product_brand?post=203144"},{"taxonomy":"product_cat","embeddable":true,"href":"https:\/\/aromasentia.com\/da\/wp-json\/wp\/v2\/product_cat?post=203144"},{"taxonomy":"product_tag","embeddable":true,"href":"https:\/\/aromasentia.com\/da\/wp-json\/wp\/v2\/product_tag?post=203144"}],"curies":[{"name":"wp","href":"https:\/\/api.w.org\/{rel}","templated":true}]}}