{"id":203140,"date":"2025-03-20T14:25:16","date_gmt":"2025-03-20T14:25:16","guid":{"rendered":"https:\/\/aromasentia.com\/product\/aromatherapy-bath-potion-in-kraft-bag-350g-stress-buster\/"},"modified":"2025-06-22T04:12:58","modified_gmt":"2025-06-22T04:12:58","slug":"aromaterapeutisk-badedrik-i-kraftpose-350g-stress-buster","status":"publish","type":"product","link":"https:\/\/aromasentia.com\/da\/aromaterapeutisk-badedrik-i-kraftpose-350g-stress-buster\/","title":{"rendered":"Aromaterapeutisk Badedrik I Kraftpose 350g &#8211; Stress Buster"},"content":{"rendered":"<p>Aroma Sentia <strong>Aromaterapi Badedrikker &#8211; Stress Buster<\/strong> er lavet med en kunstf\u00e6rdig blanding af rene \u00e6teriske olier i havsalt p\u00e5 vores produktionssted i Sheffield. De s\u00e6lges i 350 g kraftposer og er den perfekte gave at give til dine k\u00e6re eller til at fork\u00e6le dig selv. Denne badedrikk vil afslappe din krop, give energi og rense dit sind.<\/p>\n<p>Tils\u00e6t 2 eller 3 teskefulde badesalt til et rindende bad for en aromaterapi-badeoplevelse. Hvis du leder efter en stor m\u00e6ngde, f\u00e5s badedrikker ogs\u00e5 i 7 kg hessian-s\u00e6kke.<\/p>\n<p>Bestil i dag for at tilbyde dine kunder den magiske badeoplevelse.<\/p>\n","protected":false},"excerpt":{"rendered":"<p>Aroma Sentia Aromaterapi Badedrikker &#8211; Stress Buster er lavet med en kunstf\u00e6rdig blanding af rene \u00e6teriske olier i havsalt p\u00e5 vores produktionssted i Sheffield. De s\u00e6lges i 350 g kraftposer og er den perfekte gave at give til dine k\u00e6re eller til at fork\u00e6le dig selv. Denne badedrikk vil afslappe din krop, give energi og [&hellip;]<\/p>\n","protected":false},"featured_media":254642,"comment_status":"closed","ping_status":"open","template":"","meta":{"_angie_page":false},"product_brand":[],"product_cat":[6994,7131],"product_tag":[],"class_list":{"0":"post-203140","1":"product","2":"type-product","3":"status-publish","4":"has-post-thumbnail","6":"product_cat-bad-og-bruser","7":"product_cat-badesalt","8":"pa_collection-aromatherapy-bath-potion-350g-da","9":"pa_made-in-storbritannien","10":"pa_size-350g","12":"first","13":"instock","14":"purchasable","15":"product-type-simple"},"supplier_id":null,"supplier_sku":"ABPC-07","barcode":null,"atum_controlled":true,"out_stock_date":null,"out_stock_threshold":null,"inheritable":false,"inbound_stock":null,"stock_on_hold":0,"sold_today":0,"sales_last_days":0,"reserved_stock":null,"customer_returns":null,"warehouse_damage":null,"lost_in_post":null,"other_logs":null,"out_stock_days":0,"lost_sales":0,"has_location":null,"update_date":"2026-04-27T06:49:04","atum_locations":[],"atum_stock_status":"instock","restock_status":false,"low_stock_amount":"","sales_update_date":"2025-10-09T03:22:27","calc_backorders":null,"_links":{"self":[{"href":"https:\/\/aromasentia.com\/da\/wp-json\/wp\/v2\/product\/203140","targetHints":{"allow":["GET"]}}],"collection":[{"href":"https:\/\/aromasentia.com\/da\/wp-json\/wp\/v2\/product"}],"about":[{"href":"https:\/\/aromasentia.com\/da\/wp-json\/wp\/v2\/types\/product"}],"replies":[{"embeddable":true,"href":"https:\/\/aromasentia.com\/da\/wp-json\/wp\/v2\/comments?post=203140"}],"version-history":[{"count":0,"href":"https:\/\/aromasentia.com\/da\/wp-json\/wp\/v2\/product\/203140\/revisions"}],"wp:featuredmedia":[{"embeddable":true,"href":"https:\/\/aromasentia.com\/da\/wp-json\/wp\/v2\/media\/254642"}],"wp:attachment":[{"href":"https:\/\/aromasentia.com\/da\/wp-json\/wp\/v2\/media?parent=203140"}],"wp:term":[{"taxonomy":"product_brand","embeddable":true,"href":"https:\/\/aromasentia.com\/da\/wp-json\/wp\/v2\/product_brand?post=203140"},{"taxonomy":"product_cat","embeddable":true,"href":"https:\/\/aromasentia.com\/da\/wp-json\/wp\/v2\/product_cat?post=203140"},{"taxonomy":"product_tag","embeddable":true,"href":"https:\/\/aromasentia.com\/da\/wp-json\/wp\/v2\/product_tag?post=203140"}],"curies":[{"name":"wp","href":"https:\/\/api.w.org\/{rel}","templated":true}]}}