{"id":203133,"date":"2025-03-20T14:25:16","date_gmt":"2025-03-20T14:25:16","guid":{"rendered":"https:\/\/aromasentia.com\/product\/pink-nano-mist-face-fan-spray-usb-chargable\/"},"modified":"2025-06-22T04:12:53","modified_gmt":"2025-06-22T04:12:53","slug":"pink-nano-mist-face-fan-spray-usb-opladelig","status":"publish","type":"product","link":"https:\/\/aromasentia.com\/da\/pink-nano-mist-face-fan-spray-usb-opladelig\/","title":{"rendered":"Pink Nano mist Face Fan &#038; Spray &#8211; Usb-Opladelig"},"content":{"rendered":"<p><span style=\"color: rgb(75, 80, 88);\"><strong>Pink Nano Mist Face Fan &#038; Spray<\/strong>er designet til at give fugt og en forfriskende spray p\u00e5 farten, hvilket g\u00f8r den til et must-have til dit udvalg.<\/span><\/p>\n<p><span style=\"color: rgb(75, 80, 88);\">Pink Nano Mist Face Fan &#038; Spray bruger avanceret nano-sprayteknologi til at levere en fin, forfriskende spray, der \u00f8jeblikkeligt fugter og revitaliserer huden. Den er designet til at v\u00e6re kompakt og let, og er ideel til brug derhjemme, p\u00e5 kontoret eller p\u00e5 rejsen. Denne enhed har ogs\u00e5 USB-opladning, hvilket forbedrer bekvemmeligheden og brugervenligheden p\u00e5 farten.<\/span><\/p>\n<p><span style=\"color: rgb(75, 80, 88);\"><strong>Det er en k\u00f8leventilator og spray i \u00e9n<\/strong>, hvilket g\u00f8r den ideel til brug p\u00e5 varme dage eller efter hudplejerutiner. Kunder med en r\u00e6kke forskellige \u00e6stetiske pr\u00e6ferencer vil blive tiltrukket af den elegante lyser\u00f8de finish, som tilf\u00f8jer et strejf af stil til ethvert milj\u00f8.<\/span><\/p>\n<p><span style=\"color: rgb(75, 80, 88);\">Den pink Nano Mist Face Fan &#038; Spray vil tilf\u00f8re v\u00e6rdi til dine produkter og give dine kunder stilfuld, b\u00e6rbar hydrering og k\u00f8ling.<\/span><\/p>\n<p><span style=\"color: rgb(75, 80, 88);\">Forbedr dit lager med den pink Nano Mist Face Fan &#038; Spray, der giver dine kunder luksusen af stilfuld, b\u00e6rbar k\u00f8ling og hydrering, uanset hvor de g\u00e5r.<\/span><\/p>\n","protected":false},"excerpt":{"rendered":"<p>Pink Nano Mist Face Fan &#038; Sprayer designet til at give fugt og en forfriskende spray p\u00e5 farten, hvilket g\u00f8r den til et must-have til dit udvalg. Pink Nano Mist Face Fan &#038; Spray bruger avanceret nano-sprayteknologi til at levere en fin, forfriskende spray, der \u00f8jeblikkeligt fugter og revitaliserer huden. Den er designet til at [&hellip;]<\/p>\n","protected":false},"featured_media":254499,"comment_status":"closed","ping_status":"open","template":"","meta":[],"product_brand":[],"product_cat":[6153],"product_tag":[],"class_list":{"0":"post-203133","1":"product","2":"type-product","3":"status-publish","4":"has-post-thumbnail","6":"product_cat-aromaterapi-og-rumdufte","7":"pa_collection-electronic-led-colour-aroma-diffusers-da","8":"pa_made-in-kina","10":"first","11":"instock","12":"purchasable","13":"product-type-simple"},"supplier_id":null,"supplier_sku":"AATOM-36","barcode":null,"atum_controlled":true,"out_stock_date":null,"out_stock_threshold":null,"inheritable":false,"inbound_stock":null,"stock_on_hold":0,"sold_today":0,"sales_last_days":0,"reserved_stock":null,"customer_returns":null,"warehouse_damage":null,"lost_in_post":null,"other_logs":null,"out_stock_days":0,"lost_sales":0,"has_location":null,"update_date":"2026-02-06T00:01:37","atum_locations":[],"atum_stock_status":"instock","restock_status":false,"low_stock_amount":"","sales_update_date":"2026-02-06T00:01:37","calc_backorders":null,"_links":{"self":[{"href":"https:\/\/aromasentia.com\/da\/wp-json\/wp\/v2\/product\/203133","targetHints":{"allow":["GET"]}}],"collection":[{"href":"https:\/\/aromasentia.com\/da\/wp-json\/wp\/v2\/product"}],"about":[{"href":"https:\/\/aromasentia.com\/da\/wp-json\/wp\/v2\/types\/product"}],"replies":[{"embeddable":true,"href":"https:\/\/aromasentia.com\/da\/wp-json\/wp\/v2\/comments?post=203133"}],"version-history":[{"count":0,"href":"https:\/\/aromasentia.com\/da\/wp-json\/wp\/v2\/product\/203133\/revisions"}],"wp:featuredmedia":[{"embeddable":true,"href":"https:\/\/aromasentia.com\/da\/wp-json\/wp\/v2\/media\/254499"}],"wp:attachment":[{"href":"https:\/\/aromasentia.com\/da\/wp-json\/wp\/v2\/media?parent=203133"}],"wp:term":[{"taxonomy":"product_brand","embeddable":true,"href":"https:\/\/aromasentia.com\/da\/wp-json\/wp\/v2\/product_brand?post=203133"},{"taxonomy":"product_cat","embeddable":true,"href":"https:\/\/aromasentia.com\/da\/wp-json\/wp\/v2\/product_cat?post=203133"},{"taxonomy":"product_tag","embeddable":true,"href":"https:\/\/aromasentia.com\/da\/wp-json\/wp\/v2\/product_tag?post=203133"}],"curies":[{"name":"wp","href":"https:\/\/api.w.org\/{rel}","templated":true}]}}