{"id":203131,"date":"2025-03-20T14:25:16","date_gmt":"2025-03-20T14:25:16","guid":{"rendered":"https:\/\/aromasentia.com\/product\/pink-humidifer-mondo-planet-usb-colour-change-down-light\/"},"modified":"2025-06-22T04:12:51","modified_gmt":"2025-06-22T04:12:51","slug":"pink-humidifer-mondo-planet-usb-farveskift-down-light","status":"publish","type":"product","link":"https:\/\/aromasentia.com\/da\/pink-humidifer-mondo-planet-usb-farveskift-down-light\/","title":{"rendered":"Pink Humidifer mondo Planet &#8211; Usb &#8211; Farveskift (Down Light)"},"content":{"rendered":"<p><strong><span style=\"color: rgb(75, 80, 88);\">Den lyser\u00f8de luftfugter Mondo Planet<\/span><\/strong><span style=\"color: rgb(75, 80, 88);\">har et moderne, transparent design, der appellerer til moderne \u00e6stetik, og er designet til at opretholde optimale fugtighedsniveauer, hvilket fremmer bedre vejrtr\u00e6kning og sundere hud.<\/span><\/p>\n<p><span style=\"color: rgb(75, 80, 88);\"><strong>S\u00e5dan bruges den:<\/strong><\/span><\/p>\n<p><span style=\"color: rgb(75, 80, 88);\"><strong>Lysknap:<\/strong>Det f\u00f8rste klik er varmt hvidt lys, det andet klik er alle lys t\u00e6ndt, det tredje klik er lampetilstand, og det fjerde klik er slukket lystilstand.<\/span><\/p>\n<p><span style=\"color: rgb(75, 80, 88);\"><strong>Sprayknap:<\/strong> Tryk og hold nede f\u00f8rste gang for at t\u00e6nde sprayen, og tryk og hold nede igen for at slukke for sprayen.<\/span><\/p>\n<p><span style=\"color: rgb(75, 80, 88);\"><strong>Vandtils\u00e6tningsmetode:<\/strong> Tag fat i bunden af vandtanken med h\u00e5nden, \u00e5bn vandtanken i den retning, der er angivet p\u00e5 etiketten, og tils\u00e6t vand. L\u00e5s indersiden af vandtanken efter tils\u00e6tning af vand. Juster m\u00e6rkningen med hoveddelen, drej med uret for at l\u00e5se vandtanken og mod uret for at \u00e5bne den.<\/span><\/p>\n<p><span style=\"color: rgb(75, 80, 88);\"><strong>Bem\u00e6rk:<\/strong> Denne maskine er udstyret med to vatpinde (en til reserve). Fjern \u00e6rmet og vatpinden fra tilbeh\u00f8rsposen ved f\u00f8rste brug. N\u00e5r vatpinden er blevet dybt i vandet, skal den monteres i \u00e6rmet, og \u00e6rmet med vatpinden fastg\u00f8res p\u00e5 den indvendige beslag p\u00e5 vandtanken over det maksimale vandniveau. Sp\u00e6nd vandtanken, og f\u00f8lg instruktionerne for at begynde at arbejde.<\/span><\/p>\n","protected":false},"excerpt":{"rendered":"<p>Den lyser\u00f8de luftfugter Mondo Planethar et moderne, transparent design, der appellerer til moderne \u00e6stetik, og er designet til at opretholde optimale fugtighedsniveauer, hvilket fremmer bedre vejrtr\u00e6kning og sundere hud. S\u00e5dan bruges den: Lysknap:Det f\u00f8rste klik er varmt hvidt lys, det andet klik er alle lys t\u00e6ndt, det tredje klik er lampetilstand, og det fjerde klik [&hellip;]<\/p>\n","protected":false},"featured_media":254433,"comment_status":"closed","ping_status":"open","template":"","meta":{"_angie_page":false},"product_brand":[],"product_cat":[6153],"product_tag":[],"class_list":{"0":"post-203131","1":"product","2":"type-product","3":"status-publish","4":"has-post-thumbnail","6":"product_cat-aromaterapi-og-rumdufte","7":"pa_collection-electronic-led-colour-aroma-diffusers-da","8":"pa_made-in-kina","10":"first","11":"instock","12":"purchasable","13":"product-type-simple"},"supplier_id":null,"supplier_sku":"AATOM-34","barcode":null,"atum_controlled":true,"out_stock_date":null,"out_stock_threshold":null,"inheritable":false,"inbound_stock":null,"stock_on_hold":0,"sold_today":0,"sales_last_days":0,"reserved_stock":null,"customer_returns":null,"warehouse_damage":null,"lost_in_post":null,"other_logs":null,"out_stock_days":0,"lost_sales":0,"has_location":null,"update_date":"2026-05-09T13:16:10","atum_locations":[],"atum_stock_status":"instock","restock_status":false,"low_stock_amount":"","sales_update_date":"2026-01-30T01:26:00","calc_backorders":null,"_links":{"self":[{"href":"https:\/\/aromasentia.com\/da\/wp-json\/wp\/v2\/product\/203131","targetHints":{"allow":["GET"]}}],"collection":[{"href":"https:\/\/aromasentia.com\/da\/wp-json\/wp\/v2\/product"}],"about":[{"href":"https:\/\/aromasentia.com\/da\/wp-json\/wp\/v2\/types\/product"}],"replies":[{"embeddable":true,"href":"https:\/\/aromasentia.com\/da\/wp-json\/wp\/v2\/comments?post=203131"}],"version-history":[{"count":0,"href":"https:\/\/aromasentia.com\/da\/wp-json\/wp\/v2\/product\/203131\/revisions"}],"wp:featuredmedia":[{"embeddable":true,"href":"https:\/\/aromasentia.com\/da\/wp-json\/wp\/v2\/media\/254433"}],"wp:attachment":[{"href":"https:\/\/aromasentia.com\/da\/wp-json\/wp\/v2\/media?parent=203131"}],"wp:term":[{"taxonomy":"product_brand","embeddable":true,"href":"https:\/\/aromasentia.com\/da\/wp-json\/wp\/v2\/product_brand?post=203131"},{"taxonomy":"product_cat","embeddable":true,"href":"https:\/\/aromasentia.com\/da\/wp-json\/wp\/v2\/product_cat?post=203131"},{"taxonomy":"product_tag","embeddable":true,"href":"https:\/\/aromasentia.com\/da\/wp-json\/wp\/v2\/product_tag?post=203131"}],"curies":[{"name":"wp","href":"https:\/\/api.w.org\/{rel}","templated":true}]}}