{"id":203128,"date":"2025-03-20T14:25:16","date_gmt":"2025-03-20T14:25:16","guid":{"rendered":"https:\/\/aromasentia.com\/product\/urban-aroma-diffuser-white-bronze-usb-colour-change\/"},"modified":"2025-06-22T04:12:50","modified_gmt":"2025-06-22T04:12:50","slug":"urban-aroma-diffuser-white-bronze-usb-farveskift","status":"publish","type":"product","link":"https:\/\/aromasentia.com\/da\/urban-aroma-diffuser-white-bronze-usb-farveskift\/","title":{"rendered":"Urban Aroma Diffuser White &#038; Bronze- Usb &#8211; Farveskift"},"content":{"rendered":"<p><span style=\"color: rgb(75, 80, 88);\">Natlys Aromaterapi Luftfugter med natlysfunktion.<\/span><\/p>\n<p><span style=\"color: rgb(75, 80, 88);\"><em><strong>Brug et type C-stik til en str\u00f8mforsyning.<\/strong><\/em><\/span><\/p>\n<p><em><strong><span style=\"color: rgb(75, 80, 88);\">M\u00e5l: 12&#215;8,8&#215;8,8cm<\/span><\/strong><\/em><\/p>\n<p><span style=\"color: rgb(75, 80, 88);\"><strong><em>Vandtankkapacitet: 120ml<\/em><\/strong><\/span><\/p>\n<p><span style=\"color: rgb(75, 80, 88);\"><strong>S\u00e5dan bruges den:<\/strong><\/span><\/p>\n<p><span style=\"color: rgb(75, 80, 88);\"><strong>Tils\u00e6t vand<\/strong> f\u00f8r du bruger dette produkt. Det er forbudt at bruge befugtningsfunktionen i tilf\u00e6lde af vandmangel.<\/span><\/p>\n<p><span style=\"color: rgb(75, 80, 88);\"><strong>Vask ikke direkte med vandhanen, n\u00e5r du \u00e5bner produktet<\/strong>, for at undg\u00e5 kortslutning.<\/span><\/p>\n<p><span style=\"color: rgb(75, 80, 88);\"><strong>N\u00e5r produktet t\u00e6ndes<\/strong>, blinker RGB-lysene \u00e9n gang (0,5 sekunder hver)<\/span><\/p>\n<p><span style=\"color: rgb(75, 80, 88);\"><strong>Tryk kort \u00e9n gang<\/strong> for at starte spr\u00f8jtning. Ventilatoren roterer, og RGB-lysene t\u00e6nder i farverige cyklusser. Tryk derefter kort igen for at slukke.<\/span><\/p>\n<p><span style=\"color: rgb(75, 80, 88);\"><strong>Under funktionen<\/strong> skal du trykke l\u00e6nge i 2 sekunder for at fastg\u00f8re farven, hvorefter lyset t\u00e6ndes. Tryk derefter l\u00e6nge i 2 sekunder for at slukke lyset.<\/span><\/p>\n","protected":false},"excerpt":{"rendered":"<p>Natlys Aromaterapi Luftfugter med natlysfunktion. Brug et type C-stik til en str\u00f8mforsyning. M\u00e5l: 12&#215;8,8&#215;8,8cm Vandtankkapacitet: 120ml S\u00e5dan bruges den: Tils\u00e6t vand f\u00f8r du bruger dette produkt. Det er forbudt at bruge befugtningsfunktionen i tilf\u00e6lde af vandmangel. Vask ikke direkte med vandhanen, n\u00e5r du \u00e5bner produktet, for at undg\u00e5 kortslutning. N\u00e5r produktet t\u00e6ndes, blinker RGB-lysene \u00e9n [&hellip;]<\/p>\n","protected":false},"featured_media":254326,"comment_status":"closed","ping_status":"open","template":"","meta":[],"product_brand":[],"product_cat":[6153],"product_tag":[],"class_list":{"0":"post-203128","1":"product","2":"type-product","3":"status-publish","4":"has-post-thumbnail","6":"product_cat-aromaterapi-og-rumdufte","7":"pa_collection-electronic-led-colour-aroma-diffusers-da","8":"pa_made-in-kina","10":"first","11":"instock","12":"purchasable","13":"product-type-simple"},"supplier_id":null,"supplier_sku":"AATOM-31","barcode":null,"atum_controlled":true,"out_stock_date":null,"out_stock_threshold":null,"inheritable":false,"inbound_stock":null,"stock_on_hold":0,"sold_today":0,"sales_last_days":0,"reserved_stock":null,"customer_returns":null,"warehouse_damage":null,"lost_in_post":null,"other_logs":null,"out_stock_days":0,"lost_sales":0,"has_location":null,"update_date":"2026-02-10T10:29:39","atum_locations":[],"atum_stock_status":"instock","restock_status":false,"low_stock_amount":"","sales_update_date":"2025-10-09T03:22:17","calc_backorders":null,"_links":{"self":[{"href":"https:\/\/aromasentia.com\/da\/wp-json\/wp\/v2\/product\/203128","targetHints":{"allow":["GET"]}}],"collection":[{"href":"https:\/\/aromasentia.com\/da\/wp-json\/wp\/v2\/product"}],"about":[{"href":"https:\/\/aromasentia.com\/da\/wp-json\/wp\/v2\/types\/product"}],"replies":[{"embeddable":true,"href":"https:\/\/aromasentia.com\/da\/wp-json\/wp\/v2\/comments?post=203128"}],"version-history":[{"count":0,"href":"https:\/\/aromasentia.com\/da\/wp-json\/wp\/v2\/product\/203128\/revisions"}],"wp:featuredmedia":[{"embeddable":true,"href":"https:\/\/aromasentia.com\/da\/wp-json\/wp\/v2\/media\/254326"}],"wp:attachment":[{"href":"https:\/\/aromasentia.com\/da\/wp-json\/wp\/v2\/media?parent=203128"}],"wp:term":[{"taxonomy":"product_brand","embeddable":true,"href":"https:\/\/aromasentia.com\/da\/wp-json\/wp\/v2\/product_brand?post=203128"},{"taxonomy":"product_cat","embeddable":true,"href":"https:\/\/aromasentia.com\/da\/wp-json\/wp\/v2\/product_cat?post=203128"},{"taxonomy":"product_tag","embeddable":true,"href":"https:\/\/aromasentia.com\/da\/wp-json\/wp\/v2\/product_tag?post=203128"}],"curies":[{"name":"wp","href":"https:\/\/api.w.org\/{rel}","templated":true}]}}