{"id":203127,"date":"2025-03-20T14:25:16","date_gmt":"2025-03-20T14:25:16","guid":{"rendered":"https:\/\/aromasentia.com\/product\/double-switchable-essential-oil-waterless-nebulizer-usb-to-c\/"},"modified":"2025-06-22T04:12:49","modified_gmt":"2025-06-22T04:12:49","slug":"dobbelt-omskiftelig-vandloes-forstoever-til-aeteriske-olier-usb-til-c","status":"publish","type":"product","link":"https:\/\/aromasentia.com\/da\/dobbelt-omskiftelig-vandloes-forstoever-til-aeteriske-olier-usb-til-c\/","title":{"rendered":"Dobbelt (Omskiftelig) Vandl\u00f8s Forst\u00f8ver Til \u00c6teriske Olier &#8211; USB Til C"},"content":{"rendered":"<p><span style=\"color: rgb(75, 80, 88);\"><strong>Dobbelt vandfri forst\u00f8ver til \u00e6terisk olie<\/strong>beh\u00f8ver ikke vand eller varme. Den forst\u00f8ver den \u00e6teriske olie direkte i partikler p\u00e5 1-3 nanometer, hvilket ikke skader oliens molekyl\u00e6re struktur og forbedrer dens duft.<\/span><\/p>\n<p><span style=\"color: rgb(75, 80, 88);\">Tryk forsigtigt p\u00e5 knappen i bunden med fingrene ved f\u00f8rste brug. Fjern den tomme flaske, og udskift den med en ny flaske \u00e6terisk olie. S\u00e6t derefter dysen p\u00e5 igen. S\u00e6t flasken tilbage i originalemballagen. Trekantsymbolerne p\u00e5 dysen skal matche hinanden.<\/span><\/p>\n<p><span style=\"color: rgb(75, 80, 88);\"><strong>Bem\u00e6rk:<\/strong>N\u00e5r du udskifter flasken med \u00e6terisk olie, skal du se f\u00f8lgende figur: Hvis den \u00e6teriske olie ikke er brugt op under udskiftningen, skal du s\u00e6tte maskinen op. Sp\u00e6nd dyseenheden, og monter den, hvis den ikke kan fjernes.<\/span><\/p>\n<p><span style=\"color: rgb(75, 80, 88);\">Produktet oplades med 5V DC-sp\u00e6nding, som kan oplades med en USB-portadapter eller en biloplader med en USB-port. N\u00e5r produktet oplades, lyser Type-C-opladningslampen. N\u00e5r batteriet er fuldt opladet, lyser opladningslampen altid r\u00f8d.<\/span><\/p>\n<p><span style=\"color: rgb(75, 80, 88);\">N\u00e5r den er t\u00e6ndt, og den resterende batterikapacitet er mindre end 15 %, lyser opladningslampen over Type-C-dysen r\u00f8dt og blinker 3 gange i l\u00f8bet af 1 sekund (hurtig blinken), hvilket indikerer, at den skal oplades.<\/span><\/p>\n<p><span style=\"color: rgb(75, 80, 88);\"><strong>Velegnet til \u00e6teriske olier p\u00e5 flaske med 10 ml.<\/strong><\/span><\/p>\n","protected":false},"excerpt":{"rendered":"<p>Dobbelt vandfri forst\u00f8ver til \u00e6terisk oliebeh\u00f8ver ikke vand eller varme. Den forst\u00f8ver den \u00e6teriske olie direkte i partikler p\u00e5 1-3 nanometer, hvilket ikke skader oliens molekyl\u00e6re struktur og forbedrer dens duft. Tryk forsigtigt p\u00e5 knappen i bunden med fingrene ved f\u00f8rste brug. Fjern den tomme flaske, og udskift den med en ny flaske \u00e6terisk olie. [&hellip;]<\/p>\n","protected":false},"featured_media":254285,"comment_status":"closed","ping_status":"open","template":"","meta":{"_angie_page":false},"product_brand":[],"product_cat":[6153],"product_tag":[],"class_list":{"0":"post-203127","1":"product","2":"type-product","3":"status-publish","4":"has-post-thumbnail","6":"product_cat-aromaterapi-og-rumdufte","7":"pa_collection-electronic-led-colour-aroma-diffusers-da","8":"pa_made-in-kina","10":"first","11":"instock","12":"purchasable","13":"product-type-simple"},"supplier_id":null,"supplier_sku":"AATOM-37","barcode":null,"atum_controlled":true,"out_stock_date":null,"out_stock_threshold":null,"inheritable":false,"inbound_stock":null,"stock_on_hold":0,"sold_today":0,"sales_last_days":0,"reserved_stock":null,"customer_returns":null,"warehouse_damage":null,"lost_in_post":null,"other_logs":null,"out_stock_days":0,"lost_sales":0,"has_location":null,"update_date":"2026-04-27T06:48:46","atum_locations":[],"atum_stock_status":"instock","restock_status":false,"low_stock_amount":"","sales_update_date":"2026-01-30T01:24:47","calc_backorders":null,"_links":{"self":[{"href":"https:\/\/aromasentia.com\/da\/wp-json\/wp\/v2\/product\/203127","targetHints":{"allow":["GET"]}}],"collection":[{"href":"https:\/\/aromasentia.com\/da\/wp-json\/wp\/v2\/product"}],"about":[{"href":"https:\/\/aromasentia.com\/da\/wp-json\/wp\/v2\/types\/product"}],"replies":[{"embeddable":true,"href":"https:\/\/aromasentia.com\/da\/wp-json\/wp\/v2\/comments?post=203127"}],"version-history":[{"count":0,"href":"https:\/\/aromasentia.com\/da\/wp-json\/wp\/v2\/product\/203127\/revisions"}],"wp:featuredmedia":[{"embeddable":true,"href":"https:\/\/aromasentia.com\/da\/wp-json\/wp\/v2\/media\/254285"}],"wp:attachment":[{"href":"https:\/\/aromasentia.com\/da\/wp-json\/wp\/v2\/media?parent=203127"}],"wp:term":[{"taxonomy":"product_brand","embeddable":true,"href":"https:\/\/aromasentia.com\/da\/wp-json\/wp\/v2\/product_brand?post=203127"},{"taxonomy":"product_cat","embeddable":true,"href":"https:\/\/aromasentia.com\/da\/wp-json\/wp\/v2\/product_cat?post=203127"},{"taxonomy":"product_tag","embeddable":true,"href":"https:\/\/aromasentia.com\/da\/wp-json\/wp\/v2\/product_tag?post=203127"}],"curies":[{"name":"wp","href":"https:\/\/api.w.org\/{rel}","templated":true}]}}