{"id":203126,"date":"2025-03-20T14:25:16","date_gmt":"2025-03-20T14:25:16","guid":{"rendered":"https:\/\/aromasentia.com\/product\/mini-single-waterless-oil-nebulizer-usb-to-c-movement-dectector\/"},"modified":"2025-06-22T04:12:47","modified_gmt":"2025-06-22T04:12:47","slug":"mini-single-waterless-oil-nebulizer-usb-til-c-bevaegelsesdetektor","status":"publish","type":"product","link":"https:\/\/aromasentia.com\/da\/mini-single-waterless-oil-nebulizer-usb-til-c-bevaegelsesdetektor\/","title":{"rendered":"Mini Single Waterless Oil Nebulizer &#8211; Usb Til C &#8211; Bev\u00e6gelsesdetektor"},"content":{"rendered":"<p><span style=\"color: rgb(75, 80, 88);\">Dette produkt er egnet til 10 ml \u00e6teriske olier p\u00e5 flaske.<\/span><\/p>\n<p><span style=\"color: rgb(75, 80, 88);\"><strong>F\u00f8r f\u00f8rste brug<\/strong> skal du fjerne &#8216;st\u00f8vd\u00e6kslet&#8217; og vende diffuseren om og inds\u00e6tte flasken med \u00e6terisk olie.<\/span><\/p>\n<p><span style=\"color: rgb(75, 80, 88);\">S\u00e5dan bruges den:<\/span><\/p>\n<p><span style=\"color: rgb(75, 80, 88);\">Vend diffuseren om og inds\u00e6t flasken med \u00e6terisk olie. Drej med uret for at stramme og mod uret for at l\u00f8sne flasken. (Bem\u00e6rk: Fjern ikke gasspj\u00e6ldet, n\u00e5r du installerer \u00e6terisk olie.)<\/span><\/p>\n<p><span style=\"color: rgb(75, 80, 88);\">Drej diffuseren lodret, tryk l\u00e6nge p\u00e5 afbryderknappen i 2 sekunder for at starte\/stoppe diffuseren, tryk kort for at skifte gear.<\/span><\/p>\n<p><span style=\"color: rgb(75, 80, 88);\">F\u00f8rste lange tryk (gult lys): Diffuseren virker i 2 sekunder og virker derefter i 2 sekunder, hver gang den registrerer bev\u00e6gelse.<\/span><\/p>\n<p><span style=\"color: rgb(75, 80, 88);\">Tryk andet gang (gr\u00f8nt lys) lys dufttilstand: virker i 2 sekunder med et interval p\u00e5 10 minutter.<\/span><\/p>\n<p><span style=\"color: rgb(75, 80, 88);\">Tryk tredje gang (bl\u00e5t lys) dufttilstand: virker i 2 sekunder med en intern p\u00e5 5 minutter.<\/span><\/p>\n<p><span style=\"color: rgb(75, 80, 88);\">Tryk en fjerde gang (hvidt lys) for en st\u00e6rk duft: arbejd i 2 sekunder med et interval p\u00e5 1 minut.<\/span><\/p>\n<p><span style=\"color: rgb(75, 80, 88);\">Indikatorlampen lyser under opladning (r\u00f8dt lys) og slukker, n\u00e5r den er fuldt opladet.<\/span><\/p>\n<p><span style=\"color: rgb(75, 80, 88);\">Tryk l\u00e6nge i 2 sekunder for at slukke.<\/span><\/p>\n<p><span style=\"color: rgb(75, 80, 88);\">R\u00e6kkevidde: 3 meter \/ 120 grader<\/span><\/p>\n<p><span style=\"color: rgb(75, 80, 88);\">Anvendeligt omr\u00e5de: 50-80m2<\/span><\/p>\n<p><span style=\"color: rgb(75, 80, 88);\"><strong>M\u00e5l:<\/strong> 84,6 mm x 74,2 mm<\/span><\/p>\n","protected":false},"excerpt":{"rendered":"<p>Dette produkt er egnet til 10 ml \u00e6teriske olier p\u00e5 flaske. F\u00f8r f\u00f8rste brug skal du fjerne &#8216;st\u00f8vd\u00e6kslet&#8217; og vende diffuseren om og inds\u00e6tte flasken med \u00e6terisk olie. S\u00e5dan bruges den: Vend diffuseren om og inds\u00e6t flasken med \u00e6terisk olie. Drej med uret for at stramme og mod uret for at l\u00f8sne flasken. (Bem\u00e6rk: Fjern [&hellip;]<\/p>\n","protected":false},"featured_media":254244,"comment_status":"closed","ping_status":"open","template":"","meta":[],"product_brand":[],"product_cat":[6153],"product_tag":[],"class_list":{"0":"post-203126","1":"product","2":"type-product","3":"status-publish","4":"has-post-thumbnail","6":"product_cat-aromaterapi-og-rumdufte","7":"pa_collection-electronic-led-colour-aroma-diffusers-da","8":"pa_made-in-kina","10":"first","11":"instock","12":"purchasable","13":"product-type-simple"},"supplier_id":null,"supplier_sku":"AATOM-39","barcode":null,"atum_controlled":true,"out_stock_date":null,"out_stock_threshold":null,"inheritable":false,"inbound_stock":null,"stock_on_hold":0,"sold_today":0,"sales_last_days":0,"reserved_stock":null,"customer_returns":null,"warehouse_damage":null,"lost_in_post":null,"other_logs":null,"out_stock_days":0,"lost_sales":0,"has_location":null,"update_date":"2026-02-06T14:22:48","atum_locations":[],"atum_stock_status":"instock","restock_status":false,"low_stock_amount":"","sales_update_date":"2025-10-09T03:22:19","calc_backorders":null,"_links":{"self":[{"href":"https:\/\/aromasentia.com\/da\/wp-json\/wp\/v2\/product\/203126","targetHints":{"allow":["GET"]}}],"collection":[{"href":"https:\/\/aromasentia.com\/da\/wp-json\/wp\/v2\/product"}],"about":[{"href":"https:\/\/aromasentia.com\/da\/wp-json\/wp\/v2\/types\/product"}],"replies":[{"embeddable":true,"href":"https:\/\/aromasentia.com\/da\/wp-json\/wp\/v2\/comments?post=203126"}],"version-history":[{"count":0,"href":"https:\/\/aromasentia.com\/da\/wp-json\/wp\/v2\/product\/203126\/revisions"}],"wp:featuredmedia":[{"embeddable":true,"href":"https:\/\/aromasentia.com\/da\/wp-json\/wp\/v2\/media\/254244"}],"wp:attachment":[{"href":"https:\/\/aromasentia.com\/da\/wp-json\/wp\/v2\/media?parent=203126"}],"wp:term":[{"taxonomy":"product_brand","embeddable":true,"href":"https:\/\/aromasentia.com\/da\/wp-json\/wp\/v2\/product_brand?post=203126"},{"taxonomy":"product_cat","embeddable":true,"href":"https:\/\/aromasentia.com\/da\/wp-json\/wp\/v2\/product_cat?post=203126"},{"taxonomy":"product_tag","embeddable":true,"href":"https:\/\/aromasentia.com\/da\/wp-json\/wp\/v2\/product_tag?post=203126"}],"curies":[{"name":"wp","href":"https:\/\/api.w.org\/{rel}","templated":true}]}}