{"id":203125,"date":"2025-03-20T14:25:16","date_gmt":"2025-03-20T14:25:16","guid":{"rendered":"https:\/\/aromasentia.com\/product\/single-waterless-oil-nebulizer-usb-to-c-yellow\/"},"modified":"2025-06-22T04:12:47","modified_gmt":"2025-06-22T04:12:47","slug":"enkelt-vandfri-olieforstoever-usb-til-c-gul","status":"publish","type":"product","link":"https:\/\/aromasentia.com\/da\/enkelt-vandfri-olieforstoever-usb-til-c-gul\/","title":{"rendered":"Enkelt Vandfri Olieforst\u00f8ver &#8211; Usb Til C Gul"},"content":{"rendered":"<p><span style=\"color: rgb(75, 80, 88);\"><strong>Genopladelig<\/strong>Vandfri olieforst\u00f8ver &#8211; nem at betjene, egnet til 10 ml eller 20 ml flasker.<\/span><\/p>\n<p><span style=\"color: rgb(75, 80, 88);\"><strong>S\u00e5dan oplades:<\/strong><\/span><\/p>\n<p><span style=\"color: rgb(75, 80, 88);\">Brug udgangssp\u00e6nding DC5V, computer USB-interface, USB-interfaceadapter eller biloplader med USB-interface. Det r\u00f8de lys blinker under opladning; N\u00e5r den er fuldt opladet, er indikatoren altid gr\u00f8n.<\/span><\/p>\n<p><span style=\"color: rgb(75, 80, 88);\">Hvis den resterende batteristr\u00f8m er lavere end 20% i t\u00e6ndt tilstand, blinker lyset hurtigt i enhver tilstand, hvilket kr\u00e6ver opladning.<\/span><\/p>\n<p><span style=\"color: rgb(75, 80, 88);\">Det tager 2-3 timer at oplade diffuseren helt. &nbsp;<\/span><\/p>\n<p><span style=\"color: rgb(75, 80, 88);\"><strong>S\u00e5dan bruges den:<\/strong><\/span><\/p>\n<p><span style=\"color: rgb(75, 80, 88);\">Tryk forsigtigt dysen ud fra bunden af diffuseren.<\/span><\/p>\n<p><span style=\"color: rgb(75, 80, 88);\">Kom eventuelt \u00e6terisk olie i flasken, og s\u00e6t derefter flasken tilbage p\u00e5 dysen. V\u00e6r opm\u00e6rksom p\u00e5 markeringen for positionsretningen p\u00e5 diffuseren.<\/span><\/p>\n<p><span style=\"color: rgb(75, 80, 88);\"><em><strong>Smart-tilstand:<\/strong>Tryk kort p\u00e5 den \u00f8verste knap for at t\u00e6nde. Den venstre lampe lyser hvidt, hvilket betyder, at maskinen g\u00e5r i smart-tilstand og starter\/stopper.<\/em><\/span><\/p>\n<p><span style=\"color: rgb(75, 80, 88);\"><em><strong>Manuel tilstand:<\/strong> Tryk kort for at t\u00e6nde. Den midterste lampe lyser hvidt, hvilket betyder, at den er i let aroma-tilstand. Tryk igen, den h\u00f8jre lampe lyser og skifter til st\u00e6rk aroma-tilstand.<\/em><\/span><\/p>\n<p><span style=\"color: rgb(75, 80, 88);\"><strong>Anbefales kun til brug med \u00e6teriske olier.<\/strong><\/span><\/p>\n<p><span style=\"color: rgb(75, 80, 88);\"><strong>M\u00e5l: <\/strong>105 mm x 65 mm<\/span><\/p>\n","protected":false},"excerpt":{"rendered":"<p>GenopladeligVandfri olieforst\u00f8ver &#8211; nem at betjene, egnet til 10 ml eller 20 ml flasker. S\u00e5dan oplades: Brug udgangssp\u00e6nding DC5V, computer USB-interface, USB-interfaceadapter eller biloplader med USB-interface. Det r\u00f8de lys blinker under opladning; N\u00e5r den er fuldt opladet, er indikatoren altid gr\u00f8n. Hvis den resterende batteristr\u00f8m er lavere end 20% i t\u00e6ndt tilstand, blinker lyset hurtigt [&hellip;]<\/p>\n","protected":false},"featured_media":254203,"comment_status":"closed","ping_status":"open","template":"","meta":{"_angie_page":false},"product_brand":[],"product_cat":[6153],"product_tag":[],"class_list":{"0":"post-203125","1":"product","2":"type-product","3":"status-publish","4":"has-post-thumbnail","6":"product_cat-aromaterapi-og-rumdufte","7":"pa_collection-electronic-led-colour-aroma-diffusers-da","8":"pa_made-in-kina","10":"first","11":"instock","12":"purchasable","13":"product-type-simple"},"supplier_id":null,"supplier_sku":"AATOM-38","barcode":null,"atum_controlled":true,"out_stock_date":null,"out_stock_threshold":null,"inheritable":false,"inbound_stock":null,"stock_on_hold":0,"sold_today":0,"sales_last_days":0,"reserved_stock":null,"customer_returns":null,"warehouse_damage":null,"lost_in_post":null,"other_logs":null,"out_stock_days":0,"lost_sales":0,"has_location":null,"update_date":"2026-05-08T05:02:33","atum_locations":[],"atum_stock_status":"instock","restock_status":false,"low_stock_amount":"","sales_update_date":"2026-01-30T01:24:31","calc_backorders":null,"_links":{"self":[{"href":"https:\/\/aromasentia.com\/da\/wp-json\/wp\/v2\/product\/203125","targetHints":{"allow":["GET"]}}],"collection":[{"href":"https:\/\/aromasentia.com\/da\/wp-json\/wp\/v2\/product"}],"about":[{"href":"https:\/\/aromasentia.com\/da\/wp-json\/wp\/v2\/types\/product"}],"replies":[{"embeddable":true,"href":"https:\/\/aromasentia.com\/da\/wp-json\/wp\/v2\/comments?post=203125"}],"version-history":[{"count":0,"href":"https:\/\/aromasentia.com\/da\/wp-json\/wp\/v2\/product\/203125\/revisions"}],"wp:featuredmedia":[{"embeddable":true,"href":"https:\/\/aromasentia.com\/da\/wp-json\/wp\/v2\/media\/254203"}],"wp:attachment":[{"href":"https:\/\/aromasentia.com\/da\/wp-json\/wp\/v2\/media?parent=203125"}],"wp:term":[{"taxonomy":"product_brand","embeddable":true,"href":"https:\/\/aromasentia.com\/da\/wp-json\/wp\/v2\/product_brand?post=203125"},{"taxonomy":"product_cat","embeddable":true,"href":"https:\/\/aromasentia.com\/da\/wp-json\/wp\/v2\/product_cat?post=203125"},{"taxonomy":"product_tag","embeddable":true,"href":"https:\/\/aromasentia.com\/da\/wp-json\/wp\/v2\/product_tag?post=203125"}],"curies":[{"name":"wp","href":"https:\/\/api.w.org\/{rel}","templated":true}]}}