{"id":203123,"date":"2025-03-20T14:28:43","date_gmt":"2025-03-20T14:28:43","guid":{"rendered":"https:\/\/aromasentia.com\/product\/box-of-140ml-reed-diffuser-rhubarb-rhubarb\/"},"modified":"2025-06-22T04:12:46","modified_gmt":"2025-06-22T04:12:46","slug":"aeske-med-140ml-sivdiffusor-rabarber-rabarber","status":"publish","type":"product","link":"https:\/\/aromasentia.com\/da\/aeske-med-140ml-sivdiffusor-rabarber-rabarber\/","title":{"rendered":"\u00c6ske med 140ml Sivdiffusor &#8211; Rabarber Rabarber"},"content":{"rendered":"<p>Oplev den unikt pirrende duft af Rhubarb Rhubarb med vores karakteristiske 140 ml sivdiffusor. Denne duft indfanger de vidunderligt syrlige, spr\u00f8de og forfriskende frugtagtige noter af friske rabarber med blot en antydning af underliggende s\u00f8dme. Det er en levende og livlig aroma, der styrker sanserne og giver et moderne, muntert touch til ethvert rum. Lad denne dristige og karakteristiske duft konstant fylde dit rum og skabe en opl\u00f8ftende og mindev\u00e6rdig atmosf\u00e6re, der b\u00e5de er ren og legende sofistikeret, og som v\u00e6kker dit hjem med sin friske charme.<\/p>\n","protected":false},"excerpt":{"rendered":"<p>Oplev den unikt pirrende duft af Rhubarb Rhubarb med vores karakteristiske 140 ml sivdiffusor. Denne duft indfanger de vidunderligt syrlige, spr\u00f8de og forfriskende frugtagtige noter af friske rabarber med blot en antydning af underliggende s\u00f8dme. Det er en levende og livlig aroma, der styrker sanserne og giver et moderne, muntert touch til ethvert rum. Lad [&hellip;]<\/p>\n","protected":false},"featured_media":254726,"comment_status":"closed","ping_status":"open","template":"","meta":{"_angie_page":false},"product_brand":[27084],"product_cat":[6169,6170],"product_tag":[],"class_list":{"0":"post-203123","1":"product","2":"type-product","3":"status-publish","4":"has-post-thumbnail","6":"product_brand-agnes-and-cat","7":"product_cat-aromalamper-aromadiffusere-og-duftstaenger","8":"product_cat-duftstaenger-duftfrisker","9":"pa_collection-reed-diffusers-140ml-da","10":"pa_made-in-storbritannien","11":"pa_size-140ml","13":"first","14":"instock","15":"purchasable","16":"product-type-simple"},"supplier_id":null,"supplier_sku":"ACD-13DS","barcode":null,"atum_controlled":true,"out_stock_date":null,"out_stock_threshold":null,"inheritable":false,"inbound_stock":null,"stock_on_hold":0,"sold_today":0,"sales_last_days":0,"reserved_stock":null,"customer_returns":null,"warehouse_damage":null,"lost_in_post":null,"other_logs":null,"out_stock_days":0,"lost_sales":0,"has_location":null,"update_date":"2026-04-27T07:27:46","atum_locations":[],"atum_stock_status":"instock","restock_status":false,"low_stock_amount":"","sales_update_date":"2026-01-30T01:25:39","calc_backorders":null,"_links":{"self":[{"href":"https:\/\/aromasentia.com\/da\/wp-json\/wp\/v2\/product\/203123","targetHints":{"allow":["GET"]}}],"collection":[{"href":"https:\/\/aromasentia.com\/da\/wp-json\/wp\/v2\/product"}],"about":[{"href":"https:\/\/aromasentia.com\/da\/wp-json\/wp\/v2\/types\/product"}],"replies":[{"embeddable":true,"href":"https:\/\/aromasentia.com\/da\/wp-json\/wp\/v2\/comments?post=203123"}],"version-history":[{"count":0,"href":"https:\/\/aromasentia.com\/da\/wp-json\/wp\/v2\/product\/203123\/revisions"}],"wp:featuredmedia":[{"embeddable":true,"href":"https:\/\/aromasentia.com\/da\/wp-json\/wp\/v2\/media\/254726"}],"wp:attachment":[{"href":"https:\/\/aromasentia.com\/da\/wp-json\/wp\/v2\/media?parent=203123"}],"wp:term":[{"taxonomy":"product_brand","embeddable":true,"href":"https:\/\/aromasentia.com\/da\/wp-json\/wp\/v2\/product_brand?post=203123"},{"taxonomy":"product_cat","embeddable":true,"href":"https:\/\/aromasentia.com\/da\/wp-json\/wp\/v2\/product_cat?post=203123"},{"taxonomy":"product_tag","embeddable":true,"href":"https:\/\/aromasentia.com\/da\/wp-json\/wp\/v2\/product_tag?post=203123"}],"curies":[{"name":"wp","href":"https:\/\/api.w.org\/{rel}","templated":true}]}}