{"id":203122,"date":"2025-03-20T14:28:43","date_gmt":"2025-03-20T14:28:43","guid":{"rendered":"https:\/\/aromasentia.com\/product\/box-of-140ml-reed-diffuser-citrus\/"},"modified":"2025-06-22T04:12:46","modified_gmt":"2025-06-22T04:12:46","slug":"aeske-med-duftstaenger-140ml-citrus","status":"publish","type":"product","link":"https:\/\/aromasentia.com\/da\/aeske-med-duftstaenger-140ml-citrus\/","title":{"rendered":"\u00c6ske med Duftst\u00e6nger 140ml &#8211; Citrus"},"content":{"rendered":"<p>Giv dit hjem energi med den livlige og opl\u00f8ftende aroma fra vores Citrus-r\u00f8rspreder. Denne 140 ml diffuser sprudler med en lys blanding af pikante citrusnoter, der muligvis blander citron, appelsin, grapefrugt og bergamot for en virkelig forfriskende oplevelse. Dens rene og opkvikkende duft sk\u00e6rer \u00f8jeblikkeligt gennem for\u00e6ldet luft og skaber en livlig, munter og revitaliseret atmosf\u00e6re. Perfekt til ethvert rum, lad denne funklende, solbeskinnede duft sprede sig kontinuerligt og bringe en b\u00f8lge af ren energi og klarhed til dit rum, s\u00e5 det f\u00f8les friskt og indbydende.<\/p>\n","protected":false},"excerpt":{"rendered":"<p>Giv dit hjem energi med den livlige og opl\u00f8ftende aroma fra vores Citrus-r\u00f8rspreder. Denne 140 ml diffuser sprudler med en lys blanding af pikante citrusnoter, der muligvis blander citron, appelsin, grapefrugt og bergamot for en virkelig forfriskende oplevelse. Dens rene og opkvikkende duft sk\u00e6rer \u00f8jeblikkeligt gennem for\u00e6ldet luft og skaber en livlig, munter og revitaliseret [&hellip;]<\/p>\n","protected":false},"featured_media":642286,"comment_status":"closed","ping_status":"open","template":"","meta":[],"product_brand":[27084],"product_cat":[6169,6170],"product_tag":[],"class_list":{"0":"post-203122","1":"product","2":"type-product","3":"status-publish","4":"has-post-thumbnail","6":"product_brand-agnes-and-cat","7":"product_cat-aromalamper-aromadiffusere-og-duftstaenger","8":"product_cat-duftstaenger-duftfrisker","9":"pa_collection-reed-diffusers-140ml-da","10":"pa_made-in-storbritannien","11":"pa_size-140ml","13":"first","14":"instock","15":"purchasable","16":"product-type-simple"},"supplier_id":null,"supplier_sku":"ACD-26DS","barcode":null,"atum_controlled":true,"out_stock_date":null,"out_stock_threshold":null,"inheritable":false,"inbound_stock":0,"stock_on_hold":0,"sold_today":0,"sales_last_days":0,"reserved_stock":0,"customer_returns":0,"warehouse_damage":0,"lost_in_post":0,"other_logs":0,"out_stock_days":0,"lost_sales":0,"has_location":false,"update_date":"2026-01-30T01:25:56","atum_locations":[],"atum_stock_status":"instock","restock_status":false,"low_stock_amount":"","sales_update_date":"2026-01-30T01:25:56","calc_backorders":null,"_links":{"self":[{"href":"https:\/\/aromasentia.com\/da\/wp-json\/wp\/v2\/product\/203122","targetHints":{"allow":["GET"]}}],"collection":[{"href":"https:\/\/aromasentia.com\/da\/wp-json\/wp\/v2\/product"}],"about":[{"href":"https:\/\/aromasentia.com\/da\/wp-json\/wp\/v2\/types\/product"}],"replies":[{"embeddable":true,"href":"https:\/\/aromasentia.com\/da\/wp-json\/wp\/v2\/comments?post=203122"}],"version-history":[{"count":0,"href":"https:\/\/aromasentia.com\/da\/wp-json\/wp\/v2\/product\/203122\/revisions"}],"wp:featuredmedia":[{"embeddable":true,"href":"https:\/\/aromasentia.com\/da\/wp-json\/wp\/v2\/media\/642286"}],"wp:attachment":[{"href":"https:\/\/aromasentia.com\/da\/wp-json\/wp\/v2\/media?parent=203122"}],"wp:term":[{"taxonomy":"product_brand","embeddable":true,"href":"https:\/\/aromasentia.com\/da\/wp-json\/wp\/v2\/product_brand?post=203122"},{"taxonomy":"product_cat","embeddable":true,"href":"https:\/\/aromasentia.com\/da\/wp-json\/wp\/v2\/product_cat?post=203122"},{"taxonomy":"product_tag","embeddable":true,"href":"https:\/\/aromasentia.com\/da\/wp-json\/wp\/v2\/product_tag?post=203122"}],"curies":[{"name":"wp","href":"https:\/\/api.w.org\/{rel}","templated":true}]}}