{"id":203118,"date":"2025-03-20T14:28:43","date_gmt":"2025-03-20T14:28:43","guid":{"rendered":"https:\/\/aromasentia.com\/product\/box-of-140ml-reed-diffuser-japanese-bloom\/"},"modified":"2025-06-22T04:12:42","modified_gmt":"2025-06-22T04:12:42","slug":"aeske-med-140ml-sivdiffusor-japansk-blomst","status":"publish","type":"product","link":"https:\/\/aromasentia.com\/da\/aeske-med-140ml-sivdiffusor-japansk-blomst\/","title":{"rendered":"\u00c6ske med 140ml Sivdiffusor &#8211; Japansk Blomst"},"content":{"rendered":"<p>Oplev den delikate elegance i Japanese Bloom med denne uds\u00f8gte 140 ml sivdiffusor. Denne duft udfolder forsigtigt en fredfyldt og yndefuld blomsterbuket, der minder om fredfyldte haver og den subtile sk\u00f8nhed af kirseb\u00e6rblomster eller andre v\u00e6rdsatte japanske blomster. Den skaber en atmosf\u00e6re af rolig raffinement og mindful ro, perfekt til \u00f8jeblikke med fred og refleksion. Lad denne raffinerede og blide aroma konstant fylde dit hjem og forvandle det til en oase af delikat blomstersk\u00f8nhed og underspillet ynde, der fremmer en f\u00f8lelse af harmoni og velv\u00e6re.<\/p>\n","protected":false},"excerpt":{"rendered":"<p>Oplev den delikate elegance i Japanese Bloom med denne uds\u00f8gte 140 ml sivdiffusor. Denne duft udfolder forsigtigt en fredfyldt og yndefuld blomsterbuket, der minder om fredfyldte haver og den subtile sk\u00f8nhed af kirseb\u00e6rblomster eller andre v\u00e6rdsatte japanske blomster. Den skaber en atmosf\u00e6re af rolig raffinement og mindful ro, perfekt til \u00f8jeblikke med fred og refleksion. [&hellip;]<\/p>\n","protected":false},"featured_media":254705,"comment_status":"closed","ping_status":"open","template":"","meta":{"_angie_page":false},"product_brand":[27084],"product_cat":[6169,6170],"product_tag":[],"class_list":{"0":"post-203118","1":"product","2":"type-product","3":"status-publish","4":"has-post-thumbnail","6":"product_brand-agnes-and-cat","7":"product_cat-aromalamper-aromadiffusere-og-duftstaenger","8":"product_cat-duftstaenger-duftfrisker","9":"pa_collection-reed-diffusers-140ml-da","10":"pa_made-in-storbritannien","11":"pa_size-140ml","13":"first","14":"instock","15":"purchasable","16":"product-type-simple"},"supplier_id":null,"supplier_sku":"ACD-07DS","barcode":null,"atum_controlled":true,"out_stock_date":null,"out_stock_threshold":null,"inheritable":false,"inbound_stock":null,"stock_on_hold":0,"sold_today":0,"sales_last_days":0,"reserved_stock":null,"customer_returns":null,"warehouse_damage":null,"lost_in_post":null,"other_logs":null,"out_stock_days":0,"lost_sales":0,"has_location":null,"update_date":"2026-04-27T07:27:46","atum_locations":[],"atum_stock_status":"instock","restock_status":false,"low_stock_amount":"","sales_update_date":"2026-01-30T01:25:56","calc_backorders":null,"_links":{"self":[{"href":"https:\/\/aromasentia.com\/da\/wp-json\/wp\/v2\/product\/203118","targetHints":{"allow":["GET"]}}],"collection":[{"href":"https:\/\/aromasentia.com\/da\/wp-json\/wp\/v2\/product"}],"about":[{"href":"https:\/\/aromasentia.com\/da\/wp-json\/wp\/v2\/types\/product"}],"replies":[{"embeddable":true,"href":"https:\/\/aromasentia.com\/da\/wp-json\/wp\/v2\/comments?post=203118"}],"version-history":[{"count":0,"href":"https:\/\/aromasentia.com\/da\/wp-json\/wp\/v2\/product\/203118\/revisions"}],"wp:featuredmedia":[{"embeddable":true,"href":"https:\/\/aromasentia.com\/da\/wp-json\/wp\/v2\/media\/254705"}],"wp:attachment":[{"href":"https:\/\/aromasentia.com\/da\/wp-json\/wp\/v2\/media?parent=203118"}],"wp:term":[{"taxonomy":"product_brand","embeddable":true,"href":"https:\/\/aromasentia.com\/da\/wp-json\/wp\/v2\/product_brand?post=203118"},{"taxonomy":"product_cat","embeddable":true,"href":"https:\/\/aromasentia.com\/da\/wp-json\/wp\/v2\/product_cat?post=203118"},{"taxonomy":"product_tag","embeddable":true,"href":"https:\/\/aromasentia.com\/da\/wp-json\/wp\/v2\/product_tag?post=203118"}],"curies":[{"name":"wp","href":"https:\/\/api.w.org\/{rel}","templated":true}]}}