{"id":203112,"date":"2025-03-20T14:29:03","date_gmt":"2025-03-20T14:29:03","guid":{"rendered":"https:\/\/aromasentia.com\/product\/agnes-cat-eye-pillow-becalmed-destressed\/"},"modified":"2025-06-22T04:12:38","modified_gmt":"2025-06-22T04:12:38","slug":"agnes-cat-eye-pillow-becalmed-destressed","status":"publish","type":"product","link":"https:\/\/aromasentia.com\/da\/agnes-cat-eye-pillow-becalmed-destressed\/","title":{"rendered":"Agnes &#038; Cat Eye Pillow &#8211; Becalmed &#038; Destressed"},"content":{"rendered":"<p>Oplev dyb ro med Agnes &#038; Cat Eye Pillow &#8211; Becalmed &#038; Destressed. Denne terapeutiske \u00f8jenpude er dit fristed fra hverdagens travlhed, designet til at berolige sindet og frigive akkumuleret stress. Dens lette v\u00e6gt og bl\u00f8de stof giver \u00f8jeblikkelig komfort, mens den subtile infusion af beroligende botaniske stoffer hj\u00e6lper med at berolige nervesystemet. Den er perfekt til meditation, savasana, eller n\u00e5r du har brug for at finde dit centrum, og den fremmer en dyb f\u00f8lelse af fred og hj\u00e6lper dig med at f\u00f8le dig afslappet, centreret og vidunderligt afstresset p\u00e5 f\u00e5 minutter.<\/p>\n","protected":false},"excerpt":{"rendered":"<p>Oplev dyb ro med Agnes &#038; Cat Eye Pillow &#8211; Becalmed &#038; Destressed. Denne terapeutiske \u00f8jenpude er dit fristed fra hverdagens travlhed, designet til at berolige sindet og frigive akkumuleret stress. Dens lette v\u00e6gt og bl\u00f8de stof giver \u00f8jeblikkelig komfort, mens den subtile infusion af beroligende botaniske stoffer hj\u00e6lper med at berolige nervesystemet. Den er [&hellip;]<\/p>\n","protected":false},"featured_media":255236,"comment_status":"closed","ping_status":"open","template":"","meta":{"_angie_page":false},"product_brand":[27084],"product_cat":[6153],"product_tag":[],"class_list":{"0":"post-203112","1":"product","2":"type-product","3":"status-publish","4":"has-post-thumbnail","6":"product_brand-agnes-and-cat","7":"product_cat-aromaterapi-og-rumdufte","8":"pa_collection-agnes-cat-eye-pillow-da","9":"pa_made-in-indien","11":"first","12":"outofstock","13":"purchasable","14":"product-type-simple"},"supplier_id":null,"supplier_sku":"ACTEP-05DS","barcode":null,"atum_controlled":true,"out_stock_date":"2026-04-25 15:11:37","out_stock_threshold":null,"inheritable":false,"inbound_stock":null,"stock_on_hold":0,"sold_today":0,"sales_last_days":0,"reserved_stock":null,"customer_returns":null,"warehouse_damage":null,"lost_in_post":null,"other_logs":null,"out_stock_days":0,"lost_sales":0,"has_location":null,"update_date":"2026-04-27T06:49:42","atum_locations":[],"atum_stock_status":"outofstock","restock_status":false,"low_stock_amount":"","sales_update_date":"2026-01-20T05:14:25","calc_backorders":null,"_links":{"self":[{"href":"https:\/\/aromasentia.com\/da\/wp-json\/wp\/v2\/product\/203112","targetHints":{"allow":["GET"]}}],"collection":[{"href":"https:\/\/aromasentia.com\/da\/wp-json\/wp\/v2\/product"}],"about":[{"href":"https:\/\/aromasentia.com\/da\/wp-json\/wp\/v2\/types\/product"}],"replies":[{"embeddable":true,"href":"https:\/\/aromasentia.com\/da\/wp-json\/wp\/v2\/comments?post=203112"}],"version-history":[{"count":0,"href":"https:\/\/aromasentia.com\/da\/wp-json\/wp\/v2\/product\/203112\/revisions"}],"wp:featuredmedia":[{"embeddable":true,"href":"https:\/\/aromasentia.com\/da\/wp-json\/wp\/v2\/media\/255236"}],"wp:attachment":[{"href":"https:\/\/aromasentia.com\/da\/wp-json\/wp\/v2\/media?parent=203112"}],"wp:term":[{"taxonomy":"product_brand","embeddable":true,"href":"https:\/\/aromasentia.com\/da\/wp-json\/wp\/v2\/product_brand?post=203112"},{"taxonomy":"product_cat","embeddable":true,"href":"https:\/\/aromasentia.com\/da\/wp-json\/wp\/v2\/product_cat?post=203112"},{"taxonomy":"product_tag","embeddable":true,"href":"https:\/\/aromasentia.com\/da\/wp-json\/wp\/v2\/product_tag?post=203112"}],"curies":[{"name":"wp","href":"https:\/\/api.w.org\/{rel}","templated":true}]}}