{"id":203111,"date":"2025-03-20T14:29:03","date_gmt":"2025-03-20T14:29:03","guid":{"rendered":"https:\/\/aromasentia.com\/product\/agnes-cat-eye-pillow-eyebag-refresh\/"},"modified":"2025-06-22T04:12:36","modified_gmt":"2025-06-22T04:12:36","slug":"agnes-cat-eye-pillow-eyebag-refresh","status":"publish","type":"product","link":"https:\/\/aromasentia.com\/da\/agnes-cat-eye-pillow-eyebag-refresh\/","title":{"rendered":"Agnes &#038; Cat Eye Pillow &#8211; Eyebag Refresh"},"content":{"rendered":"<p>Giv tr\u00e6tte \u00f8jne nyt liv med Agnes &#038; Cat Eye Pillow &#8211; Eyebag Refresh. Denne omhyggeligt designede pude giver en beroligende og k\u00f8lende fornemmelse, der er perfekt til at reducere h\u00e6velser og opfriske anstrengte \u00f8jne. Dens blide v\u00e6gt giver let akupressur, mens det naturlige fyld, som m\u00e5ske er tilsat beroligende urter, hj\u00e6lper med at lindre sp\u00e6ndinger omkring \u00f8jnene. Opbevar den k\u00f8ligt i k\u00f8leskabet for en ekstra forfriskende oplevelse, hvilket g\u00f8r den til et ideelt middel mod lange sk\u00e6rmtimer eller rastl\u00f8se n\u00e6tter, s\u00e5 dine \u00f8jne f\u00f8les foryngede og klare.<\/p>\n","protected":false},"excerpt":{"rendered":"<p>Giv tr\u00e6tte \u00f8jne nyt liv med Agnes &#038; Cat Eye Pillow &#8211; Eyebag Refresh. Denne omhyggeligt designede pude giver en beroligende og k\u00f8lende fornemmelse, der er perfekt til at reducere h\u00e6velser og opfriske anstrengte \u00f8jne. Dens blide v\u00e6gt giver let akupressur, mens det naturlige fyld, som m\u00e5ske er tilsat beroligende urter, hj\u00e6lper med at lindre [&hellip;]<\/p>\n","protected":false},"featured_media":255219,"comment_status":"closed","ping_status":"open","template":"","meta":[],"product_brand":[27084],"product_cat":[6153],"product_tag":[],"class_list":{"0":"post-203111","1":"product","2":"type-product","3":"status-publish","4":"has-post-thumbnail","6":"product_brand-agnes-and-cat","7":"product_cat-aromaterapi-og-rumdufte","8":"pa_collection-agnes-cat-eye-pillow-da","9":"pa_made-in-indien","11":"first","12":"instock","13":"purchasable","14":"product-type-simple"},"supplier_id":null,"supplier_sku":"ACTEP-06DS","barcode":null,"atum_controlled":true,"out_stock_date":null,"out_stock_threshold":null,"inheritable":false,"inbound_stock":null,"stock_on_hold":0,"sold_today":0,"sales_last_days":0,"reserved_stock":null,"customer_returns":null,"warehouse_damage":null,"lost_in_post":null,"other_logs":null,"out_stock_days":0,"lost_sales":0,"has_location":null,"update_date":"2026-02-04T09:17:28","atum_locations":[],"atum_stock_status":"instock","restock_status":false,"low_stock_amount":"","sales_update_date":"2026-01-20T05:14:17","calc_backorders":null,"_links":{"self":[{"href":"https:\/\/aromasentia.com\/da\/wp-json\/wp\/v2\/product\/203111","targetHints":{"allow":["GET"]}}],"collection":[{"href":"https:\/\/aromasentia.com\/da\/wp-json\/wp\/v2\/product"}],"about":[{"href":"https:\/\/aromasentia.com\/da\/wp-json\/wp\/v2\/types\/product"}],"replies":[{"embeddable":true,"href":"https:\/\/aromasentia.com\/da\/wp-json\/wp\/v2\/comments?post=203111"}],"version-history":[{"count":0,"href":"https:\/\/aromasentia.com\/da\/wp-json\/wp\/v2\/product\/203111\/revisions"}],"wp:featuredmedia":[{"embeddable":true,"href":"https:\/\/aromasentia.com\/da\/wp-json\/wp\/v2\/media\/255219"}],"wp:attachment":[{"href":"https:\/\/aromasentia.com\/da\/wp-json\/wp\/v2\/media?parent=203111"}],"wp:term":[{"taxonomy":"product_brand","embeddable":true,"href":"https:\/\/aromasentia.com\/da\/wp-json\/wp\/v2\/product_brand?post=203111"},{"taxonomy":"product_cat","embeddable":true,"href":"https:\/\/aromasentia.com\/da\/wp-json\/wp\/v2\/product_cat?post=203111"},{"taxonomy":"product_tag","embeddable":true,"href":"https:\/\/aromasentia.com\/da\/wp-json\/wp\/v2\/product_tag?post=203111"}],"curies":[{"name":"wp","href":"https:\/\/api.w.org\/{rel}","templated":true}]}}