{"id":203107,"date":"2025-03-20T14:29:03","date_gmt":"2025-03-20T14:29:03","guid":{"rendered":"https:\/\/aromasentia.com\/product\/10ml-roll-on-essential-oil-blend-relax\/"},"modified":"2025-06-22T04:12:34","modified_gmt":"2025-06-22T04:12:34","slug":"roll-on-blanding-af-aeteriske-olier-relax-10ml","status":"publish","type":"product","link":"https:\/\/aromasentia.com\/da\/roll-on-blanding-af-aeteriske-olier-relax-10ml\/","title":{"rendered":"Roll On-Blanding Af \u00c6teriske Olier &#8211; Relax 10ml"},"content":{"rendered":"<p><span style=\"color: rgb(75, 80, 88);\">Slap af og afstress med <strong>Relax-blandingen<\/strong>, omhyggeligt fremstillet med <strong>essentielle olier fra lavendel, vetiver og rose<\/strong>. Lavendelens beroligende blomsteraroma fremmer afslapning og lindrer sp\u00e6ndinger, mens vetivers jordagtige duft beroliger sindet og lindrer angst. Kombineret med den delikate og opl\u00f8ftende duft af rose skaber denne blanding en harmonisk atmosf\u00e6re, der hj\u00e6lper dig med at finde ro midt i livets kaos.<\/span><\/p>\n<p><span style=\"color: rgb(75, 80, 88);\"><strong>P\u00e5f\u00f8r blot denne uds\u00f8gte blanding for at opleve et fredeligt \u00f8jeblik med ro og sindsro.<\/strong><\/span><\/p>\n","protected":false},"excerpt":{"rendered":"<p>Slap af og afstress med Relax-blandingen, omhyggeligt fremstillet med essentielle olier fra lavendel, vetiver og rose. Lavendelens beroligende blomsteraroma fremmer afslapning og lindrer sp\u00e6ndinger, mens vetivers jordagtige duft beroliger sindet og lindrer angst. Kombineret med den delikate og opl\u00f8ftende duft af rose skaber denne blanding en harmonisk atmosf\u00e6re, der hj\u00e6lper dig med at finde ro [&hellip;]<\/p>\n","protected":false},"featured_media":255079,"comment_status":"closed","ping_status":"open","template":"","meta":{"_angie_page":false},"product_brand":[27084],"product_cat":[26647,7647,6153],"product_tag":[],"class_list":{"0":"post-203107","1":"product","2":"type-product","3":"status-publish","4":"has-post-thumbnail","6":"product_brand-agnes-and-cat","7":"product_cat-aeteriske-olieblandinger","8":"product_cat-aeteriske-olier","9":"product_cat-aromaterapi-og-rumdufte","10":"pa_collection-agnes-cat-10ml-roll-on-essential-oil-blends-da","11":"pa_made-in-storbritannien","12":"pa_size-10ml","14":"first","15":"instock","16":"purchasable","17":"product-type-simple"},"supplier_id":null,"supplier_sku":"ACREBL-01","barcode":null,"atum_controlled":true,"out_stock_date":null,"out_stock_threshold":null,"inheritable":false,"inbound_stock":null,"stock_on_hold":0,"sold_today":0,"sales_last_days":0,"reserved_stock":null,"customer_returns":null,"warehouse_damage":null,"lost_in_post":null,"other_logs":null,"out_stock_days":0,"lost_sales":0,"has_location":null,"update_date":"2026-04-27T06:50:06","atum_locations":[],"atum_stock_status":"instock","restock_status":false,"low_stock_amount":"","sales_update_date":"2026-02-06T00:02:09","calc_backorders":null,"_links":{"self":[{"href":"https:\/\/aromasentia.com\/da\/wp-json\/wp\/v2\/product\/203107","targetHints":{"allow":["GET"]}}],"collection":[{"href":"https:\/\/aromasentia.com\/da\/wp-json\/wp\/v2\/product"}],"about":[{"href":"https:\/\/aromasentia.com\/da\/wp-json\/wp\/v2\/types\/product"}],"replies":[{"embeddable":true,"href":"https:\/\/aromasentia.com\/da\/wp-json\/wp\/v2\/comments?post=203107"}],"version-history":[{"count":0,"href":"https:\/\/aromasentia.com\/da\/wp-json\/wp\/v2\/product\/203107\/revisions"}],"wp:featuredmedia":[{"embeddable":true,"href":"https:\/\/aromasentia.com\/da\/wp-json\/wp\/v2\/media\/255079"}],"wp:attachment":[{"href":"https:\/\/aromasentia.com\/da\/wp-json\/wp\/v2\/media?parent=203107"}],"wp:term":[{"taxonomy":"product_brand","embeddable":true,"href":"https:\/\/aromasentia.com\/da\/wp-json\/wp\/v2\/product_brand?post=203107"},{"taxonomy":"product_cat","embeddable":true,"href":"https:\/\/aromasentia.com\/da\/wp-json\/wp\/v2\/product_cat?post=203107"},{"taxonomy":"product_tag","embeddable":true,"href":"https:\/\/aromasentia.com\/da\/wp-json\/wp\/v2\/product_tag?post=203107"}],"curies":[{"name":"wp","href":"https:\/\/api.w.org\/{rel}","templated":true}]}}