{"id":203106,"date":"2025-03-20T14:29:03","date_gmt":"2025-03-20T14:29:03","guid":{"rendered":"https:\/\/aromasentia.com\/product\/10ml-roll-on-essential-oil-blend-energy\/"},"modified":"2025-06-22T04:12:32","modified_gmt":"2025-06-22T04:12:32","slug":"roll-on-blanding-af-aeteriske-olier-energy-10ml","status":"publish","type":"product","link":"https:\/\/aromasentia.com\/da\/roll-on-blanding-af-aeteriske-olier-energy-10ml\/","title":{"rendered":"Roll On-Blanding Af \u00c6teriske Olier &#8211; Energy 10ml"},"content":{"rendered":"<p><span style=\"color: rgb(75, 80, 88);\">Giv dine sanser et boost og boost dit energiniveau med <strong>Energiblandingen<\/strong>, drevet af <strong>\u00e6teriske olier fra grapefrugt, mandarin og lime<\/strong>. Grapefrugtens syrlige og citrusagtige duft giver et \u00f8jeblikkeligt energiboost, mens mandarins s\u00f8de og muntre aroma genopliver hum\u00f8ret. Limens pikant noter tilf\u00f8jer et boost af friskhed, v\u00e6kker dine sanser og \u00f8ger vitaliteten.<\/span><\/p>\n<p><span style=\"color: rgb(75, 80, 88);\"><strong>Anvend denne blanding, n\u00e5r du har brug for et naturligt og forfriskende boost, der holder dig energisk og motiveret.<\/strong><\/span><\/p>\n","protected":false},"excerpt":{"rendered":"<p>Giv dine sanser et boost og boost dit energiniveau med Energiblandingen, drevet af \u00e6teriske olier fra grapefrugt, mandarin og lime. Grapefrugtens syrlige og citrusagtige duft giver et \u00f8jeblikkeligt energiboost, mens mandarins s\u00f8de og muntre aroma genopliver hum\u00f8ret. Limens pikant noter tilf\u00f8jer et boost af friskhed, v\u00e6kker dine sanser og \u00f8ger vitaliteten. Anvend denne blanding, n\u00e5r [&hellip;]<\/p>\n","protected":false},"featured_media":255030,"comment_status":"closed","ping_status":"open","template":"","meta":{"_angie_page":false},"product_brand":[27084],"product_cat":[26647,7647,6153],"product_tag":[],"class_list":{"0":"post-203106","1":"product","2":"type-product","3":"status-publish","4":"has-post-thumbnail","6":"product_brand-agnes-and-cat","7":"product_cat-aeteriske-olieblandinger","8":"product_cat-aeteriske-olier","9":"product_cat-aromaterapi-og-rumdufte","10":"pa_collection-agnes-cat-10ml-roll-on-essential-oil-blends-da","11":"pa_made-in-storbritannien","12":"pa_size-10ml","14":"first","15":"instock","16":"purchasable","17":"product-type-simple"},"supplier_id":null,"supplier_sku":"ACREBL-02","barcode":null,"atum_controlled":true,"out_stock_date":null,"out_stock_threshold":null,"inheritable":false,"inbound_stock":null,"stock_on_hold":0,"sold_today":0,"sales_last_days":0,"reserved_stock":null,"customer_returns":null,"warehouse_damage":null,"lost_in_post":null,"other_logs":null,"out_stock_days":0,"lost_sales":0,"has_location":null,"update_date":"2026-04-27T06:50:12","atum_locations":[],"atum_stock_status":"instock","restock_status":false,"low_stock_amount":"","sales_update_date":"2025-10-09T03:23:05","calc_backorders":null,"_links":{"self":[{"href":"https:\/\/aromasentia.com\/da\/wp-json\/wp\/v2\/product\/203106","targetHints":{"allow":["GET"]}}],"collection":[{"href":"https:\/\/aromasentia.com\/da\/wp-json\/wp\/v2\/product"}],"about":[{"href":"https:\/\/aromasentia.com\/da\/wp-json\/wp\/v2\/types\/product"}],"replies":[{"embeddable":true,"href":"https:\/\/aromasentia.com\/da\/wp-json\/wp\/v2\/comments?post=203106"}],"version-history":[{"count":0,"href":"https:\/\/aromasentia.com\/da\/wp-json\/wp\/v2\/product\/203106\/revisions"}],"wp:featuredmedia":[{"embeddable":true,"href":"https:\/\/aromasentia.com\/da\/wp-json\/wp\/v2\/media\/255030"}],"wp:attachment":[{"href":"https:\/\/aromasentia.com\/da\/wp-json\/wp\/v2\/media?parent=203106"}],"wp:term":[{"taxonomy":"product_brand","embeddable":true,"href":"https:\/\/aromasentia.com\/da\/wp-json\/wp\/v2\/product_brand?post=203106"},{"taxonomy":"product_cat","embeddable":true,"href":"https:\/\/aromasentia.com\/da\/wp-json\/wp\/v2\/product_cat?post=203106"},{"taxonomy":"product_tag","embeddable":true,"href":"https:\/\/aromasentia.com\/da\/wp-json\/wp\/v2\/product_tag?post=203106"}],"curies":[{"name":"wp","href":"https:\/\/api.w.org\/{rel}","templated":true}]}}