{"id":203104,"date":"2025-03-20T14:29:03","date_gmt":"2025-03-20T14:29:03","guid":{"rendered":"https:\/\/aromasentia.com\/product\/10ml-roll-on-essential-oil-blend-sleep\/"},"modified":"2025-06-22T04:12:31","modified_gmt":"2025-06-22T04:12:31","slug":"roll-on-blanding-af-aeteriske-olier-sleep-10ml","status":"publish","type":"product","link":"https:\/\/aromasentia.com\/da\/roll-on-blanding-af-aeteriske-olier-sleep-10ml\/","title":{"rendered":"Roll On-Blanding Af \u00c6teriske Olier &#8211; Sleep 10ml"},"content":{"rendered":"<p><span style=\"color: rgb(75, 80, 88);\">F\u00e5 en god nats s\u00f8vn med <strong>Sleep<\/strong><strong>blandingen<\/strong>, en beroligende blanding af <strong>kamille-, lavendel- og neroli-\u00e6teriske olier<\/strong>. Kamilles milde urteduft fremmer afslapning, mens lavendels beroligende aroma hj\u00e6lper med at lette rastl\u00f8shed. Neroli, der er udvundet af appelsinblomster, komplementerer blandingen med sine s\u00f8de blomsternoter, der fremmer dyb afslapning og underst\u00f8tter en fredelig s\u00f8vn.<\/span><\/p>\n<p><span style=\"color: rgb(75, 80, 88);\"><strong>P\u00e5f\u00f8r denne blanding f\u00f8r sengetid, og lad dens beroligende essens f\u00f8re dig v\u00e6k til et fredeligt dr\u00f8mmeland.<\/strong><\/span><\/p>\n","protected":false},"excerpt":{"rendered":"<p>F\u00e5 en god nats s\u00f8vn med Sleepblandingen, en beroligende blanding af kamille-, lavendel- og neroli-\u00e6teriske olier. Kamilles milde urteduft fremmer afslapning, mens lavendels beroligende aroma hj\u00e6lper med at lette rastl\u00f8shed. Neroli, der er udvundet af appelsinblomster, komplementerer blandingen med sine s\u00f8de blomsternoter, der fremmer dyb afslapning og underst\u00f8tter en fredelig s\u00f8vn. P\u00e5f\u00f8r denne blanding f\u00f8r [&hellip;]<\/p>\n","protected":false},"featured_media":254940,"comment_status":"closed","ping_status":"open","template":"","meta":{"_angie_page":false},"product_brand":[27084],"product_cat":[26647,7647,6153],"product_tag":[],"class_list":{"0":"post-203104","1":"product","2":"type-product","3":"status-publish","4":"has-post-thumbnail","6":"product_brand-agnes-and-cat","7":"product_cat-aeteriske-olieblandinger","8":"product_cat-aeteriske-olier","9":"product_cat-aromaterapi-og-rumdufte","10":"pa_collection-agnes-cat-10ml-roll-on-essential-oil-blends-da","11":"pa_made-in-storbritannien","12":"pa_size-10ml","14":"first","15":"instock","16":"purchasable","17":"product-type-simple"},"supplier_id":null,"supplier_sku":"ACREBL-04","barcode":null,"atum_controlled":true,"out_stock_date":null,"out_stock_threshold":null,"inheritable":false,"inbound_stock":null,"stock_on_hold":0,"sold_today":0,"sales_last_days":0,"reserved_stock":null,"customer_returns":null,"warehouse_damage":null,"lost_in_post":null,"other_logs":null,"out_stock_days":0,"lost_sales":0,"has_location":null,"update_date":"2026-05-08T05:02:36","atum_locations":[],"atum_stock_status":"instock","restock_status":false,"low_stock_amount":"","sales_update_date":"2025-10-09T03:23:05","calc_backorders":null,"_links":{"self":[{"href":"https:\/\/aromasentia.com\/da\/wp-json\/wp\/v2\/product\/203104","targetHints":{"allow":["GET"]}}],"collection":[{"href":"https:\/\/aromasentia.com\/da\/wp-json\/wp\/v2\/product"}],"about":[{"href":"https:\/\/aromasentia.com\/da\/wp-json\/wp\/v2\/types\/product"}],"replies":[{"embeddable":true,"href":"https:\/\/aromasentia.com\/da\/wp-json\/wp\/v2\/comments?post=203104"}],"version-history":[{"count":0,"href":"https:\/\/aromasentia.com\/da\/wp-json\/wp\/v2\/product\/203104\/revisions"}],"wp:featuredmedia":[{"embeddable":true,"href":"https:\/\/aromasentia.com\/da\/wp-json\/wp\/v2\/media\/254940"}],"wp:attachment":[{"href":"https:\/\/aromasentia.com\/da\/wp-json\/wp\/v2\/media?parent=203104"}],"wp:term":[{"taxonomy":"product_brand","embeddable":true,"href":"https:\/\/aromasentia.com\/da\/wp-json\/wp\/v2\/product_brand?post=203104"},{"taxonomy":"product_cat","embeddable":true,"href":"https:\/\/aromasentia.com\/da\/wp-json\/wp\/v2\/product_cat?post=203104"},{"taxonomy":"product_tag","embeddable":true,"href":"https:\/\/aromasentia.com\/da\/wp-json\/wp\/v2\/product_tag?post=203104"}],"curies":[{"name":"wp","href":"https:\/\/api.w.org\/{rel}","templated":true}]}}