{"id":203103,"date":"2025-03-20T14:29:03","date_gmt":"2025-03-20T14:29:03","guid":{"rendered":"https:\/\/aromasentia.com\/product\/10ml-roll-on-essential-oil-blend-focus\/"},"modified":"2025-06-22T04:12:30","modified_gmt":"2025-06-22T04:12:30","slug":"roll-on-blanding-af-aeteriske-olier-focus-10ml","status":"publish","type":"product","link":"https:\/\/aromasentia.com\/da\/roll-on-blanding-af-aeteriske-olier-focus-10ml\/","title":{"rendered":"Roll On-Blanding Af \u00c6teriske Olier &#8211; Focus 10ml"},"content":{"rendered":"<p><span style=\"color: rgb(75, 80, 88);\">Sk\u00e6rp dit sind og for\u00f8g koncentrationen med <strong>Focus<\/strong>-blandingen, der er ekspertkombineret med <strong>rosmarin, cypres og citron \u00e6teriske olier<\/strong>. Rosmarins friske og forfriskende duft stimulerer kognitiv funktion, mens cypresens tr\u00e6agtige aroma fremmer mental klarhed og fokus. Citronens friske duft opl\u00f8fter \u00e5nden og fremmer et klart og v\u00e5gent sind.<\/span><\/p>\n<p><span style=\"color: rgb(75, 80, 88);\"><strong>Brug denne blanding under arbejde eller studiesessioner, hvor dens foryngende essens kan \u00f8ge produktiviteten og den mentale skarphed.<\/strong><\/span><\/p>\n","protected":false},"excerpt":{"rendered":"<p>Sk\u00e6rp dit sind og for\u00f8g koncentrationen med Focus-blandingen, der er ekspertkombineret med rosmarin, cypres og citron \u00e6teriske olier. Rosmarins friske og forfriskende duft stimulerer kognitiv funktion, mens cypresens tr\u00e6agtige aroma fremmer mental klarhed og fokus. Citronens friske duft opl\u00f8fter \u00e5nden og fremmer et klart og v\u00e5gent sind. Brug denne blanding under arbejde eller studiesessioner, hvor [&hellip;]<\/p>\n","protected":false},"featured_media":254899,"comment_status":"closed","ping_status":"open","template":"","meta":{"_angie_page":false},"product_brand":[27084],"product_cat":[26647,7647,6153],"product_tag":[],"class_list":{"0":"post-203103","1":"product","2":"type-product","3":"status-publish","4":"has-post-thumbnail","6":"product_brand-agnes-and-cat","7":"product_cat-aeteriske-olieblandinger","8":"product_cat-aeteriske-olier","9":"product_cat-aromaterapi-og-rumdufte","10":"pa_collection-agnes-cat-10ml-roll-on-essential-oil-blends-da","11":"pa_made-in-storbritannien","12":"pa_size-10ml","14":"first","15":"instock","16":"purchasable","17":"product-type-simple"},"supplier_id":null,"supplier_sku":"ACREBL-05","barcode":null,"atum_controlled":true,"out_stock_date":null,"out_stock_threshold":null,"inheritable":false,"inbound_stock":null,"stock_on_hold":0,"sold_today":0,"sales_last_days":0,"reserved_stock":null,"customer_returns":null,"warehouse_damage":null,"lost_in_post":null,"other_logs":null,"out_stock_days":0,"lost_sales":0,"has_location":null,"update_date":"2026-05-08T05:02:36","atum_locations":[],"atum_stock_status":"instock","restock_status":false,"low_stock_amount":"","sales_update_date":"2026-02-06T00:02:09","calc_backorders":null,"_links":{"self":[{"href":"https:\/\/aromasentia.com\/da\/wp-json\/wp\/v2\/product\/203103","targetHints":{"allow":["GET"]}}],"collection":[{"href":"https:\/\/aromasentia.com\/da\/wp-json\/wp\/v2\/product"}],"about":[{"href":"https:\/\/aromasentia.com\/da\/wp-json\/wp\/v2\/types\/product"}],"replies":[{"embeddable":true,"href":"https:\/\/aromasentia.com\/da\/wp-json\/wp\/v2\/comments?post=203103"}],"version-history":[{"count":0,"href":"https:\/\/aromasentia.com\/da\/wp-json\/wp\/v2\/product\/203103\/revisions"}],"wp:featuredmedia":[{"embeddable":true,"href":"https:\/\/aromasentia.com\/da\/wp-json\/wp\/v2\/media\/254899"}],"wp:attachment":[{"href":"https:\/\/aromasentia.com\/da\/wp-json\/wp\/v2\/media?parent=203103"}],"wp:term":[{"taxonomy":"product_brand","embeddable":true,"href":"https:\/\/aromasentia.com\/da\/wp-json\/wp\/v2\/product_brand?post=203103"},{"taxonomy":"product_cat","embeddable":true,"href":"https:\/\/aromasentia.com\/da\/wp-json\/wp\/v2\/product_cat?post=203103"},{"taxonomy":"product_tag","embeddable":true,"href":"https:\/\/aromasentia.com\/da\/wp-json\/wp\/v2\/product_tag?post=203103"}],"curies":[{"name":"wp","href":"https:\/\/api.w.org\/{rel}","templated":true}]}}