{"id":203102,"date":"2025-03-20T14:29:03","date_gmt":"2025-03-20T14:29:03","guid":{"rendered":"https:\/\/aromasentia.com\/product\/10ml-roll-on-essential-oil-blend-happy\/"},"modified":"2025-06-22T04:12:30","modified_gmt":"2025-06-22T04:12:30","slug":"roll-on-blanding-af-aeteriske-olier-happy-10ml","status":"publish","type":"product","link":"https:\/\/aromasentia.com\/da\/roll-on-blanding-af-aeteriske-olier-happy-10ml\/","title":{"rendered":"Roll On-Blanding Af \u00c6teriske Olier &#8211; Happy 10ml"},"content":{"rendered":"<p><span style=\"color: rgb(75, 80, 88);\">L\u00f8ft dit hum\u00f8r og omfavn gl\u00e6de med<strong>Happy-blandingen<\/strong>, fremstillet med <strong>\u00e6teriske olier af gr\u00f8n mynte, appelsin og myrra<\/strong>. Gr\u00f8n myntes forfriskende aroma opl\u00f8fter sanserne, mens appelsins s\u00f8de og livlige duft fremmer f\u00f8lelser af gl\u00e6de og positivitet. Myrras varme og jordagtige noter tilf\u00f8jer dybde til blandingen og opmuntrer til f\u00f8lelsesm\u00e6ssig balance og tilfredshed.<\/span><\/p>\n<p><span style=\"color: rgb(75, 80, 88);\"><strong>P\u00e5f\u00f8r denne dejlige blanding, n\u00e5r du har brug for lidt opmuntring, og lad den sprede smil gennem hele din dag.<\/strong><\/span><\/p>\n","protected":false},"excerpt":{"rendered":"<p>L\u00f8ft dit hum\u00f8r og omfavn gl\u00e6de medHappy-blandingen, fremstillet med \u00e6teriske olier af gr\u00f8n mynte, appelsin og myrra. Gr\u00f8n myntes forfriskende aroma opl\u00f8fter sanserne, mens appelsins s\u00f8de og livlige duft fremmer f\u00f8lelser af gl\u00e6de og positivitet. Myrras varme og jordagtige noter tilf\u00f8jer dybde til blandingen og opmuntrer til f\u00f8lelsesm\u00e6ssig balance og tilfredshed. P\u00e5f\u00f8r denne dejlige blanding, [&hellip;]<\/p>\n","protected":false},"featured_media":254850,"comment_status":"closed","ping_status":"open","template":"","meta":{"_angie_page":false},"product_brand":[27084],"product_cat":[26647,7647,6153],"product_tag":[],"class_list":{"0":"post-203102","1":"product","2":"type-product","3":"status-publish","4":"has-post-thumbnail","6":"product_brand-agnes-and-cat","7":"product_cat-aeteriske-olieblandinger","8":"product_cat-aeteriske-olier","9":"product_cat-aromaterapi-og-rumdufte","10":"pa_collection-agnes-cat-10ml-roll-on-essential-oil-blends-da","11":"pa_made-in-storbritannien","12":"pa_size-10ml","14":"first","15":"instock","16":"purchasable","17":"product-type-simple"},"supplier_id":null,"supplier_sku":"ACREBL-06","barcode":null,"atum_controlled":true,"out_stock_date":null,"out_stock_threshold":null,"inheritable":false,"inbound_stock":null,"stock_on_hold":0,"sold_today":0,"sales_last_days":0,"reserved_stock":null,"customer_returns":null,"warehouse_damage":null,"lost_in_post":null,"other_logs":null,"out_stock_days":0,"lost_sales":0,"has_location":null,"update_date":"2026-04-27T06:50:12","atum_locations":[],"atum_stock_status":"instock","restock_status":false,"low_stock_amount":"","sales_update_date":"2026-02-06T00:02:26","calc_backorders":null,"_links":{"self":[{"href":"https:\/\/aromasentia.com\/da\/wp-json\/wp\/v2\/product\/203102","targetHints":{"allow":["GET"]}}],"collection":[{"href":"https:\/\/aromasentia.com\/da\/wp-json\/wp\/v2\/product"}],"about":[{"href":"https:\/\/aromasentia.com\/da\/wp-json\/wp\/v2\/types\/product"}],"replies":[{"embeddable":true,"href":"https:\/\/aromasentia.com\/da\/wp-json\/wp\/v2\/comments?post=203102"}],"version-history":[{"count":0,"href":"https:\/\/aromasentia.com\/da\/wp-json\/wp\/v2\/product\/203102\/revisions"}],"wp:featuredmedia":[{"embeddable":true,"href":"https:\/\/aromasentia.com\/da\/wp-json\/wp\/v2\/media\/254850"}],"wp:attachment":[{"href":"https:\/\/aromasentia.com\/da\/wp-json\/wp\/v2\/media?parent=203102"}],"wp:term":[{"taxonomy":"product_brand","embeddable":true,"href":"https:\/\/aromasentia.com\/da\/wp-json\/wp\/v2\/product_brand?post=203102"},{"taxonomy":"product_cat","embeddable":true,"href":"https:\/\/aromasentia.com\/da\/wp-json\/wp\/v2\/product_cat?post=203102"},{"taxonomy":"product_tag","embeddable":true,"href":"https:\/\/aromasentia.com\/da\/wp-json\/wp\/v2\/product_tag?post=203102"}],"curies":[{"name":"wp","href":"https:\/\/api.w.org\/{rel}","templated":true}]}}