{"id":203099,"date":"2025-03-20T14:29:03","date_gmt":"2025-03-20T14:29:03","guid":{"rendered":"https:\/\/aromasentia.com\/product\/150ml-reed-diffuser-refill-provence\/"},"modified":"2025-06-22T04:12:27","modified_gmt":"2025-06-22T04:12:27","slug":"duftstaenger-refill-150ml-provence","status":"publish","type":"product","link":"https:\/\/aromasentia.com\/da\/duftstaenger-refill-150ml-provence\/","title":{"rendered":"Duftst\u00e6nger Refill 150ml &#8211; Provence"},"content":{"rendered":"<p><span style=\"color: rgb(75, 80, 88);\">Opdag vores <strong>140ml Reed Diffuser Refill i Provence<\/strong>. Forl\u00e6ng levetiden p\u00e5 din Agnes and Cat Reed Diffuser i en milj\u00f8venlig glasflaske med en aluminiumsl\u00e5g.<\/span><\/p>\n<p><span style=\"color: rgb(75, 80, 88);\"><strong>Disse praktiske og langvarige refills giver rummet en varm duft i mindst 3 m\u00e5neder.<\/strong><\/span><\/p>\n<p><span style=\"color: rgb(75, 80, 88);\"><strong>Nyd Provences lavendelmarker med denne duft<\/strong>. Den indfanger den beroligende aroma af lavendel og de subtile antydninger af urter, der gennemsyrer luften og f\u00f8rer dig v\u00e6k til de maleriske landskaber i Sydfrankrig.<\/span><\/p>\n<p><span style=\"color: rgb(75, 80, 88);\">Med vores praktiske refills kan du tage et stort skridt mod en mere b\u00e6redygtig fremtid og skabe et rum, hvor dine kunder altid kan finde deres yndlingsdufte.<\/span><\/p>\n<p><span style=\"color: rgb(75, 80, 88);\">Glem ikke at tilf\u00f8je matchende<\/span><a href=\"https:\/\/aromasentia.com\/acd-ds\"><span style=\"color: rgb(149, 122, 101);\"><strong>Agnes + Cat Reed Diffusers<\/strong><\/span><\/a><span style=\"color: rgb(75, 80, 88);\">til dit lager!<\/span><\/p>\n","protected":false},"excerpt":{"rendered":"<p>Opdag vores 140ml Reed Diffuser Refill i Provence. Forl\u00e6ng levetiden p\u00e5 din Agnes and Cat Reed Diffuser i en milj\u00f8venlig glasflaske med en aluminiumsl\u00e5g. Disse praktiske og langvarige refills giver rummet en varm duft i mindst 3 m\u00e5neder. Nyd Provences lavendelmarker med denne duft. Den indfanger den beroligende aroma af lavendel og de subtile antydninger [&hellip;]<\/p>\n","protected":false},"featured_media":254807,"comment_status":"closed","ping_status":"open","template":"","meta":{"_angie_page":false},"product_brand":[27084],"product_cat":[6169,6170],"product_tag":[],"class_list":{"0":"post-203099","1":"product","2":"type-product","3":"status-publish","4":"has-post-thumbnail","6":"product_brand-agnes-and-cat","7":"product_cat-aromalamper-aromadiffusere-og-duftstaenger","8":"product_cat-duftstaenger-duftfrisker","9":"pa_collection-agnes-cat-reed-diffusers-refills-da","10":"pa_made-in-storbritannien","11":"pa_size-150ml","13":"first","14":"instock","15":"purchasable","16":"product-type-simple"},"supplier_id":null,"supplier_sku":"ACDR-22","barcode":null,"atum_controlled":true,"out_stock_date":null,"out_stock_threshold":null,"inheritable":false,"inbound_stock":null,"stock_on_hold":0,"sold_today":0,"sales_last_days":0,"reserved_stock":null,"customer_returns":null,"warehouse_damage":null,"lost_in_post":null,"other_logs":null,"out_stock_days":0,"lost_sales":0,"has_location":null,"update_date":"2026-04-27T06:49:08","atum_locations":[],"atum_stock_status":"instock","restock_status":false,"low_stock_amount":"","sales_update_date":"2026-01-30T01:24:36","calc_backorders":null,"_links":{"self":[{"href":"https:\/\/aromasentia.com\/da\/wp-json\/wp\/v2\/product\/203099","targetHints":{"allow":["GET"]}}],"collection":[{"href":"https:\/\/aromasentia.com\/da\/wp-json\/wp\/v2\/product"}],"about":[{"href":"https:\/\/aromasentia.com\/da\/wp-json\/wp\/v2\/types\/product"}],"replies":[{"embeddable":true,"href":"https:\/\/aromasentia.com\/da\/wp-json\/wp\/v2\/comments?post=203099"}],"version-history":[{"count":0,"href":"https:\/\/aromasentia.com\/da\/wp-json\/wp\/v2\/product\/203099\/revisions"}],"wp:featuredmedia":[{"embeddable":true,"href":"https:\/\/aromasentia.com\/da\/wp-json\/wp\/v2\/media\/254807"}],"wp:attachment":[{"href":"https:\/\/aromasentia.com\/da\/wp-json\/wp\/v2\/media?parent=203099"}],"wp:term":[{"taxonomy":"product_brand","embeddable":true,"href":"https:\/\/aromasentia.com\/da\/wp-json\/wp\/v2\/product_brand?post=203099"},{"taxonomy":"product_cat","embeddable":true,"href":"https:\/\/aromasentia.com\/da\/wp-json\/wp\/v2\/product_cat?post=203099"},{"taxonomy":"product_tag","embeddable":true,"href":"https:\/\/aromasentia.com\/da\/wp-json\/wp\/v2\/product_tag?post=203099"}],"curies":[{"name":"wp","href":"https:\/\/api.w.org\/{rel}","templated":true}]}}