{"id":203096,"date":"2025-03-20T14:29:03","date_gmt":"2025-03-20T14:29:03","guid":{"rendered":"https:\/\/aromasentia.com\/product\/150ml-reed-diffuser-refill-japanese-bloom\/"},"modified":"2025-06-22T04:12:24","modified_gmt":"2025-06-22T04:12:24","slug":"duftstaenger-refill-150ml-japansk-blomstring","status":"publish","type":"product","link":"https:\/\/aromasentia.com\/da\/duftstaenger-refill-150ml-japansk-blomstring\/","title":{"rendered":"Duftst\u00e6nger Refill 150ml &#8211; Japansk Blomstring"},"content":{"rendered":"<p><span style=\"color: rgb(75, 80, 88);\">Opdag vores <strong>140ml Reed Diffuser Refill i japansk blomst<\/strong>. Forl\u00e6ng levetiden p\u00e5 din Agnes and Cat Reed Diffuser i en milj\u00f8venlig glasflaske med en aluminiumsl\u00e5g.<\/span><\/p>\n<p><span style=\"color: rgb(75, 80, 88);\"><strong>Disse praktiske og langvarige refills giver rummet en varm duft i mindst 3 m\u00e5neder.<\/strong><\/span><\/p>\n<p><span style=\"color: rgb(75, 80, 88);\"><strong>Transporter dine sanser til den \u00e6teriske sk\u00f8nhed af kirseb\u00e6rblomster i fuldt flor med japansk blomstring.<\/strong> Denne delikate og rolige duft indfanger den flygtige sk\u00f8nhed i for\u00e5ret i Japan og giver dit rum blomsteragtig elegance.<\/span><\/p>\n<p><span style=\"color: rgb(75, 80, 88);\">Med vores praktiske refills kan du tage et stort skridt mod en mere b\u00e6redygtig fremtid og skabe et rum, hvor dine kunder altid kan finde deres yndlingsdufte.<\/span><\/p>\n<p><span style=\"color: rgb(75, 80, 88);\">Glem ikke at tilf\u00f8je matchende<\/span><a href=\"https:\/\/aromasentia.com\/acd-ds\"><span style=\"color: rgb(149, 122, 101);\"><strong>Agnes + Cat Reed Diffusers<\/strong><\/span><\/a><span style=\"color: rgb(75, 80, 88);\">&nbsp;til dit lager!<\/span><\/p>\n","protected":false},"excerpt":{"rendered":"<p>Opdag vores 140ml Reed Diffuser Refill i japansk blomst. Forl\u00e6ng levetiden p\u00e5 din Agnes and Cat Reed Diffuser i en milj\u00f8venlig glasflaske med en aluminiumsl\u00e5g. Disse praktiske og langvarige refills giver rummet en varm duft i mindst 3 m\u00e5neder. Transporter dine sanser til den \u00e6teriske sk\u00f8nhed af kirseb\u00e6rblomster i fuldt flor med japansk blomstring. Denne [&hellip;]<\/p>\n","protected":false},"featured_media":254780,"comment_status":"closed","ping_status":"open","template":"","meta":{"_angie_page":false},"product_brand":[27084],"product_cat":[6169,6170],"product_tag":[],"class_list":{"0":"post-203096","1":"product","2":"type-product","3":"status-publish","4":"has-post-thumbnail","6":"product_brand-agnes-and-cat","7":"product_cat-aromalamper-aromadiffusere-og-duftstaenger","8":"product_cat-duftstaenger-duftfrisker","9":"pa_collection-agnes-cat-reed-diffusers-refills-da","10":"pa_made-in-storbritannien","11":"pa_size-150ml","13":"first","14":"instock","15":"purchasable","16":"product-type-simple"},"supplier_id":null,"supplier_sku":"ACDR-07","barcode":null,"atum_controlled":true,"out_stock_date":null,"out_stock_threshold":null,"inheritable":false,"inbound_stock":null,"stock_on_hold":0,"sold_today":0,"sales_last_days":0,"reserved_stock":null,"customer_returns":null,"warehouse_damage":null,"lost_in_post":null,"other_logs":null,"out_stock_days":0,"lost_sales":0,"has_location":null,"update_date":"2026-05-08T05:02:34","atum_locations":[],"atum_stock_status":"instock","restock_status":false,"low_stock_amount":"","sales_update_date":"2026-01-30T01:24:35","calc_backorders":null,"_links":{"self":[{"href":"https:\/\/aromasentia.com\/da\/wp-json\/wp\/v2\/product\/203096","targetHints":{"allow":["GET"]}}],"collection":[{"href":"https:\/\/aromasentia.com\/da\/wp-json\/wp\/v2\/product"}],"about":[{"href":"https:\/\/aromasentia.com\/da\/wp-json\/wp\/v2\/types\/product"}],"replies":[{"embeddable":true,"href":"https:\/\/aromasentia.com\/da\/wp-json\/wp\/v2\/comments?post=203096"}],"version-history":[{"count":0,"href":"https:\/\/aromasentia.com\/da\/wp-json\/wp\/v2\/product\/203096\/revisions"}],"wp:featuredmedia":[{"embeddable":true,"href":"https:\/\/aromasentia.com\/da\/wp-json\/wp\/v2\/media\/254780"}],"wp:attachment":[{"href":"https:\/\/aromasentia.com\/da\/wp-json\/wp\/v2\/media?parent=203096"}],"wp:term":[{"taxonomy":"product_brand","embeddable":true,"href":"https:\/\/aromasentia.com\/da\/wp-json\/wp\/v2\/product_brand?post=203096"},{"taxonomy":"product_cat","embeddable":true,"href":"https:\/\/aromasentia.com\/da\/wp-json\/wp\/v2\/product_cat?post=203096"},{"taxonomy":"product_tag","embeddable":true,"href":"https:\/\/aromasentia.com\/da\/wp-json\/wp\/v2\/product_tag?post=203096"}],"curies":[{"name":"wp","href":"https:\/\/api.w.org\/{rel}","templated":true}]}}