{"id":203084,"date":"2025-03-20T14:30:57","date_gmt":"2025-03-20T14:30:57","guid":{"rendered":"https:\/\/aromasentia.com\/product\/tangerine-ylang-patchouli-hand-body-lotion-250ml-unlabelled\/"},"modified":"2025-06-22T04:12:17","modified_gmt":"2025-06-22T04:12:17","slug":"tangerine-ylang-patchouli-hand-body-lotion-250ml-uden-etiket","status":"publish","type":"product","link":"https:\/\/aromasentia.com\/da\/tangerine-ylang-patchouli-hand-body-lotion-250ml-uden-etiket\/","title":{"rendered":"TanGerine, Ylang &#038; Patchouli Hand &#038; Body Lotion 250ml &#8211; Uden Etiket"},"content":{"rendered":"<p>Find din balance med vores Tangerine, Ylang Ylang &#038; Patchouli Hand &#038; Body Lotion. Denne um\u00e6rkede lotion p\u00e5 250 ml pr\u00e6senterer en kompleks, harmonisk blanding: s\u00f8d, opl\u00f8ftende mandarin smelter sammen med den eksotiske, blomsterrige ylang ylang, alt sammen underbygget af de dybe, jordagtige noter fra patchouli. Denne f\u00e6ngslende aroma beroliger sindet, mens selve lotionen giver dyb n\u00e6ring til huden og efterlader den bl\u00f8d, hydreret og smukt duftende. En perfekt daglig fugtighedscreme til at skabe en f\u00f8lelse af ro og sensuel velv\u00e6re.<\/p>\n","protected":false},"excerpt":{"rendered":"<p>Find din balance med vores Tangerine, Ylang Ylang &#038; Patchouli Hand &#038; Body Lotion. Denne um\u00e6rkede lotion p\u00e5 250 ml pr\u00e6senterer en kompleks, harmonisk blanding: s\u00f8d, opl\u00f8ftende mandarin smelter sammen med den eksotiske, blomsterrige ylang ylang, alt sammen underbygget af de dybe, jordagtige noter fra patchouli. Denne f\u00e6ngslende aroma beroliger sindet, mens selve lotionen giver [&hellip;]<\/p>\n","protected":false},"featured_media":255322,"comment_status":"closed","ping_status":"open","template":"","meta":{"_angie_page":false},"product_brand":[],"product_cat":[6153,26830,25839,26823,25977,25993,26001],"product_tag":[],"class_list":{"0":"post-203084","1":"product","2":"type-product","3":"status-publish","4":"has-post-thumbnail","6":"product_cat-aromaterapi-og-rumdufte","7":"product_cat-blomster","8":"product_cat-dufte-aromaer","9":"product_cat-jordagtig-og-gron","10":"product_cat-patchouli","11":"product_cat-tangerin","12":"product_cat-ylang-ylang","13":"pa_collection-aromatherapy-hand-body-lotion-unlabeled-da","14":"pa_made-in-storbritannien","15":"pa_size-250ml","17":"first","18":"outofstock","19":"purchasable","20":"product-type-simple"},"supplier_id":null,"supplier_sku":"AHBLUL-02DS","barcode":null,"atum_controlled":true,"out_stock_date":"2026-04-25 15:11:39","out_stock_threshold":null,"inheritable":false,"inbound_stock":null,"stock_on_hold":0,"sold_today":0,"sales_last_days":0,"reserved_stock":null,"customer_returns":null,"warehouse_damage":null,"lost_in_post":null,"other_logs":null,"out_stock_days":0,"lost_sales":0,"has_location":null,"update_date":"2026-04-27T06:50:01","atum_locations":[],"atum_stock_status":"outofstock","restock_status":false,"low_stock_amount":"","sales_update_date":"2026-02-06T00:01:18","calc_backorders":null,"_links":{"self":[{"href":"https:\/\/aromasentia.com\/da\/wp-json\/wp\/v2\/product\/203084","targetHints":{"allow":["GET"]}}],"collection":[{"href":"https:\/\/aromasentia.com\/da\/wp-json\/wp\/v2\/product"}],"about":[{"href":"https:\/\/aromasentia.com\/da\/wp-json\/wp\/v2\/types\/product"}],"replies":[{"embeddable":true,"href":"https:\/\/aromasentia.com\/da\/wp-json\/wp\/v2\/comments?post=203084"}],"version-history":[{"count":0,"href":"https:\/\/aromasentia.com\/da\/wp-json\/wp\/v2\/product\/203084\/revisions"}],"wp:featuredmedia":[{"embeddable":true,"href":"https:\/\/aromasentia.com\/da\/wp-json\/wp\/v2\/media\/255322"}],"wp:attachment":[{"href":"https:\/\/aromasentia.com\/da\/wp-json\/wp\/v2\/media?parent=203084"}],"wp:term":[{"taxonomy":"product_brand","embeddable":true,"href":"https:\/\/aromasentia.com\/da\/wp-json\/wp\/v2\/product_brand?post=203084"},{"taxonomy":"product_cat","embeddable":true,"href":"https:\/\/aromasentia.com\/da\/wp-json\/wp\/v2\/product_cat?post=203084"},{"taxonomy":"product_tag","embeddable":true,"href":"https:\/\/aromasentia.com\/da\/wp-json\/wp\/v2\/product_tag?post=203084"}],"curies":[{"name":"wp","href":"https:\/\/api.w.org\/{rel}","templated":true}]}}