{"id":203068,"date":"2025-03-20T14:30:57","date_gmt":"2025-03-20T14:30:57","guid":{"rendered":"https:\/\/aromasentia.com\/product\/car-diffuser-kit-auto-wheel-30mm\/"},"modified":"2025-06-22T04:12:04","modified_gmt":"2025-06-22T04:12:04","slug":"diffusorsaet-til-biler-auto-wheel-30-mm","status":"publish","type":"product","link":"https:\/\/aromasentia.com\/da\/diffusorsaet-til-biler-auto-wheel-30-mm\/","title":{"rendered":"Diffusors\u00e6t Til Biler &#8211; Auto Wheel &#8211; 30 mm"},"content":{"rendered":"<p>G\u00f8r din rejse endnu bedre med denne unikke aromaterapidiffuser. Du kan v\u00e6lge dine yndlings \u00e6teriske olier eller blandinger og opleve de positive sundhedsm\u00e6ssige fordele, de giver, mens du k\u00f8rer.<\/p>\n<p><\/p>\n<p>Designermedaljonen indeholder en filtpude, der kan indeholde et par dr\u00e5ber olie. S\u00e6t den fast p\u00e5 ventilationspanelet i din bil for at lade duften flyde. Medaljonen er lavet af rustfrit st\u00e5l af h\u00f8j kvalitet og leveres med 10 vaskbare, absorberende og genanvendelige filtpuder i en r\u00e6kke forskellige farver. Nu kan du styre duften i din bil.<\/p>\n<p><\/p>\n<p>&#8211;<strong>Pynt din bil med unikke smykker<\/strong><\/p>\n<p><strong>-V\u00e6lg din egen aroma, der passer til dit hum\u00f8r<\/strong><\/p>\n<p><strong>-Inkluderer 10 farvede duftpuder<\/strong><\/p>\n<p><\/p>\n<p>Vi anbefaler vores rene \u00e6teriske olier eller blandinger. Bildiffusers\u00e6ttet indeholder plads til 10 ml \u00e6terisk olie. \u00d8g salget ved at s\u00e6lge et s\u00e6t sammen med olien.<\/p>\n","protected":false},"excerpt":{"rendered":"<p>G\u00f8r din rejse endnu bedre med denne unikke aromaterapidiffuser. Du kan v\u00e6lge dine yndlings \u00e6teriske olier eller blandinger og opleve de positive sundhedsm\u00e6ssige fordele, de giver, mens du k\u00f8rer. Designermedaljonen indeholder en filtpude, der kan indeholde et par dr\u00e5ber olie. S\u00e6t den fast p\u00e5 ventilationspanelet i din bil for at lade duften flyde. Medaljonen er [&hellip;]<\/p>\n","protected":false},"featured_media":256275,"comment_status":"closed","ping_status":"open","template":"","meta":{"_angie_page":false},"product_brand":[],"product_cat":[6169,8333],"product_tag":[],"class_list":{"0":"post-203068","1":"product","2":"type-product","3":"status-publish","4":"has-post-thumbnail","6":"product_cat-aromalamper-aromadiffusere-og-duftstaenger","7":"product_cat-bil-duftfriskere","8":"pa_collection-aromatherapy-car-diffuser-kit-da","9":"pa_made-in-kina","11":"first","12":"instock","13":"purchasable","14":"product-type-simple"},"supplier_id":null,"supplier_sku":"AromaC-08","barcode":null,"atum_controlled":true,"out_stock_date":null,"out_stock_threshold":null,"inheritable":false,"inbound_stock":null,"stock_on_hold":0,"sold_today":0,"sales_last_days":0,"reserved_stock":null,"customer_returns":null,"warehouse_damage":null,"lost_in_post":null,"other_logs":null,"out_stock_days":0,"lost_sales":0,"has_location":null,"update_date":"2026-04-27T06:50:28","atum_locations":[],"atum_stock_status":"instock","restock_status":false,"low_stock_amount":"","sales_update_date":"2026-02-06T00:02:40","calc_backorders":null,"_links":{"self":[{"href":"https:\/\/aromasentia.com\/da\/wp-json\/wp\/v2\/product\/203068","targetHints":{"allow":["GET"]}}],"collection":[{"href":"https:\/\/aromasentia.com\/da\/wp-json\/wp\/v2\/product"}],"about":[{"href":"https:\/\/aromasentia.com\/da\/wp-json\/wp\/v2\/types\/product"}],"replies":[{"embeddable":true,"href":"https:\/\/aromasentia.com\/da\/wp-json\/wp\/v2\/comments?post=203068"}],"version-history":[{"count":0,"href":"https:\/\/aromasentia.com\/da\/wp-json\/wp\/v2\/product\/203068\/revisions"}],"wp:featuredmedia":[{"embeddable":true,"href":"https:\/\/aromasentia.com\/da\/wp-json\/wp\/v2\/media\/256275"}],"wp:attachment":[{"href":"https:\/\/aromasentia.com\/da\/wp-json\/wp\/v2\/media?parent=203068"}],"wp:term":[{"taxonomy":"product_brand","embeddable":true,"href":"https:\/\/aromasentia.com\/da\/wp-json\/wp\/v2\/product_brand?post=203068"},{"taxonomy":"product_cat","embeddable":true,"href":"https:\/\/aromasentia.com\/da\/wp-json\/wp\/v2\/product_cat?post=203068"},{"taxonomy":"product_tag","embeddable":true,"href":"https:\/\/aromasentia.com\/da\/wp-json\/wp\/v2\/product_tag?post=203068"}],"curies":[{"name":"wp","href":"https:\/\/api.w.org\/{rel}","templated":true}]}}