{"id":203060,"date":"2025-03-20T14:33:05","date_gmt":"2025-03-20T14:33:05","guid":{"rendered":"https:\/\/aromasentia.com\/product\/energising-essential-oil-blend-boxed-10ml\/"},"modified":"2025-06-22T04:11:57","modified_gmt":"2025-06-22T04:11:57","slug":"energigivende-aeterisk-olieblanding-aeske-10ml","status":"publish","type":"product","link":"https:\/\/aromasentia.com\/da\/energigivende-aeterisk-olieblanding-aeske-10ml\/","title":{"rendered":"Energigivende \u00c6terisk Olieblanding &#8211; \u00c6ske &#8211; 10ml"},"content":{"rendered":"<p>F\u00e5 energi til dagen med vores <strong>Energigivende \u00e6teriske olieblanding<\/strong>.<\/p>\n<p>Vores premium \u00e6teriske blanding har en vidunderlig stimulerende og forfriskende blanding af pebermynte, r\u00f8gelse og citron, der genopliver energiniveauet i l\u00f8bet af en hektisk dag. &nbsp;V\u00e6r opm\u00e6rksom og bek\u00e6mp tr\u00e6thed under k\u00f8rsel ved at komme et par dr\u00e5ber p\u00e5 et serviet.<\/p>\n<p>Tag et afslappende bad f\u00f8r sengetid med denne olieblanding, kom et par dr\u00e5ber olie p\u00e5 dine f\u00f8dder eller dine h\u00e5ndflader, eller brug oliebr\u00e6ndere til at fordele olien i hele rummet.<\/p>\n<p>Ryst godt og p\u00e5f\u00f8r rigeligt p\u00e5 h\u00e5ndled eller nakke efter behov. Da denne produktserie er lavet af rene \u00e6teriske olieblandinger til dem med f\u00f8lsom hud, anbefaler vi at fortynde med vores baseolier.<\/p>\n","protected":false},"excerpt":{"rendered":"<p>F\u00e5 energi til dagen med vores Energigivende \u00e6teriske olieblanding. Vores premium \u00e6teriske blanding har en vidunderlig stimulerende og forfriskende blanding af pebermynte, r\u00f8gelse og citron, der genopliver energiniveauet i l\u00f8bet af en hektisk dag. &nbsp;V\u00e6r opm\u00e6rksom og bek\u00e6mp tr\u00e6thed under k\u00f8rsel ved at komme et par dr\u00e5ber p\u00e5 et serviet. Tag et afslappende bad f\u00f8r [&hellip;]<\/p>\n","protected":false},"featured_media":257686,"comment_status":"closed","ping_status":"open","template":"","meta":{"_angie_page":false},"product_brand":[],"product_cat":[26647,7647,6153],"product_tag":[],"class_list":{"0":"post-203060","1":"product","2":"type-product","3":"status-publish","4":"has-post-thumbnail","6":"product_cat-aeteriske-olieblandinger","7":"product_cat-aeteriske-olier","8":"product_cat-aromaterapi-og-rumdufte","9":"pa_collection-premium-essential-oil-blends-da","10":"pa_made-in-usa","11":"pa_size-10ml","13":"first","14":"instock","15":"purchasable","16":"product-type-simple"},"supplier_id":null,"supplier_sku":"AWEBL-01","barcode":null,"atum_controlled":true,"out_stock_date":null,"out_stock_threshold":null,"inheritable":false,"inbound_stock":null,"stock_on_hold":0,"sold_today":0,"sales_last_days":0,"reserved_stock":null,"customer_returns":null,"warehouse_damage":null,"lost_in_post":null,"other_logs":null,"out_stock_days":0,"lost_sales":0,"has_location":null,"update_date":"2026-04-30T19:05:59","atum_locations":[],"atum_stock_status":"instock","restock_status":false,"low_stock_amount":"","sales_update_date":"2025-10-09T03:24:14","calc_backorders":null,"_links":{"self":[{"href":"https:\/\/aromasentia.com\/da\/wp-json\/wp\/v2\/product\/203060","targetHints":{"allow":["GET"]}}],"collection":[{"href":"https:\/\/aromasentia.com\/da\/wp-json\/wp\/v2\/product"}],"about":[{"href":"https:\/\/aromasentia.com\/da\/wp-json\/wp\/v2\/types\/product"}],"replies":[{"embeddable":true,"href":"https:\/\/aromasentia.com\/da\/wp-json\/wp\/v2\/comments?post=203060"}],"version-history":[{"count":0,"href":"https:\/\/aromasentia.com\/da\/wp-json\/wp\/v2\/product\/203060\/revisions"}],"wp:featuredmedia":[{"embeddable":true,"href":"https:\/\/aromasentia.com\/da\/wp-json\/wp\/v2\/media\/257686"}],"wp:attachment":[{"href":"https:\/\/aromasentia.com\/da\/wp-json\/wp\/v2\/media?parent=203060"}],"wp:term":[{"taxonomy":"product_brand","embeddable":true,"href":"https:\/\/aromasentia.com\/da\/wp-json\/wp\/v2\/product_brand?post=203060"},{"taxonomy":"product_cat","embeddable":true,"href":"https:\/\/aromasentia.com\/da\/wp-json\/wp\/v2\/product_cat?post=203060"},{"taxonomy":"product_tag","embeddable":true,"href":"https:\/\/aromasentia.com\/da\/wp-json\/wp\/v2\/product_tag?post=203060"}],"curies":[{"name":"wp","href":"https:\/\/api.w.org\/{rel}","templated":true}]}}