{"id":203052,"date":"2025-03-20T14:33:05","date_gmt":"2025-03-20T14:33:05","guid":{"rendered":"https:\/\/aromasentia.com\/product\/aromatherapy-jewellery-necklace-hamsa-chakra-30mm\/"},"modified":"2025-06-22T04:11:52","modified_gmt":"2025-06-22T04:11:52","slug":"aromaterapi-smykkehalskaede-hamsa-chakra-30-mm","status":"publish","type":"product","link":"https:\/\/aromasentia.com\/da\/aromaterapi-smykkehalskaede-hamsa-chakra-30-mm\/","title":{"rendered":"Aromaterapi-Smykkehalsk\u00e6de &#8211; Hamsa Chakra &#8211; 30 mm"},"content":{"rendered":"<p><strong><span style=\"color: rgb(75, 80, 88);\">Aromaterapi Smykkehalsk\u00e6de &#8211; Hamsa Chakra<\/span><\/strong><span style=\"color: rgb(75, 80, 88);\">Diffuserhalsk\u00e6der giver dine kunder mulighed for at b\u00e6re din <strong>yndlings \u00e6teriske olie<\/strong> eller en af vores specielle blandinger, uanset hvor de g\u00e5r hen, samtidig med at de oplever de positive sundhedsm\u00e6ssige fordele, de giver. Hvert medaljon indeholder et lille stykke pude, der indeholder et par dr\u00e5ber olie, der langsomt diffunderer gennem ventilationshullerne p\u00e5 forsiden. <strong>Duften af din olie kan vare i flere dage<\/strong>, men du kan altid fylde mere olie p\u00e5 puden, n\u00e5r olien er helt diffunderet.<\/span><\/p>\n","protected":false},"excerpt":{"rendered":"<p>Aromaterapi Smykkehalsk\u00e6de &#8211; Hamsa ChakraDiffuserhalsk\u00e6der giver dine kunder mulighed for at b\u00e6re din yndlings \u00e6teriske olie eller en af vores specielle blandinger, uanset hvor de g\u00e5r hen, samtidig med at de oplever de positive sundhedsm\u00e6ssige fordele, de giver. Hvert medaljon indeholder et lille stykke pude, der indeholder et par dr\u00e5ber olie, der langsomt diffunderer gennem [&hellip;]<\/p>\n","protected":false},"featured_media":257286,"comment_status":"closed","ping_status":"open","template":"","meta":{"_angie_page":false},"product_brand":[],"product_cat":[6153,25212],"product_tag":[],"class_list":{"0":"post-203052","1":"product","2":"type-product","3":"status-publish","4":"has-post-thumbnail","6":"product_cat-aromaterapi-og-rumdufte","7":"product_cat-halskaeder-og-vedhaeng","8":"pa_collection-aromatherapy-jewellery-necklaces-and-bracelets-da","9":"pa_made-in-kina","11":"first","12":"instock","13":"purchasable","14":"product-type-simple"},"supplier_id":null,"supplier_sku":"AromaJ-18","barcode":null,"atum_controlled":true,"out_stock_date":null,"out_stock_threshold":null,"inheritable":false,"inbound_stock":null,"stock_on_hold":0,"sold_today":0,"sales_last_days":0,"reserved_stock":null,"customer_returns":null,"warehouse_damage":null,"lost_in_post":null,"other_logs":null,"out_stock_days":0,"lost_sales":0,"has_location":null,"update_date":"2026-04-27T06:50:34","atum_locations":[],"atum_stock_status":"instock","restock_status":false,"low_stock_amount":"","sales_update_date":"2026-01-30T01:25:57","calc_backorders":null,"_links":{"self":[{"href":"https:\/\/aromasentia.com\/da\/wp-json\/wp\/v2\/product\/203052","targetHints":{"allow":["GET"]}}],"collection":[{"href":"https:\/\/aromasentia.com\/da\/wp-json\/wp\/v2\/product"}],"about":[{"href":"https:\/\/aromasentia.com\/da\/wp-json\/wp\/v2\/types\/product"}],"replies":[{"embeddable":true,"href":"https:\/\/aromasentia.com\/da\/wp-json\/wp\/v2\/comments?post=203052"}],"version-history":[{"count":0,"href":"https:\/\/aromasentia.com\/da\/wp-json\/wp\/v2\/product\/203052\/revisions"}],"wp:featuredmedia":[{"embeddable":true,"href":"https:\/\/aromasentia.com\/da\/wp-json\/wp\/v2\/media\/257286"}],"wp:attachment":[{"href":"https:\/\/aromasentia.com\/da\/wp-json\/wp\/v2\/media?parent=203052"}],"wp:term":[{"taxonomy":"product_brand","embeddable":true,"href":"https:\/\/aromasentia.com\/da\/wp-json\/wp\/v2\/product_brand?post=203052"},{"taxonomy":"product_cat","embeddable":true,"href":"https:\/\/aromasentia.com\/da\/wp-json\/wp\/v2\/product_cat?post=203052"},{"taxonomy":"product_tag","embeddable":true,"href":"https:\/\/aromasentia.com\/da\/wp-json\/wp\/v2\/product_tag?post=203052"}],"curies":[{"name":"wp","href":"https:\/\/api.w.org\/{rel}","templated":true}]}}