{"id":203050,"date":"2025-03-20T14:33:05","date_gmt":"2025-03-20T14:33:05","guid":{"rendered":"https:\/\/aromasentia.com\/product\/aromatherapy-jewellery-necklace-reusable-refill-pad-30mm\/"},"modified":"2025-06-22T04:11:49","modified_gmt":"2025-06-22T04:11:49","slug":"aromaterapi-smykkehalskaede-genanvendelig-refill-pad-30-mm","status":"publish","type":"product","link":"https:\/\/aromasentia.com\/da\/aromaterapi-smykkehalskaede-genanvendelig-refill-pad-30-mm\/","title":{"rendered":"Aromaterapi-Smykkehalsk\u00e6de Genanvendelig Refill-Pad &#8211; 30 mm"},"content":{"rendered":"<p><span style=\"color: rgb(75, 80, 88);\"><strong>Aroma Sentia<\/strong> tilbyder <strong>ekstra refillpuder<\/strong> til udvalget af aromaterapi halsk\u00e6dediffusere &#8211; 10x genanvendelig refillpude til halsk\u00e6der (20 mm).<\/span><\/p>\n<p><span style=\"color: rgb(75, 80, 88);\"><strong>Disse puder passer til udvalget af halsk\u00e6der med medaljoner p\u00e5 30 mm i diameter.<\/strong><\/span><\/p>\n","protected":false},"excerpt":{"rendered":"<p>Aroma Sentia tilbyder ekstra refillpuder til udvalget af aromaterapi halsk\u00e6dediffusere &#8211; 10x genanvendelig refillpude til halsk\u00e6der (20 mm). Disse puder passer til udvalget af halsk\u00e6der med medaljoner p\u00e5 30 mm i diameter.<\/p>\n","protected":false},"featured_media":257220,"comment_status":"closed","ping_status":"open","template":"","meta":{"_angie_page":false},"product_brand":[],"product_cat":[6153,25212],"product_tag":[],"class_list":{"0":"post-203050","1":"product","2":"type-product","3":"status-publish","4":"has-post-thumbnail","6":"product_cat-aromaterapi-og-rumdufte","7":"product_cat-halskaeder-og-vedhaeng","8":"pa_collection-aromatherapy-jewellery-necklaces-and-bracelets-da","9":"pa_made-in-kina","11":"first","12":"instock","13":"purchasable","14":"product-type-simple"},"supplier_id":null,"supplier_sku":"AromaJ-16","barcode":null,"atum_controlled":true,"out_stock_date":null,"out_stock_threshold":null,"inheritable":false,"inbound_stock":null,"stock_on_hold":0,"sold_today":0,"sales_last_days":0,"reserved_stock":null,"customer_returns":null,"warehouse_damage":null,"lost_in_post":null,"other_logs":null,"out_stock_days":0,"lost_sales":0,"has_location":null,"update_date":"2026-04-27T06:50:34","atum_locations":[],"atum_stock_status":"instock","restock_status":false,"low_stock_amount":"","sales_update_date":"2026-02-06T00:02:04","calc_backorders":null,"_links":{"self":[{"href":"https:\/\/aromasentia.com\/da\/wp-json\/wp\/v2\/product\/203050","targetHints":{"allow":["GET"]}}],"collection":[{"href":"https:\/\/aromasentia.com\/da\/wp-json\/wp\/v2\/product"}],"about":[{"href":"https:\/\/aromasentia.com\/da\/wp-json\/wp\/v2\/types\/product"}],"replies":[{"embeddable":true,"href":"https:\/\/aromasentia.com\/da\/wp-json\/wp\/v2\/comments?post=203050"}],"version-history":[{"count":0,"href":"https:\/\/aromasentia.com\/da\/wp-json\/wp\/v2\/product\/203050\/revisions"}],"wp:featuredmedia":[{"embeddable":true,"href":"https:\/\/aromasentia.com\/da\/wp-json\/wp\/v2\/media\/257220"}],"wp:attachment":[{"href":"https:\/\/aromasentia.com\/da\/wp-json\/wp\/v2\/media?parent=203050"}],"wp:term":[{"taxonomy":"product_brand","embeddable":true,"href":"https:\/\/aromasentia.com\/da\/wp-json\/wp\/v2\/product_brand?post=203050"},{"taxonomy":"product_cat","embeddable":true,"href":"https:\/\/aromasentia.com\/da\/wp-json\/wp\/v2\/product_cat?post=203050"},{"taxonomy":"product_tag","embeddable":true,"href":"https:\/\/aromasentia.com\/da\/wp-json\/wp\/v2\/product_tag?post=203050"}],"curies":[{"name":"wp","href":"https:\/\/api.w.org\/{rel}","templated":true}]}}