{"id":203048,"date":"2025-03-20T14:33:05","date_gmt":"2025-03-20T14:33:05","guid":{"rendered":"https:\/\/aromasentia.com\/product\/aromatherapy-jewellery-necklace-four-leaf-clover-30mm\/"},"modified":"2025-06-22T04:11:48","modified_gmt":"2025-06-22T04:11:48","slug":"aromaterapi-smykkehalskaede-firkloever-30-mm","status":"publish","type":"product","link":"https:\/\/aromasentia.com\/da\/aromaterapi-smykkehalskaede-firkloever-30-mm\/","title":{"rendered":"Aromaterapi-Smykkehalsk\u00e6de &#8211; Firkl\u00f8ver 30 mm"},"content":{"rendered":"<p>Denne <strong>Aromaterapi Diffuser Halsk\u00e6de &#8211; Firkl\u00f8ver 30mm<\/strong> giver dig mulighed for at b\u00e6re din yndlings \u00e6teriske olie eller en af vores specielle blandinger, uanset hvor du g\u00e5r hen, samtidig med at du oplever de positive sundhedsm\u00e6ssige fordele, de giver. Hvert medaljon indeholder et lille stykke pude, der indeholder et par dr\u00e5ber olie, der langsomt diffunderer gennem ventilationshullerne p\u00e5 forsiden. Duften af din olie kan vare i flere dage, men du kan altid fylde mere olie p\u00e5 puden, n\u00e5r olien er helt diffunderet.<\/p>\n<p>Medaljoner f\u00e5s i to st\u00f8rrelser, 25 mm og 30 mm i diameter og 5 mm i tykkelse, og er lavet af rustfrit st\u00e5l for at sikre, at olierne ikke anl\u00f8ber eller nedbryder metallet over tid. Hver halsk\u00e6de leveres med 10 assorterede farvepuder.<\/p>\n<p>Bagsiden af medaljonen er solid og kan \u00e5bnes via en lille slids til h\u00f8jre, som holdes sammen med en st\u00e6rk magnetisk lukning.<\/p>\n<p>S\u00e5 skynd dig at bestille dette fantastiske udvalg af halsk\u00e6der i dag, v\u00e6lg dine \u00e6teriske olier eller blandinger og nyd den ultimative aromaterapi, du kan bruge.<\/p>\n","protected":false},"excerpt":{"rendered":"<p>Denne Aromaterapi Diffuser Halsk\u00e6de &#8211; Firkl\u00f8ver 30mm giver dig mulighed for at b\u00e6re din yndlings \u00e6teriske olie eller en af vores specielle blandinger, uanset hvor du g\u00e5r hen, samtidig med at du oplever de positive sundhedsm\u00e6ssige fordele, de giver. Hvert medaljon indeholder et lille stykke pude, der indeholder et par dr\u00e5ber olie, der langsomt diffunderer [&hellip;]<\/p>\n","protected":false},"featured_media":257154,"comment_status":"closed","ping_status":"open","template":"","meta":{"_angie_page":false},"product_brand":[],"product_cat":[6153,25212],"product_tag":[],"class_list":{"0":"post-203048","1":"product","2":"type-product","3":"status-publish","4":"has-post-thumbnail","6":"product_cat-aromaterapi-og-rumdufte","7":"product_cat-halskaeder-og-vedhaeng","8":"pa_collection-aromatherapy-jewellery-necklaces-and-bracelets-da","9":"pa_made-in-kina","11":"first","12":"instock","13":"purchasable","14":"product-type-simple"},"supplier_id":null,"supplier_sku":"AromaJ-14","barcode":null,"atum_controlled":true,"out_stock_date":null,"out_stock_threshold":null,"inheritable":false,"inbound_stock":null,"stock_on_hold":0,"sold_today":0,"sales_last_days":0,"reserved_stock":null,"customer_returns":null,"warehouse_damage":null,"lost_in_post":null,"other_logs":null,"out_stock_days":10,"lost_sales":0,"has_location":null,"update_date":"2026-04-29T01:07:01","atum_locations":[],"atum_stock_status":"instock","restock_status":false,"low_stock_amount":"","sales_update_date":"2026-02-06T00:02:30","calc_backorders":null,"_links":{"self":[{"href":"https:\/\/aromasentia.com\/da\/wp-json\/wp\/v2\/product\/203048","targetHints":{"allow":["GET"]}}],"collection":[{"href":"https:\/\/aromasentia.com\/da\/wp-json\/wp\/v2\/product"}],"about":[{"href":"https:\/\/aromasentia.com\/da\/wp-json\/wp\/v2\/types\/product"}],"replies":[{"embeddable":true,"href":"https:\/\/aromasentia.com\/da\/wp-json\/wp\/v2\/comments?post=203048"}],"version-history":[{"count":0,"href":"https:\/\/aromasentia.com\/da\/wp-json\/wp\/v2\/product\/203048\/revisions"}],"wp:featuredmedia":[{"embeddable":true,"href":"https:\/\/aromasentia.com\/da\/wp-json\/wp\/v2\/media\/257154"}],"wp:attachment":[{"href":"https:\/\/aromasentia.com\/da\/wp-json\/wp\/v2\/media?parent=203048"}],"wp:term":[{"taxonomy":"product_brand","embeddable":true,"href":"https:\/\/aromasentia.com\/da\/wp-json\/wp\/v2\/product_brand?post=203048"},{"taxonomy":"product_cat","embeddable":true,"href":"https:\/\/aromasentia.com\/da\/wp-json\/wp\/v2\/product_cat?post=203048"},{"taxonomy":"product_tag","embeddable":true,"href":"https:\/\/aromasentia.com\/da\/wp-json\/wp\/v2\/product_tag?post=203048"}],"curies":[{"name":"wp","href":"https:\/\/api.w.org\/{rel}","templated":true}]}}