{"id":203046,"date":"2025-03-20T14:33:05","date_gmt":"2025-03-20T14:33:05","guid":{"rendered":"https:\/\/aromasentia.com\/product\/luxury-lavender-wheat-bag-in-gift-box-butterfly-roses\/"},"modified":"2025-06-22T04:11:45","modified_gmt":"2025-06-22T04:11:45","slug":"luksus-lavendelhvedepose-i-gaveaeske-butterfly-roses","status":"publish","type":"product","link":"https:\/\/aromasentia.com\/da\/luksus-lavendelhvedepose-i-gaveaeske-butterfly-roses\/","title":{"rendered":"Luksus Lavendelhvedepose I Gave\u00e6ske &#8211; Butterfly &#038; Roses"},"content":{"rendered":"<p><strong>Luksuri\u00f8s lavendelhvedepose &#8211; Butterfly &amp; Roses<\/strong> leveres i en solid gave\u00e6ske. Bem\u00e6rk, hvordan rebh\u00e5ndtagene str\u00e6kker sig ud af \u00e6sken.<\/p>\n<p>Hvede har en unik cellestruktur, der hurtigt kan absorbere varme eller kulde og derefter frigive den j\u00e6vnt, hvilket hj\u00e6lper mod tilstande som gigt, menstruationssmerter, \u00f8mme led osv. Lavendel er kendt for at hj\u00e6lpe med at lindre sp\u00e6ndinger og smerter, s\u00e5 du kan forestille dig, hvor afslappende disse er kombineret. Et fremragende og sikkert alternativ til varmeflasker.<\/p>\n<p>Disse \u00e6sker med hvedeposer indeholder hvede, lavendelfr\u00f8 og ekstra lavendelolie.<\/p>\n","protected":false},"excerpt":{"rendered":"<p>Luksuri\u00f8s lavendelhvedepose &#8211; Butterfly &amp; Roses leveres i en solid gave\u00e6ske. Bem\u00e6rk, hvordan rebh\u00e5ndtagene str\u00e6kker sig ud af \u00e6sken. Hvede har en unik cellestruktur, der hurtigt kan absorbere varme eller kulde og derefter frigive den j\u00e6vnt, hvilket hj\u00e6lper mod tilstande som gigt, menstruationssmerter, \u00f8mme led osv. Lavendel er kendt for at hj\u00e6lpe med at lindre [&hellip;]<\/p>\n","protected":false},"featured_media":258131,"comment_status":"closed","ping_status":"open","template":"","meta":{"_angie_page":false},"product_brand":[],"product_cat":[6153,26830,25839,25957,25984],"product_tag":[],"class_list":{"0":"post-203046","1":"product","2":"type-product","3":"status-publish","4":"has-post-thumbnail","6":"product_cat-aromaterapi-og-rumdufte","7":"product_cat-blomster","8":"product_cat-dufte-aromaer","9":"product_cat-lavendel","10":"product_cat-rose","11":"pa_collection-lavender-wheat-bags-da","12":"pa_made-in-kina","14":"first","15":"instock","16":"purchasable","17":"product-type-simple"},"supplier_id":null,"supplier_sku":"AWHBL-03","barcode":null,"atum_controlled":true,"out_stock_date":null,"out_stock_threshold":null,"inheritable":false,"inbound_stock":null,"stock_on_hold":0,"sold_today":0,"sales_last_days":0,"reserved_stock":null,"customer_returns":null,"warehouse_damage":null,"lost_in_post":null,"other_logs":null,"out_stock_days":0,"lost_sales":0,"has_location":null,"update_date":"2026-04-27T06:52:28","atum_locations":[],"atum_stock_status":"instock","restock_status":false,"low_stock_amount":"","sales_update_date":"2026-01-20T05:14:05","calc_backorders":null,"_links":{"self":[{"href":"https:\/\/aromasentia.com\/da\/wp-json\/wp\/v2\/product\/203046","targetHints":{"allow":["GET"]}}],"collection":[{"href":"https:\/\/aromasentia.com\/da\/wp-json\/wp\/v2\/product"}],"about":[{"href":"https:\/\/aromasentia.com\/da\/wp-json\/wp\/v2\/types\/product"}],"replies":[{"embeddable":true,"href":"https:\/\/aromasentia.com\/da\/wp-json\/wp\/v2\/comments?post=203046"}],"version-history":[{"count":0,"href":"https:\/\/aromasentia.com\/da\/wp-json\/wp\/v2\/product\/203046\/revisions"}],"wp:featuredmedia":[{"embeddable":true,"href":"https:\/\/aromasentia.com\/da\/wp-json\/wp\/v2\/media\/258131"}],"wp:attachment":[{"href":"https:\/\/aromasentia.com\/da\/wp-json\/wp\/v2\/media?parent=203046"}],"wp:term":[{"taxonomy":"product_brand","embeddable":true,"href":"https:\/\/aromasentia.com\/da\/wp-json\/wp\/v2\/product_brand?post=203046"},{"taxonomy":"product_cat","embeddable":true,"href":"https:\/\/aromasentia.com\/da\/wp-json\/wp\/v2\/product_cat?post=203046"},{"taxonomy":"product_tag","embeddable":true,"href":"https:\/\/aromasentia.com\/da\/wp-json\/wp\/v2\/product_tag?post=203046"}],"curies":[{"name":"wp","href":"https:\/\/api.w.org\/{rel}","templated":true}]}}