{"id":203039,"date":"2025-03-20T14:35:19","date_gmt":"2025-03-20T14:35:19","guid":{"rendered":"https:\/\/aromasentia.com\/product\/grapeseed-oil-100ml\/"},"modified":"2025-06-22T04:11:41","modified_gmt":"2025-06-22T04:11:41","slug":"vindruekerneolie-100ml","status":"publish","type":"product","link":"https:\/\/aromasentia.com\/da\/vindruekerneolie-100ml\/","title":{"rendered":"Vindruekerneolie &#8211; 100ml"},"content":{"rendered":"<p><strong>Botanisk navn:<\/strong>&nbsp; Vitis Vinifera<\/p>\n<p><strong>Oprindelse:<\/strong>&nbsp; Vindruekerneolie, eller drueolie, kommer fra Spanien. Findes i Middelhavsregionen s\u00e5vel som Asien, og det menes, at gr\u00e6kerne var de f\u00f8rste til at spise druer p\u00e5 grund af deres mange sundhedsm\u00e6ssige fordele.<\/p>\n<p><strong>Farve og duft:<\/strong>&nbsp; Dens farve sp\u00e6nder fra klar til gul til lysegr\u00f8n. Lys. Lidt n\u00f8ddeagtig og s\u00f8d.<\/p>\n<p><strong>Tekstur:<\/strong> Vindruekerneolie har en satinlignende tekstur.<\/p>\n<p>Indeholder mere E-vitamin end olivenolie, glavonoider som oligomer procyanidin, inolensyre, oliesyre, omega-3-fedtsyrer, omega-6-fedtsyrer, omega-9-fedtsyrer, palmitinsyre, stearinsyre, C-vitamin, E-vitamin.<\/p>\n<p>Med sin tynde konsistens er vindruekerneolie en utrolig let fugtighedscreme. Den er lettere end kokosolie og jojobaolie.<\/p>\n<p>Anvendes som fugtighedscreme til fint h\u00e5r. F\u00e5 dr\u00e5ber kan p\u00e5f\u00f8res h\u00e5rstr\u00e5ene f\u00f8r shampoo.<br \/>Grapekerneolie har et h\u00f8jt indhold af C-vitamin og har derfor hudblegnende egenskaber. Reducerer ogs\u00e5 spindelvener.<\/p>\n<p>Grapekerneolie er god til anti-aging. Den hj\u00e6lper med at genoprette kollagen, fordi den indeholder OPC&#8217;er (oligomere proanthocyanidiner).<\/p>\n","protected":false},"excerpt":{"rendered":"<p>Botanisk navn:&nbsp; Vitis Vinifera Oprindelse:&nbsp; Vindruekerneolie, eller drueolie, kommer fra Spanien. Findes i Middelhavsregionen s\u00e5vel som Asien, og det menes, at gr\u00e6kerne var de f\u00f8rste til at spise druer p\u00e5 grund af deres mange sundhedsm\u00e6ssige fordele. Farve og duft:&nbsp; Dens farve sp\u00e6nder fra klar til gul til lysegr\u00f8n. Lys. Lidt n\u00f8ddeagtig og s\u00f8d. Tekstur: Vindruekerneolie [&hellip;]<\/p>\n","protected":false},"featured_media":258955,"comment_status":"closed","ping_status":"open","template":"","meta":{"_angie_page":false},"product_brand":[27094],"product_cat":[6153,7719],"product_tag":[],"class_list":{"0":"post-203039","1":"product","2":"type-product","3":"status-publish","4":"has-post-thumbnail","6":"product_brand-ancient-wisdom","7":"product_cat-aromaterapi-og-rumdufte","8":"product_cat-baseolier","9":"pa_collection-base-oils-da","10":"pa_made-in-spanien","11":"pa_size-100ml","13":"first","14":"instock","15":"purchasable","16":"product-type-simple"},"supplier_id":null,"supplier_sku":"BO-01","barcode":null,"atum_controlled":true,"out_stock_date":null,"out_stock_threshold":null,"inheritable":false,"inbound_stock":null,"stock_on_hold":0,"sold_today":0,"sales_last_days":0,"reserved_stock":null,"customer_returns":null,"warehouse_damage":null,"lost_in_post":null,"other_logs":null,"out_stock_days":0,"lost_sales":0,"has_location":null,"update_date":"2026-04-27T06:55:16","atum_locations":[],"atum_stock_status":"instock","restock_status":false,"low_stock_amount":"","sales_update_date":"2025-10-09T03:26:37","calc_backorders":null,"_links":{"self":[{"href":"https:\/\/aromasentia.com\/da\/wp-json\/wp\/v2\/product\/203039","targetHints":{"allow":["GET"]}}],"collection":[{"href":"https:\/\/aromasentia.com\/da\/wp-json\/wp\/v2\/product"}],"about":[{"href":"https:\/\/aromasentia.com\/da\/wp-json\/wp\/v2\/types\/product"}],"replies":[{"embeddable":true,"href":"https:\/\/aromasentia.com\/da\/wp-json\/wp\/v2\/comments?post=203039"}],"version-history":[{"count":0,"href":"https:\/\/aromasentia.com\/da\/wp-json\/wp\/v2\/product\/203039\/revisions"}],"wp:featuredmedia":[{"embeddable":true,"href":"https:\/\/aromasentia.com\/da\/wp-json\/wp\/v2\/media\/258955"}],"wp:attachment":[{"href":"https:\/\/aromasentia.com\/da\/wp-json\/wp\/v2\/media?parent=203039"}],"wp:term":[{"taxonomy":"product_brand","embeddable":true,"href":"https:\/\/aromasentia.com\/da\/wp-json\/wp\/v2\/product_brand?post=203039"},{"taxonomy":"product_cat","embeddable":true,"href":"https:\/\/aromasentia.com\/da\/wp-json\/wp\/v2\/product_cat?post=203039"},{"taxonomy":"product_tag","embeddable":true,"href":"https:\/\/aromasentia.com\/da\/wp-json\/wp\/v2\/product_tag?post=203039"}],"curies":[{"name":"wp","href":"https:\/\/api.w.org\/{rel}","templated":true}]}}