{"id":203037,"date":"2025-03-20T14:35:19","date_gmt":"2025-03-20T14:35:19","guid":{"rendered":"https:\/\/aromasentia.com\/product\/1-litre-beard-oil-spartan-hero-condition\/"},"modified":"2025-06-22T04:11:40","modified_gmt":"2025-06-22T04:11:40","slug":"beard-oil-spartan-hero-condition-1-litre","status":"publish","type":"product","link":"https:\/\/aromasentia.com\/da\/beard-oil-spartan-hero-condition-1-litre\/","title":{"rendered":"Beard Oil &#8211; Spartan Hero &#8211; Condition! 1 Litre"},"content":{"rendered":"<p>Plej dit sk\u00e6g til legendarisk bl\u00f8dhed med vores Spartan Hero Beard Oil. Denne imponerende 1-liters formel er skabt til krigeren, der kr\u00e6ver det ypperste. Den er fyldt med en robust, inspirerende duft og tr\u00e6nger dybt ind i sk\u00e6gh\u00e5rene for at give intens fugt og overlegen h\u00e5ndterbarhed og t\u00e6mme selv den mest uregerlige sk\u00e6gv\u00e6kst. Den beroliger den underliggende hud, forhindrer afskalning og irritation og sikrer, at dit sk\u00e6g ser ud og f\u00f8les som en helt. Omfavn kraften i denne plejende olie, og b\u00e6r dit sk\u00e6g med en \u00e6gte spartaners selvtillid.<\/p>\n","protected":false},"excerpt":{"rendered":"<p>Plej dit sk\u00e6g til legendarisk bl\u00f8dhed med vores Spartan Hero Beard Oil. Denne imponerende 1-liters formel er skabt til krigeren, der kr\u00e6ver det ypperste. Den er fyldt med en robust, inspirerende duft og tr\u00e6nger dybt ind i sk\u00e6gh\u00e5rene for at give intens fugt og overlegen h\u00e5ndterbarhed og t\u00e6mme selv den mest uregerlige sk\u00e6gv\u00e6kst. Den beroliger [&hellip;]<\/p>\n","protected":false},"featured_media":258921,"comment_status":"closed","ping_status":"open","template":"","meta":{"_angie_page":false},"product_brand":[],"product_cat":[6994,7274,25806],"product_tag":[],"class_list":{"0":"post-203037","1":"product","2":"type-product","3":"status-publish","4":"has-post-thumbnail","6":"product_cat-bad-og-bruser","7":"product_cat-harpleje","8":"product_cat-skaegolier","9":"pa_collection-pure-and-natural-beard-oils-1-litre-da","10":"pa_made-in-storbritannien","12":"first","13":"instock","14":"purchasable","15":"product-type-simple"},"supplier_id":null,"supplier_sku":"BeardoB-03","barcode":null,"atum_controlled":true,"out_stock_date":null,"out_stock_threshold":null,"inheritable":false,"inbound_stock":null,"stock_on_hold":0,"sold_today":0,"sales_last_days":0,"reserved_stock":null,"customer_returns":null,"warehouse_damage":null,"lost_in_post":null,"other_logs":null,"out_stock_days":0,"lost_sales":0,"has_location":null,"update_date":"2026-05-08T05:05:00","atum_locations":[],"atum_stock_status":"instock","restock_status":false,"low_stock_amount":"","sales_update_date":"2025-10-09T03:26:18","calc_backorders":null,"_links":{"self":[{"href":"https:\/\/aromasentia.com\/da\/wp-json\/wp\/v2\/product\/203037","targetHints":{"allow":["GET"]}}],"collection":[{"href":"https:\/\/aromasentia.com\/da\/wp-json\/wp\/v2\/product"}],"about":[{"href":"https:\/\/aromasentia.com\/da\/wp-json\/wp\/v2\/types\/product"}],"replies":[{"embeddable":true,"href":"https:\/\/aromasentia.com\/da\/wp-json\/wp\/v2\/comments?post=203037"}],"version-history":[{"count":0,"href":"https:\/\/aromasentia.com\/da\/wp-json\/wp\/v2\/product\/203037\/revisions"}],"wp:featuredmedia":[{"embeddable":true,"href":"https:\/\/aromasentia.com\/da\/wp-json\/wp\/v2\/media\/258921"}],"wp:attachment":[{"href":"https:\/\/aromasentia.com\/da\/wp-json\/wp\/v2\/media?parent=203037"}],"wp:term":[{"taxonomy":"product_brand","embeddable":true,"href":"https:\/\/aromasentia.com\/da\/wp-json\/wp\/v2\/product_brand?post=203037"},{"taxonomy":"product_cat","embeddable":true,"href":"https:\/\/aromasentia.com\/da\/wp-json\/wp\/v2\/product_cat?post=203037"},{"taxonomy":"product_tag","embeddable":true,"href":"https:\/\/aromasentia.com\/da\/wp-json\/wp\/v2\/product_tag?post=203037"}],"curies":[{"name":"wp","href":"https:\/\/api.w.org\/{rel}","templated":true}]}}