{"id":203036,"date":"2025-03-20T14:35:19","date_gmt":"2025-03-20T14:35:19","guid":{"rendered":"https:\/\/aromasentia.com\/product\/1-litre-beard-oil-nordic-spruce-regenerate\/"},"modified":"2025-06-22T04:11:38","modified_gmt":"2025-06-22T04:11:38","slug":"beard-oil-nordic-spruce-regenerate-1-litre","status":"publish","type":"product","link":"https:\/\/aromasentia.com\/da\/beard-oil-nordic-spruce-regenerate-1-litre\/","title":{"rendered":"Beard Oil &#8211; Nordic Spruce &#8211; Regenerate! 1 Litre"},"content":{"rendered":"<p>Genopret din \u00e6dle manke med vores Nordic Spruce Beard Oil. Denne 1-liters eliksir kanaliserer den spr\u00f8de, rene essens af skandinaviske skove og tilf\u00f8rer dit sk\u00e6g den forfriskende duft af frisk gran. Den er formuleret til at give dyb n\u00e6ring til b\u00e5de h\u00e5r og hud og hj\u00e6lper med at genoplive tr\u00e6tte h\u00e5rs\u00e6kke, fremme sund v\u00e6kst og bek\u00e6mpe t\u00f8rhed og kl\u00f8e. Regelm\u00e6ssig brug efterlader dit sk\u00e6g bem\u00e6rkelsesv\u00e6rdigt bl\u00f8dt, h\u00e5ndterbart og gennemsyret af en subtil, maskulin duft, der taler om barsk natur og raffineret styrke. Perfekt til den moderne viking.<\/p>\n","protected":false},"excerpt":{"rendered":"<p>Genopret din \u00e6dle manke med vores Nordic Spruce Beard Oil. Denne 1-liters eliksir kanaliserer den spr\u00f8de, rene essens af skandinaviske skove og tilf\u00f8rer dit sk\u00e6g den forfriskende duft af frisk gran. Den er formuleret til at give dyb n\u00e6ring til b\u00e5de h\u00e5r og hud og hj\u00e6lper med at genoplive tr\u00e6tte h\u00e5rs\u00e6kke, fremme sund v\u00e6kst og [&hellip;]<\/p>\n","protected":false},"featured_media":258904,"comment_status":"closed","ping_status":"open","template":"","meta":{"_angie_page":false},"product_brand":[],"product_cat":[6994,25839,25992,7274,25806,26893],"product_tag":[],"class_list":{"0":"post-203036","1":"product","2":"type-product","3":"status-publish","4":"has-post-thumbnail","6":"product_cat-bad-og-bruser","7":"product_cat-dufte-aromaer","8":"product_cat-gran","9":"product_cat-harpleje","10":"product_cat-skaegolier","11":"product_cat-traeagtig","12":"pa_collection-pure-and-natural-beard-oils-1-litre-da","13":"pa_made-in-storbritannien","15":"first","16":"instock","17":"purchasable","18":"product-type-simple"},"supplier_id":null,"supplier_sku":"BeardoB-02","barcode":null,"atum_controlled":true,"out_stock_date":null,"out_stock_threshold":null,"inheritable":false,"inbound_stock":null,"stock_on_hold":0,"sold_today":0,"sales_last_days":0,"reserved_stock":null,"customer_returns":null,"warehouse_damage":null,"lost_in_post":null,"other_logs":null,"out_stock_days":0,"lost_sales":0,"has_location":null,"update_date":"2026-04-27T06:54:47","atum_locations":[],"atum_stock_status":"instock","restock_status":false,"low_stock_amount":"","sales_update_date":"2026-01-30T01:25:43","calc_backorders":null,"_links":{"self":[{"href":"https:\/\/aromasentia.com\/da\/wp-json\/wp\/v2\/product\/203036","targetHints":{"allow":["GET"]}}],"collection":[{"href":"https:\/\/aromasentia.com\/da\/wp-json\/wp\/v2\/product"}],"about":[{"href":"https:\/\/aromasentia.com\/da\/wp-json\/wp\/v2\/types\/product"}],"replies":[{"embeddable":true,"href":"https:\/\/aromasentia.com\/da\/wp-json\/wp\/v2\/comments?post=203036"}],"version-history":[{"count":0,"href":"https:\/\/aromasentia.com\/da\/wp-json\/wp\/v2\/product\/203036\/revisions"}],"wp:featuredmedia":[{"embeddable":true,"href":"https:\/\/aromasentia.com\/da\/wp-json\/wp\/v2\/media\/258904"}],"wp:attachment":[{"href":"https:\/\/aromasentia.com\/da\/wp-json\/wp\/v2\/media?parent=203036"}],"wp:term":[{"taxonomy":"product_brand","embeddable":true,"href":"https:\/\/aromasentia.com\/da\/wp-json\/wp\/v2\/product_brand?post=203036"},{"taxonomy":"product_cat","embeddable":true,"href":"https:\/\/aromasentia.com\/da\/wp-json\/wp\/v2\/product_cat?post=203036"},{"taxonomy":"product_tag","embeddable":true,"href":"https:\/\/aromasentia.com\/da\/wp-json\/wp\/v2\/product_tag?post=203036"}],"curies":[{"name":"wp","href":"https:\/\/api.w.org\/{rel}","templated":true}]}}